{"id":43106,"date":"2023-03-17T09:50:19","date_gmt":"2023-03-17T02:50:19","guid":{"rendered":"https:\/\/mouldking.store\/shop\/moc-factory-128524-vampire-dungeon-and-dragons-with-656-pieces\/"},"modified":"2025-12-16T22:25:08","modified_gmt":"2025-12-16T15:25:08","slug":"moc-factory-128524-vampire-dungeon-and-dragons-with-656-pieces","status":"publish","type":"product","link":"https:\/\/mouldking.store\/vi\/shop\/moc-factory-128524-vampire-dungeon-and-dragons-with-656-pieces\/","title":{"rendered":"MOC Factory 128524 H\u1ea7m ng\u1ee5c ma c\u00e0 r\u1ed3ng v\u00e0 r\u1ed3ng v\u1edbi 656 m\u1ea3nh gh\u00e9p"},"content":{"rendered":"<div>\u2705 MOC-128524 H\u1ea7m ng\u1ee5c ma c\u00e0 r\u1ed3ng v\u00e0 r\u1ed3ng<\/p>\n<p>\u2705\u201dDungeons &amp; Dragons\u201d (D&amp;D) l\u00e0 m\u1ed9t tr\u00f2 ch\u01a1i gi\u1ea3 t\u01b0\u1edfng tr\u00ean m\u00e1y t\u00ednh b\u1ea3ng \u0111\u00e3 c\u00f3 t\u1eeb nh\u1eefng n\u0103m 1970. Trong D&amp;D, ng\u01b0\u1eddi ch\u01a1i s\u1ebd \u0111\u00f3ng vai c\u00e1c anh h\u00f9ng trong m\u1ed9t th\u1ebf gi\u1edbi gi\u1ea3 t\u01b0\u1edfng, chi\u1ebfn \u0111\u1ea5u v\u1edbi qu\u00e1i v\u1eadt v\u00e0 ho\u00e0n th\u00e0nh c\u00e1c nhi\u1ec7m v\u1ee5. Tr\u00f2 ch\u01a1i th\u01b0\u1eddng li\u00ean quan \u0111\u1ebfn vi\u1ec7c tung x\u00fac x\u1eafc \u0111\u1ec3 x\u00e1c \u0111\u1ecbnh k\u1ebft qu\u1ea3 c\u1ee7a c\u00e1c h\u00e0nh \u0111\u1ed9ng v\u00e0 quy\u1ebft \u0111\u1ecbnh, \u0111\u1ed3ng th\u1eddi ng\u01b0\u1eddi ch\u01a1i s\u1eed d\u1ee5ng tr\u00ed t\u01b0\u1edfng t\u01b0\u1ee3ng c\u1ee7a m\u00ecnh \u0111\u1ec3 m\u00f4 t\u1ea3 h\u00e0nh \u0111\u1ed9ng v\u00e0 \u0111\u1ed1i tho\u1ea1i c\u1ee7a nh\u00e2n v\u1eadt.<\/p>\n<p>\ud83d\udeab QUAN TR\u1eccNG!<\/p>\n<p>T\u00ean s\u1ea3n ph\u1ea9m: H\u1ea7m ng\u1ee5c ma c\u00e0 r\u1ed3ng v\u00e0 r\u1ed3ng<\/p>\n<p>Th\u1ec3 lo\u1ea1i: Ng\u01b0\u1eddi s\u00e1ng t\u1ea1o<\/p>\n<p>B\u1ed9 n\u00e0y ch\u1ee9a: C9275<\/p>\n<p>656 vi\u00ean g\u1ea1ch ch\u1ea5t l\u01b0\u1ee3ng t\u1ed1t<\/p>\n<p>K\u00edch th\u01b0\u1edbc: 16 x 16 x 20 cm<\/p>\n<p>C\u00e2n n\u1eb7ng: 0,31kg<\/p>\n<p>H\u01b0\u1edbng d\u1eabn PDF<\/p>\n<p>\ud83d\udcccB\u1ea3n ch\u1ea5t c\u1ee7a nh\u00e2n v\u1eadt ch\u00ednh<\/p>\n<p>Xin gi\u1edbi thi\u1ec7u b\u1ed9 s\u01b0u t\u1eadp \u0111\u00e1ng t\u1ef1 h\u00e0o c\u1ee7a ch\u00fang t\u00f4i mang t\u00ean \u201cH\u1ea7m ng\u1ee5c ma c\u00e0 r\u1ed3ng v\u00e0 nh\u1eefng con r\u1ed3ng\u201d m\u00e0 b\u1ea1n kh\u00f4ng n\u00ean b\u1ecf l\u1ee1.<\/p>\n<p>\u201cVampire: The Masquerade\u201d l\u00e0 m\u1ed9t tr\u00f2 ch\u01a1i nh\u1eadp vai tr\u00ean m\u00e1y t\u00ednh b\u1ea3ng t\u1eadp trung v\u00e0o ma c\u00e0 r\u1ed3ng v\u00e0 c\u00e1c sinh v\u1eadt si\u00eau nhi\u00ean kh\u00e1c trong b\u1ed1i c\u1ea3nh th\u1eddi hi\u1ec7n \u0111\u1ea1i. Ng\u01b0\u1eddi ch\u01a1i \u0111\u1ea3m nh\u1eadn vai ma c\u00e0 r\u1ed3ng \u0111i\u1ec1u h\u01b0\u1edbng c\u00e1c c\u1ea5u tr\u00fac ch\u00ednh tr\u1ecb v\u00e0 x\u00e3 h\u1ed9i ph\u1ee9c t\u1ea1p trong khi c\u1ed1 g\u1eafng duy tr\u00ec s\u1ef1 t\u1ed3n t\u1ea1i b\u00ed m\u1eadt c\u1ee7a h\u1ecd kh\u1ecfi lo\u00e0i ng\u01b0\u1eddi. Tr\u00f2 ch\u01a1i \u0111\u01b0\u1ee3c bi\u1ebft \u0111\u1ebfn v\u1edbi c\u00e1c ch\u1ee7 \u0111\u1ec1 \u0111en t\u1ed1i v\u00e0 tr\u01b0\u1edfng th\u00e0nh, \u0111\u1ed3ng th\u1eddi th\u01b0\u1eddng li\u00ean quan \u0111\u1ebfn c\u00e1c v\u1ea5n \u0111\u1ec1 v\u1ec1 quy\u1ec1n l\u1ef1c, \u0111\u1ea1o \u0111\u1ee9c v\u00e0 danh t\u00ednh.<\/p><\/div>","protected":false},"excerpt":{"rendered":"<p>Th\u01b0\u01a1ng hi\u1ec7u: Nh\u00e0 m\u00e1y M\u1ed8C<br \/>\nGi\u1edbi t\u00ednh: Unisex<br \/>\n\u0110\u1ed9 tu\u1ed5i: &gt; 8 tu\u1ed5i<br \/>\nS\u1ed1 m\u00f4 h\u00ecnh: 128524<br \/>\nPh\u00e2n lo\u1ea1i: T\u1eadp h\u1ee3p<br \/>\nH\u00ecnh d\u1ea1ng kh\u1ed1i nh\u1ef1a: G\u1ea1ch t\u1ef1 kh\u00f3a<br \/>\nCh\u1ea5t li\u1ec7u: Nh\u1ef1a<br \/>\nLo\u1ea1i nh\u1ef1a: ABS<br \/>\nKh\u1ed1i g\u1ea1ch: 656 +<br \/>\nKh\u00f4ng c\u00f3 h\u1ed9p ban \u0111\u1ea7u<\/p>","protected":false},"featured_media":43103,"comment_status":"open","ping_status":"closed","template":"","meta":{"_acf_changed":false},"product_cat":[1365,371,581,1408],"product_tag":[11072,8452,11573,5768,9139,434,11572],"class_list":["product","first","instock","shipping-taxable","purchasable","product-type-simple"],"acf":[],"_links":{"self":[{"href":"https:\/\/mouldking.store\/vi\/wp-json\/wp\/v2\/product\/43106","targetHints":{"allow":["GET"]}}],"collection":[{"href":"https:\/\/mouldking.store\/vi\/wp-json\/wp\/v2\/product"}],"about":[{"href":"https:\/\/mouldking.store\/vi\/wp-json\/wp\/v2\/types\/product"}],"replies":[{"embeddable":true,"href":"https:\/\/mouldking.store\/vi\/wp-json\/wp\/v2\/comments?post=43106"}],"wp:featuredmedia":[{"embeddable":true,"href":"https:\/\/mouldking.store\/vi\/wp-json\/wp\/v2\/media\/43103"}],"wp:attachment":[{"href":"https:\/\/mouldking.store\/vi\/wp-json\/wp\/v2\/media?parent=43106"}],"wp:term":[{"taxonomy":"product_cat","embeddable":true,"href":"https:\/\/mouldking.store\/vi\/wp-json\/wp\/v2\/product_cat?post=43106"},{"taxonomy":"product_tag","embeddable":true,"href":"https:\/\/mouldking.store\/vi\/wp-json\/wp\/v2\/product_tag?post=43106"}],"curies":[{"name":"wp","href":"https:\/\/api.w.org\/{rel}","templated":true}]}}