{"id":43109,"date":"2023-03-17T09:59:54","date_gmt":"2023-03-17T02:59:54","guid":{"rendered":"https:\/\/mouldking.store\/shop\/moc-factory-89437-land-ahoy-ship-at-sea-with-2358-pieces\/"},"modified":"2025-12-16T22:25:08","modified_gmt":"2025-12-16T15:25:08","slug":"moc-factory-89437-land-ahoy-ship-at-sea-with-2358-pieces","status":"publish","type":"product","link":"https:\/\/mouldking.store\/vi\/shop\/moc-factory-89437-land-ahoy-ship-at-sea-with-2358-pieces\/","title":{"rendered":"Nh\u00e0 m\u00e1y MOC 89437 Land Ahoy T\u00e0u tr\u00ean bi\u1ec3n v\u1edbi 2358 m\u1ea3nh gh\u00e9p"},"content":{"rendered":"<div>\u2705 T\u00e0u MOC-89437 Land Ahoy tr\u00ean bi\u1ec3n<\/p>\n<p>\u2705Gi\u0103ng bu\u1ed3m v\u00e0o chi\u1ec1u s\u00e2u v\u00f4 t\u1eadn c\u1ee7a s\u1ef1 s\u00e1ng t\u1ea1o v\u1edbi Land Ahoy Ship at Sea - ki\u1ec7t t\u00e1c kh\u1ed1i x\u00e2y d\u1ef1ng cu\u1ed1i c\u00f9ng d\u00e0nh cho t\u1ea5t c\u1ea3 nh\u1eefng ng\u01b0\u1eddi \u0111am m\u00ea s\u00e1ng t\u1ea1o! \u0110\u01b0\u1ee3c ch\u1ebf t\u1ea1o v\u1edbi \u0111\u1ed9 ch\u00ednh x\u00e1c v\u00e0 ch\u00fa \u00fd \u0111\u1ebfn t\u1eebng chi ti\u1ebft, b\u1ed9 x\u1ebfp h\u00ecnh s\u00ea-ri thuy\u1ec1n bu\u1ed3m n\u00e0y s\u1ebd \u0111\u01b0a b\u1ea1n v\u00e0o m\u1ed9t cu\u1ed9c h\u00e0nh tr\u00ecnh ho\u00e0nh tr\u00e1ng qua v\u00f9ng n\u01b0\u1edbc \u0111\u1ee5c ng\u1ea7u khi b\u1ea1n \u0111\u00f3ng con t\u00e0u c\u1ee7a ri\u00eang m\u00ecnh gi\u1eefa khung c\u1ea3nh \u0111\u1ea1i d\u01b0\u01a1ng tuy\u1ec7t \u0111\u1eb9p. V\u1edbi m\u1ecdi chi ti\u1ebft \u0111\u01b0\u1ee3c thi\u1ebft k\u1ebf ho\u00e0n h\u1ea3o \u0111\u1ec3 kh\u1edbp li\u1ec1n m\u1ea1ch v\u1edbi nhau, h\u00e3y \u0111\u1ec3 tr\u00ed t\u01b0\u1edfng t\u01b0\u1ee3ng c\u1ee7a b\u1ea1n \u0111\u01b0\u1ee3c bay xa v\u00e0 bi\u1ebfn gi\u1ea5c m\u01a1 phi\u00eau l\u01b0u c\u1ee7a b\u1ea1n th\u00e0nh hi\u1ec7n th\u1ef1c ngay h\u00f4m nay!<\/p>\n<p>\ud83d\udeab QUAN TR\u1eccNG!<\/p>\n<p>T\u00ean s\u1ea3n ph\u1ea9m: Land Ahoy Ship tr\u00ean bi\u1ec3n<\/p>\n<p>Th\u1ec3 lo\u1ea1i: Ng\u01b0\u1eddi s\u00e1ng t\u1ea1o<\/p>\n<p>B\u1ed9 n\u00e0y ch\u1ee9a: C9281<\/p>\n<p>2358 chi\u1ebfc G\u1ea1ch ch\u1ea5t l\u01b0\u1ee3ng t\u1ed1t<\/p>\n<p>K\u00edch th\u01b0\u1edbc: 16 x 25 x 30 cm<\/p>\n<p>C\u00e2n n\u1eb7ng: 2,02kg<\/p>\n<p>H\u01b0\u1edbng d\u1eabn PDF<\/p>\n<p>\ud83d\udcccB\u1ea3n ch\u1ea5t c\u1ee7a nh\u00e2n v\u1eadt ch\u00ednh<\/p>\n<p>Xin gi\u1edbi thi\u1ec7u b\u1ed9 s\u01b0u t\u1eadp \u0111\u00e1ng t\u1ef1 h\u00e0o c\u1ee7a ch\u00fang t\u00f4i mang t\u00ean \u201cLand Ahoy Ship at Sea\u201d m\u00e0 b\u1ea1n kh\u00f4ng n\u00ean b\u1ecf l\u1ee1.<\/p>\n<p>Ra kh\u01a1i cho cu\u1ed9c phi\u00eau l\u01b0u v\u1edbi Land Ahoy Ship tr\u00ean bi\u1ec3n! V\u1edbi 2358 vi\u00ean g\u1ea1ch l\u00e0m b\u1eb1ng nh\u1ef1a ABS ch\u1ea5t l\u01b0\u1ee3ng cao, ki\u1ec7t t\u00e1c n\u00e0y c\u00f3 k\u00edch th\u01b0\u1edbc 16 x 25 x 30 cm v\u00e0 n\u1eb7ng 2,02 kg ch\u1eafc ch\u1eafn. Cho d\u00f9 b\u1ea1n l\u00e0 m\u1ed9t ng\u01b0\u1eddi \u0111am m\u00ea x\u00e2y d\u1ef1ng hay ch\u1ec9 \u0111\u01a1n gi\u1ea3n l\u00e0 t\u00ecm ki\u1ebfm m\u1ed9t th\u1eed th\u00e1ch m\u1edbi th\u00fa v\u1ecb, h\u00e3y \u0111\u1ec3 kh\u1ea3 n\u0103ng s\u00e1ng t\u1ea1o c\u1ee7a b\u1ea1n \u0111\u01b0\u1ee3c ph\u00e1t huy v\u1edbi tr\u1ea3i nghi\u1ec7m \u0111i bi\u1ec3n \u0111\u1ec9nh cao.<\/p><\/div>","protected":false},"excerpt":{"rendered":"<p>Th\u01b0\u01a1ng hi\u1ec7u: Nh\u00e0 m\u00e1y M\u1ed8C<br \/>\nGi\u1edbi t\u00ednh: Unisex<br \/>\n\u0110\u1ed9 tu\u1ed5i: &gt; 6 tu\u1ed5i<br \/>\nS\u1ed1 m\u00f4 h\u00ecnh: 89437<br \/>\nPh\u00e2n lo\u1ea1i: T\u1eadp h\u1ee3p<br \/>\nH\u00ecnh d\u1ea1ng kh\u1ed1i nh\u1ef1a: G\u1ea1ch t\u1ef1 kh\u00f3a<br \/>\nCh\u1ea5t li\u1ec7u: Nh\u1ef1a<br \/>\nLo\u1ea1i nh\u1ef1a: ABS<br \/>\nKh\u1ed1i g\u1ea1ch: 2358 +<br \/>\nKh\u00f4ng c\u00f3 h\u1ed9p ban \u0111\u1ea7u<\/p>","protected":false},"featured_media":43107,"comment_status":"open","ping_status":"closed","template":"","meta":{"_acf_changed":false},"product_cat":[1365,371],"product_tag":[11574,11072,8452,4706,9955,11575,304],"class_list":["product","first","instock","shipping-taxable","purchasable","product-type-simple"],"acf":[],"_links":{"self":[{"href":"https:\/\/mouldking.store\/vi\/wp-json\/wp\/v2\/product\/43109","targetHints":{"allow":["GET"]}}],"collection":[{"href":"https:\/\/mouldking.store\/vi\/wp-json\/wp\/v2\/product"}],"about":[{"href":"https:\/\/mouldking.store\/vi\/wp-json\/wp\/v2\/types\/product"}],"replies":[{"embeddable":true,"href":"https:\/\/mouldking.store\/vi\/wp-json\/wp\/v2\/comments?post=43109"}],"wp:featuredmedia":[{"embeddable":true,"href":"https:\/\/mouldking.store\/vi\/wp-json\/wp\/v2\/media\/43107"}],"wp:attachment":[{"href":"https:\/\/mouldking.store\/vi\/wp-json\/wp\/v2\/media?parent=43109"}],"wp:term":[{"taxonomy":"product_cat","embeddable":true,"href":"https:\/\/mouldking.store\/vi\/wp-json\/wp\/v2\/product_cat?post=43109"},{"taxonomy":"product_tag","embeddable":true,"href":"https:\/\/mouldking.store\/vi\/wp-json\/wp\/v2\/product_tag?post=43109"}],"curies":[{"name":"wp","href":"https:\/\/api.w.org\/{rel}","templated":true}]}}