{"id":43119,"date":"2023-03-17T10:08:18","date_gmt":"2023-03-17T03:08:18","guid":{"rendered":"https:\/\/mouldking.store\/shop\/moc-factory-128611-atlas-v-launchpad-with-3429-pieces\/"},"modified":"2025-12-16T22:25:08","modified_gmt":"2025-12-16T15:25:08","slug":"moc-factory-128611-atlas-v-launchpad-with-3429-pieces","status":"publish","type":"product","link":"https:\/\/mouldking.store\/vi\/shop\/moc-factory-128611-atlas-v-launchpad-with-3429-pieces\/","title":{"rendered":"MOC Factory 128611 B\u1ec7 ph\u00f3ng Atlas V v\u1edbi 3429 m\u1ea3nh gh\u00e9p"},"content":{"rendered":"<div>\u2705 B\u1ec7 ph\u00f3ng MOC-128611 Atlas V<\/p>\n<p>\u2705Atlas V Launchpad l\u00e0 m\u1ed9t \u0111\u1ecba \u0111i\u1ec3m ph\u00f3ng c\u1ee5 th\u1ec3 \u0111\u01b0\u1ee3c \u0111\u1eb7t t\u1ea1i Tr\u1ea1m L\u1ef1c l\u01b0\u1ee3ng V\u0169 tr\u1ee5 Cape Canaveral \u1edf Florida, Hoa K\u1ef3. N\u00f3 \u0111\u01b0\u1ee3c s\u1eed d\u1ee5ng \u0111\u1ec3 ph\u00f3ng t\u00ean l\u1eeda do United Launch Alliance (ULA) ch\u1ebf t\u1ea1o, m\u1ed9t li\u00ean doanh gi\u1eefa hai c\u00f4ng ty h\u00e0ng kh\u00f4ng v\u0169 tr\u1ee5 l\u1edbn c\u1ee7a M\u1ef9 l\u00e0 Boeing v\u00e0 Lockheed Martin.<\/p>\n<p>\ud83d\udeab QUAN TR\u1eccNG!<\/p>\n<p>T\u00ean s\u1ea3n ph\u1ea9m: B\u1ec7 ph\u00f3ng Atlas V<\/p>\n<p>Th\u1ec3 lo\u1ea1i: Kh\u00f4ng gian<\/p>\n<p>B\u1ed9 n\u00e0y ch\u1ee9a: C9303<\/p>\n<p>3429 chi\u1ebfc G\u1ea1ch ch\u1ea5t l\u01b0\u1ee3ng t\u1ed1t<\/p>\n<p>K\u00edch th\u01b0\u1edbc: 97 x 14,4 x 114,3 cm<\/p>\n<p>C\u00e2n n\u1eb7ng: 1,68kg<\/p>\n<p>H\u01b0\u1edbng d\u1eabn PDF<\/p>\n<p>\ud83d\udcccB\u1ea3n ch\u1ea5t c\u1ee7a nh\u00e2n v\u1eadt ch\u00ednh<\/p>\n<p>Xin gi\u1edbi thi\u1ec7u b\u1ed9 s\u01b0u t\u1eadp \u0111\u00e1ng t\u1ef1 h\u00e0o c\u1ee7a ch\u00fang t\u00f4i c\u00f3 t\u00ean \u201cAtlas V Launchpad\u201d m\u00e0 b\u1ea1n kh\u00f4ng n\u00ean b\u1ecf l\u1ee1.<\/p>\n<p>Atlas V l\u00e0 d\u00f2ng t\u00ean l\u1eeda do ULA ph\u00e1t tri\u1ec3n v\u00e0 v\u1eadn h\u00e0nh. Ch\u00fang \u0111\u01b0\u1ee3c s\u1eed d\u1ee5ng \u0111\u1ec3 ph\u00f3ng nhi\u1ec1u lo\u1ea1i tr\u1ecdng t\u1ea3i, bao g\u1ed3m c\u00e1c v\u1ec7 tinh qu\u00e2n s\u1ef1 v\u00e0 t\u00ecnh b\u00e1o, c\u00e1c nhi\u1ec7m v\u1ee5 khoa h\u1ecdc v\u00e0 c\u00e1c v\u1ec7 tinh li\u00ean l\u1ea1c th\u01b0\u01a1ng m\u1ea1i. B\u1ec7 ph\u00f3ng Atlas V \u0111\u01b0\u1ee3c thi\u1ebft k\u1ebf \u0111\u1eb7c bi\u1ec7t \u0111\u1ec3 h\u1ed7 tr\u1ee3 c\u00e1c y\u00eau c\u1ea7u \u0111\u1eb7c bi\u1ec7t c\u1ee7a d\u00f2ng t\u00ean l\u1eeda Atlas V. N\u00f3 bao g\u1ed3m c\u01a1 s\u1edf h\u1ea1 t\u1ea7ng chuy\u00ean d\u1ee5ng v\u00e0 c\u00e1c h\u1ec7 th\u1ed1ng h\u1ed7 tr\u1ee3, ch\u1eb3ng h\u1ea1n nh\u01b0 thi\u1ebft b\u1ecb ti\u1ebfp nhi\u00ean li\u1ec7u, gi\u00e0n ph\u00f3ng v\u00e0 thi\u1ebft b\u1ecb li\u00ean l\u1ea1c. B\u1ec7 ph\u00f3ng c\u0169ng \u0111\u01b0\u1ee3c trang b\u1ecb c\u00e1c h\u1ec7 th\u1ed1ng v\u00e0 quy tr\u00ecnh an to\u00e0n \u0111\u1ec3 \u0111\u1ea3m b\u1ea3o r\u1eb1ng vi\u1ec7c ph\u00f3ng \u0111\u01b0\u1ee3c ti\u1ebfn h\u00e0nh an to\u00e0n v\u00e0 \u0111\u00e1ng tin c\u1eady.<\/p><\/div>","protected":false},"excerpt":{"rendered":"<p>Th\u01b0\u01a1ng hi\u1ec7u: Nh\u00e0 m\u00e1y M\u1ed8C<br \/>\nGi\u1edbi t\u00ednh: Unisex<br \/>\n\u0110\u1ed9 tu\u1ed5i: &gt; 14 tu\u1ed5i<br \/>\nS\u1ed1 m\u00f4 h\u00ecnh: 128611<br \/>\nPh\u00e2n lo\u1ea1i: T\u1eadp h\u1ee3p<br \/>\nH\u00ecnh d\u1ea1ng kh\u1ed1i nh\u1ef1a: G\u1ea1ch t\u1ef1 kh\u00f3a<br \/>\nCh\u1ea5t li\u1ec7u: Nh\u1ef1a<br \/>\nLo\u1ea1i nh\u1ef1a: ABS<br \/>\nKh\u1ed1i g\u1ea1ch: 3429 +<br \/>\nKh\u00f4ng c\u00f3 h\u1ed9p ban \u0111\u1ea7u<\/p>","protected":false},"featured_media":43110,"comment_status":"open","ping_status":"closed","template":"","meta":{"_acf_changed":false},"product_cat":[1357,6016,364],"product_tag":[11559,11576,11577,2276,389],"class_list":["product","first","instock","shipping-taxable","purchasable","product-type-simple"],"acf":[],"_links":{"self":[{"href":"https:\/\/mouldking.store\/vi\/wp-json\/wp\/v2\/product\/43119","targetHints":{"allow":["GET"]}}],"collection":[{"href":"https:\/\/mouldking.store\/vi\/wp-json\/wp\/v2\/product"}],"about":[{"href":"https:\/\/mouldking.store\/vi\/wp-json\/wp\/v2\/types\/product"}],"replies":[{"embeddable":true,"href":"https:\/\/mouldking.store\/vi\/wp-json\/wp\/v2\/comments?post=43119"}],"wp:featuredmedia":[{"embeddable":true,"href":"https:\/\/mouldking.store\/vi\/wp-json\/wp\/v2\/media\/43110"}],"wp:attachment":[{"href":"https:\/\/mouldking.store\/vi\/wp-json\/wp\/v2\/media?parent=43119"}],"wp:term":[{"taxonomy":"product_cat","embeddable":true,"href":"https:\/\/mouldking.store\/vi\/wp-json\/wp\/v2\/product_cat?post=43119"},{"taxonomy":"product_tag","embeddable":true,"href":"https:\/\/mouldking.store\/vi\/wp-json\/wp\/v2\/product_tag?post=43119"}],"curies":[{"name":"wp","href":"https:\/\/api.w.org\/{rel}","templated":true}]}}