{"id":43130,"date":"2023-03-17T10:31:03","date_gmt":"2023-03-17T03:31:03","guid":{"rendered":"https:\/\/mouldking.store\/shop\/moc-factory-89436-alphabet-lore-lowercase-a-z-with-538-pieces\/"},"modified":"2025-12-16T22:25:08","modified_gmt":"2025-12-16T15:25:08","slug":"moc-factory-89436-alphabet-lore-lowercase-a-z-with-538-pieces","status":"publish","type":"product","link":"https:\/\/mouldking.store\/vi\/shop\/moc-factory-89436-alphabet-lore-lowercase-a-z-with-538-pieces\/","title":{"rendered":"MOC Factory 89436 B\u1ea3ng ch\u1eef c\u00e1i Lore Ch\u1eef th\u01b0\u1eddng AZ v\u1edbi 538 M\u1ea3nh gh\u00e9p"},"content":{"rendered":"<div>\u2705 MOC-89436 B\u1ea3ng ch\u1eef c\u00e1i Lore Ch\u1eef th\u01b0\u1eddng AZ<\/p>\n<p>\u2705M\u1edf kh\u00f3a s\u1ee9c m\u1ea1nh c\u1ee7a ng\u00f4n ng\u1eef v\u1edbi lo\u1ea1t kh\u1ed1i x\u00e2y d\u1ef1ng Alphabet Lore Lowercase AZ! V\u1edbi 538 vi\u00ean g\u1ea1ch v\u00e0 k\u00edch th\u01b0\u1edbc b\u00f3ng b\u1ea9y l\u00e0 5 x 5 x 5 cm, b\u1ed9 truy\u1ec1n thuy\u1ebft MOCAlphabet n\u00e0y ho\u00e0n h\u1ea3o cho b\u1ea5t k\u1ef3 ng\u01b0\u1eddi y\u00eau s\u00e1ng t\u1ea1o n\u00e0o.<\/p>\n<p>\ud83d\udeab QUAN TR\u1eccNG!<\/p>\n<p>T\u00ean s\u1ea3n ph\u1ea9m: B\u1ea3ng ch\u1eef c\u00e1i Lore Ch\u1eef th\u01b0\u1eddng AZ<\/p>\n<p>Th\u1ec3 lo\u1ea1i: Ng\u01b0\u1eddi s\u00e1ng t\u1ea1o<\/p>\n<p>B\u1ed9 n\u00e0y ch\u1ee9a: C9305<\/p>\n<p>538 chi\u1ebfc G\u1ea1ch ch\u1ea5t l\u01b0\u1ee3ng t\u1ed1t<\/p>\n<p>K\u00edch th\u01b0\u1edbc: 5 x 5 x 5cm<\/p>\n<p>C\u00e2n n\u1eb7ng: 0,29kg<\/p>\n<p>H\u01b0\u1edbng d\u1eabn PDF<\/p>\n<p>\ud83d\udcccB\u1ea3n ch\u1ea5t c\u1ee7a nh\u00e2n v\u1eadt ch\u00ednh<\/p>\n<p>Xin gi\u1edbi thi\u1ec7u b\u1ed9 s\u01b0u t\u1eadp \u0111\u00e1ng t\u1ef1 h\u00e0o c\u1ee7a ch\u00fang t\u00f4i mang t\u00ean \u201cAlphabet Lore Lowercase AZ\u201d m\u00e0 b\u1ea1n kh\u00f4ng n\u00ean b\u1ecf l\u1ee1.<\/p>\n<p>M\u1ed7i kh\u1ed1i \u0111\u01b0\u1ee3c ch\u1ebf t\u1ea1o tinh x\u1ea3o \u0111\u1ec3 t\u1ea1o ra m\u1ed9t b\u1ea3ng ch\u1eef c\u00e1i vi\u1ebft th\u01b0\u1eddng \u0111\u1eb9p m\u1eaft, t\u1eeb A \u0111\u1ebfn Z. Ch\u1ec9 n\u1eb7ng 0,29 kg, b\u1ea1n s\u1ebd ng\u1ea1c nhi\u00ean tr\u01b0\u1edbc kh\u1ea3 n\u0103ng v\u00f4 t\u1eadn m\u00e0 nh\u1eefng kh\u1ed1i n\u00e0y mang l\u1ea1i cho d\u1ef1 \u00e1n s\u00e1ng t\u1ea1o ti\u1ebfp theo c\u1ee7a b\u1ea1n. H\u00e3y s\u1eb5n s\u00e0ng \u0111\u1ec3 gi\u1ea3i ph\u00f3ng tr\u00ed t\u01b0\u1edfng t\u01b0\u1ee3ng c\u1ee7a b\u1ea1n v\u00e0 x\u00e2y d\u1ef1ng th\u1ee9 g\u00ec \u0111\u00f3 th\u1ef1c s\u1ef1 \u0111\u00e1ng ch\u00fa \u00fd v\u1edbi B\u1ea3ng ch\u1eef c\u00e1i Lore Ch\u1eef th\u01b0\u1eddng AZ!<\/p><\/div>","protected":false},"excerpt":{"rendered":"<p>Th\u01b0\u01a1ng hi\u1ec7u: Nh\u00e0 m\u00e1y M\u1ed8C<br \/>\nGi\u1edbi t\u00ednh: Unisex<br \/>\n\u0110\u1ed9 tu\u1ed5i: &gt; 6 tu\u1ed5i<br \/>\nS\u1ed1 m\u00f4 h\u00ecnh: 89436<br \/>\nPh\u00e2n lo\u1ea1i: T\u1eadp h\u1ee3p<br \/>\nH\u00ecnh d\u1ea1ng kh\u1ed1i nh\u1ef1a: G\u1ea1ch t\u1ef1 kh\u00f3a<br \/>\nCh\u1ea5t li\u1ec7u: Nh\u1ef1a<br \/>\nLo\u1ea1i nh\u1ef1a: ABS<br \/>\nKh\u1ed1i g\u1ea1ch: 538 +<br \/>\nKh\u00f4ng c\u00f3 h\u1ed9p ban \u0111\u1ea7u<\/p>","protected":false},"featured_media":43120,"comment_status":"open","ping_status":"closed","template":"","meta":{"_acf_changed":false},"product_cat":[1365,371],"product_tag":[10850,11072,8452,10852,11311],"class_list":["product","first","instock","shipping-taxable","purchasable","product-type-simple"],"acf":[],"_links":{"self":[{"href":"https:\/\/mouldking.store\/vi\/wp-json\/wp\/v2\/product\/43130","targetHints":{"allow":["GET"]}}],"collection":[{"href":"https:\/\/mouldking.store\/vi\/wp-json\/wp\/v2\/product"}],"about":[{"href":"https:\/\/mouldking.store\/vi\/wp-json\/wp\/v2\/types\/product"}],"replies":[{"embeddable":true,"href":"https:\/\/mouldking.store\/vi\/wp-json\/wp\/v2\/comments?post=43130"}],"wp:featuredmedia":[{"embeddable":true,"href":"https:\/\/mouldking.store\/vi\/wp-json\/wp\/v2\/media\/43120"}],"wp:attachment":[{"href":"https:\/\/mouldking.store\/vi\/wp-json\/wp\/v2\/media?parent=43130"}],"wp:term":[{"taxonomy":"product_cat","embeddable":true,"href":"https:\/\/mouldking.store\/vi\/wp-json\/wp\/v2\/product_cat?post=43130"},{"taxonomy":"product_tag","embeddable":true,"href":"https:\/\/mouldking.store\/vi\/wp-json\/wp\/v2\/product_tag?post=43130"}],"curies":[{"name":"wp","href":"https:\/\/api.w.org\/{rel}","templated":true}]}}