{"id":43150,"date":"2023-03-17T10:47:01","date_gmt":"2023-03-17T03:47:01","guid":{"rendered":"https:\/\/mouldking.store\/shop\/moc-factory-121937-the-expanse-donnager-class-with-1904-pieces\/"},"modified":"2025-12-16T22:25:08","modified_gmt":"2025-12-16T15:25:08","slug":"moc-factory-121937-the-expanse-donnager-class-with-1904-pieces","status":"publish","type":"product","link":"https:\/\/mouldking.store\/vi\/shop\/moc-factory-121937-the-expanse-donnager-class-with-1904-pieces\/","title":{"rendered":"MOC Factory 121937 L\u1edbp Expanse Donnager v\u1edbi 1904 M\u1ea3nh gh\u00e9p"},"content":{"rendered":"<div>\u2705 MOC-121937 L\u1edbp Expanse Donnager<\/p>\n<p>\u2705L\u1edbp Donnager l\u00e0 m\u1ed9t t\u00e0u chi\u1ebfn h\u01b0 c\u1ea5u trong b\u1ed9 phim truy\u1ec1n h\u00ecnh khoa h\u1ecdc vi\u1ec5n t\u01b0\u1edfng \u201cThe Expanse\u201d. N\u00f3 l\u00e0 m\u1ed9t lo\u1ea1i thi\u1ebft gi\u00e1p h\u1ea1m \u0111\u01b0\u1ee3c s\u1eed d\u1ee5ng b\u1edfi H\u1ea3i qu\u00e2n C\u1ed9ng h\u00f2a Qu\u1ed1c h\u1ed9i Sao H\u1ecfa (MCRN) v\u00e0 l\u00e0 t\u00e0u chi\u1ebfn ti\u00ean ti\u1ebfn nh\u1ea5t trong h\u1ea1m \u0111\u1ed9i MCRN.<\/p>\n<p>\ud83d\udeab QUAN TR\u1eccNG!<\/p>\n<p>T\u00ean s\u1ea3n ph\u1ea9m: Expanse Donnager-class<\/p>\n<p>Th\u1ec3 lo\u1ea1i: Kh\u00f4ng gian<\/p>\n<p>B\u1ed9 n\u00e0y ch\u1ee9a: C9365<\/p>\n<p>1904 chi\u1ebfc G\u1ea1ch ch\u1ea5t l\u01b0\u1ee3ng t\u1ed1t<\/p>\n<p>K\u00edch th\u01b0\u1edbc: 56 x 10 x 16 cm<\/p>\n<p>C\u00e2n n\u1eb7ng: 1,41kg<\/p>\n<p>H\u01b0\u1edbng d\u1eabn PDF<\/p>\n<p>\ud83d\udcccB\u1ea3n ch\u1ea5t c\u1ee7a nh\u00e2n v\u1eadt ch\u00ednh<\/p>\n<p>Gi\u1edbi thi\u1ec7u b\u1ed9 s\u01b0u t\u1eadp \u0111\u00e1ng t\u1ef1 h\u00e0o c\u1ee7a ch\u00fang t\u00f4i mang t\u00ean \u201c\u0110\u1eb3ng c\u1ea5p Donnager m\u1edf r\u1ed9ng\u201d m\u00e0 b\u1ea1n kh\u00f4ng n\u00ean b\u1ecf l\u1ee1.<\/p>\n<p>L\u1edbp Donnager \u0111\u01b0\u1ee3c trang b\u1ecb v\u0169 kh\u00ed v\u00e0 b\u1ecdc th\u00e9p h\u1ea1ng n\u1eb7ng, v\u1edbi th\u1ee7y th\u1ee7 \u0111o\u00e0n g\u1ed3m h\u01a1n 100 nh\u00e2n vi\u00ean H\u1ea3i qu\u00e2n sao H\u1ecfa. Con t\u00e0u \u0111\u01b0\u1ee3c trang b\u1ecb h\u1ec7 th\u1ed1ng v\u0169 kh\u00ed ti\u00ean ti\u1ebfn, bao g\u1ed3m s\u00fang \u0111i\u1ec7n t\u1eeb, b\u1ec7 ph\u00f3ng t\u00ean l\u1eeda v\u00e0 th\u00e1p ph\u00e1o ph\u00f2ng th\u1ee7 \u0111i\u1ec3m. N\u00f3 c\u0169ng c\u00f3 m\u1ed9t h\u1ec7 th\u1ed1ng truy\u1ec1n \u0111\u1ed9ng m\u1ea1nh m\u1ebd cho ph\u00e9p n\u00f3 di chuy\u1ec3n v\u1edbi t\u1ed1c \u0111\u1ed9 cao trong kh\u00f4ng gian.<\/p><\/div>","protected":false},"excerpt":{"rendered":"<p>Th\u01b0\u01a1ng hi\u1ec7u: Nh\u00e0 m\u00e1y M\u1ed8C<br \/>\nGi\u1edbi t\u00ednh: Unisex<br \/>\n\u0110\u1ed9 tu\u1ed5i: &gt; 14 tu\u1ed5i<br \/>\nS\u1ed1 m\u00f4 h\u00ecnh: 121937<br \/>\nPh\u00e2n lo\u1ea1i: T\u1eadp h\u1ee3p<br \/>\nH\u00ecnh d\u1ea1ng kh\u1ed1i nh\u1ef1a: G\u1ea1ch t\u1ef1 kh\u00f3a<br \/>\nCh\u1ea5t li\u1ec7u: Nh\u1ef1a<br \/>\nLo\u1ea1i nh\u1ef1a: ABS<br \/>\nKh\u1ed1i g\u1ea1ch: 1904 +<br \/>\nKh\u00f4ng c\u00f3 h\u1ed9p ban \u0111\u1ea7u<\/p>","protected":false},"featured_media":43142,"comment_status":"open","ping_status":"closed","template":"","meta":{"_acf_changed":false},"product_cat":[1357,6016,364],"product_tag":[11262,11578,11239,2276,389,11162],"class_list":["product","first","instock","shipping-taxable","purchasable","product-type-simple"],"acf":[],"_links":{"self":[{"href":"https:\/\/mouldking.store\/vi\/wp-json\/wp\/v2\/product\/43150","targetHints":{"allow":["GET"]}}],"collection":[{"href":"https:\/\/mouldking.store\/vi\/wp-json\/wp\/v2\/product"}],"about":[{"href":"https:\/\/mouldking.store\/vi\/wp-json\/wp\/v2\/types\/product"}],"replies":[{"embeddable":true,"href":"https:\/\/mouldking.store\/vi\/wp-json\/wp\/v2\/comments?post=43150"}],"wp:featuredmedia":[{"embeddable":true,"href":"https:\/\/mouldking.store\/vi\/wp-json\/wp\/v2\/media\/43142"}],"wp:attachment":[{"href":"https:\/\/mouldking.store\/vi\/wp-json\/wp\/v2\/media?parent=43150"}],"wp:term":[{"taxonomy":"product_cat","embeddable":true,"href":"https:\/\/mouldking.store\/vi\/wp-json\/wp\/v2\/product_cat?post=43150"},{"taxonomy":"product_tag","embeddable":true,"href":"https:\/\/mouldking.store\/vi\/wp-json\/wp\/v2\/product_tag?post=43150"}],"curies":[{"name":"wp","href":"https:\/\/api.w.org\/{rel}","templated":true}]}}