{"id":43161,"date":"2023-03-17T10:54:39","date_gmt":"2023-03-17T03:54:39","guid":{"rendered":"https:\/\/mouldking.store\/shop\/moc-factory-89434-high-on-life-gatlians-kenny-with-622-pieces\/"},"modified":"2025-12-16T22:25:08","modified_gmt":"2025-12-16T15:25:08","slug":"moc-factory-89434-high-on-life-gatlians-kenny-with-622-pieces","status":"publish","type":"product","link":"https:\/\/mouldking.store\/vi\/shop\/moc-factory-89434-high-on-life-gatlians-kenny-with-622-pieces\/","title":{"rendered":"MOC Factory 89434 High on Life Gatlians-Kenny with 622 Pieces"},"content":{"rendered":"<div>\u2705 MOC-89434 High on Life Gatlians-Kenny<\/p>\n<p>\u2705H\u00e3y s\u1eb5n s\u00e0ng \u0111\u01b0a kh\u1ea3 n\u0103ng s\u00e1ng t\u1ea1o c\u1ee7a b\u1ea1n l\u00ean m\u1ed9t t\u1ea7m cao m\u1edbi v\u1edbi b\u1ed9 kh\u1ed1i x\u00e2y d\u1ef1ng High on Life Gatlians-Kenny!&nbsp;<\/p>\n<p>\ud83d\udeab QUAN TR\u1eccNG!<\/p>\n<p>T\u00ean s\u1ea3n ph\u1ea9m: High on Life Gatlians-Kenny<\/p>\n<p>Th\u1ec3 lo\u1ea1i: Ng\u01b0\u1eddi s\u00e1ng t\u1ea1o<\/p>\n<p>B\u1ed9 n\u00e0y ch\u1ee9a: C9370<\/p>\n<p>622 chi\u1ebfc G\u1ea1ch ch\u1ea5t l\u01b0\u1ee3ng t\u1ed1t<\/p>\n<p>K\u00edch th\u01b0\u1edbc: 20 x 7,5 x 18,5cm<\/p>\n<p>C\u00e2n n\u1eb7ng: 0,43kg<\/p>\n<p>H\u01b0\u1edbng d\u1eabn PDF<\/p>\n<p>\ud83d\udcccB\u1ea3n ch\u1ea5t c\u1ee7a nh\u00e2n v\u1eadt ch\u00ednh<\/p>\n<p>Xin gi\u1edbi thi\u1ec7u b\u1ed9 s\u01b0u t\u1eadp \u0111\u00e1ng t\u1ef1 h\u00e0o c\u1ee7a ch\u00fang t\u00f4i c\u00f3 t\u00ean \u201cHigh on Life Gatlians-Kenny\u201d m\u00e0 b\u1ea1n kh\u00f4ng n\u00ean b\u1ecf l\u1ee1.<\/p>\n<p>V\u1edbi 622 vi\u00ean g\u1ea1ch v\u00e0 thi\u1ebft k\u1ebf b\u00f3ng b\u1ea9y c\u00f3 k\u00edch th\u01b0\u1edbc 20 x 7,5 x 18,5 cm, \u0111\u00e2y l\u00e0 gi\u1ea5c m\u01a1 tr\u1edf th\u00e0nh s\u1ef1 th\u1eadt c\u1ee7a nh\u1eefng ng\u01b0\u1eddi y\u00eau th\u00edch s\u00e1ng t\u1ea1o. V\u1edbi tr\u1ecdng l\u01b0\u1ee3ng ch\u1ec9 0,43 kg, b\u1ea1n c\u00f3 th\u1ec3 d\u1ec5 d\u00e0ng bi\u1ebfn ki\u1ec7t t\u00e1c c\u1ee7a m\u00ecnh th\u00e0nh hi\u1ec7n th\u1ef1c \u1edf b\u1ea5t c\u1ee9 \u0111\u00e2u. Gi\u1ea3i ph\u00f3ng tr\u00ed t\u01b0\u1edfng t\u01b0\u1ee3ng c\u1ee7a b\u1ea1n v\u00e0 x\u00e2y d\u1ef1ng m\u1ed9t th\u1ee9 g\u00ec \u0111\u00f3 th\u1ef1c s\u1ef1 ngo\u1ea1n m\u1ee5c v\u1edbi b\u1ed9 kh\u1ed1i x\u00e2y d\u1ef1ng b\u1eaft bu\u1ed9c ph\u1ea3i c\u00f3 n\u00e0y!<\/p><\/div>","protected":false},"excerpt":{"rendered":"<p>Th\u01b0\u01a1ng hi\u1ec7u: Nh\u00e0 m\u00e1y M\u1ed8C<br \/>\nGi\u1edbi t\u00ednh: Unisex<br \/>\n\u0110\u1ed9 tu\u1ed5i: &gt; 6 tu\u1ed5i<br \/>\nS\u1ed1 m\u00f4 h\u00ecnh: 89434<br \/>\nPh\u00e2n lo\u1ea1i: T\u1eadp h\u1ee3p<br \/>\nH\u00ecnh d\u1ea1ng kh\u1ed1i nh\u1ef1a: G\u1ea1ch t\u1ef1 kh\u00f3a<br \/>\nCh\u1ea5t li\u1ec7u: Nh\u1ef1a<br \/>\nLo\u1ea1i nh\u1ef1a: ABS<br \/>\nKh\u1ed1i g\u1ea1ch: 622 +<br \/>\nKh\u00f4ng c\u00f3 h\u1ed9p ban \u0111\u1ea7u<\/p>","protected":false},"featured_media":43151,"comment_status":"open","ping_status":"closed","template":"","meta":{"_acf_changed":false},"product_cat":[1365,371],"product_tag":[11072,8452,9139,11580,11579,11581],"class_list":["product","first","instock","shipping-taxable","purchasable","product-type-simple"],"acf":[],"_links":{"self":[{"href":"https:\/\/mouldking.store\/vi\/wp-json\/wp\/v2\/product\/43161","targetHints":{"allow":["GET"]}}],"collection":[{"href":"https:\/\/mouldking.store\/vi\/wp-json\/wp\/v2\/product"}],"about":[{"href":"https:\/\/mouldking.store\/vi\/wp-json\/wp\/v2\/types\/product"}],"replies":[{"embeddable":true,"href":"https:\/\/mouldking.store\/vi\/wp-json\/wp\/v2\/comments?post=43161"}],"wp:featuredmedia":[{"embeddable":true,"href":"https:\/\/mouldking.store\/vi\/wp-json\/wp\/v2\/media\/43151"}],"wp:attachment":[{"href":"https:\/\/mouldking.store\/vi\/wp-json\/wp\/v2\/media?parent=43161"}],"wp:term":[{"taxonomy":"product_cat","embeddable":true,"href":"https:\/\/mouldking.store\/vi\/wp-json\/wp\/v2\/product_cat?post=43161"},{"taxonomy":"product_tag","embeddable":true,"href":"https:\/\/mouldking.store\/vi\/wp-json\/wp\/v2\/product_tag?post=43161"}],"curies":[{"name":"wp","href":"https:\/\/api.w.org\/{rel}","templated":true}]}}