{"id":43181,"date":"2023-03-17T11:06:32","date_gmt":"2023-03-17T04:06:32","guid":{"rendered":"https:\/\/mouldking.store\/shop\/moc-factory-89432-the-last-of-us-clickers-with-442-pieces\/"},"modified":"2025-12-16T22:25:07","modified_gmt":"2025-12-16T15:25:07","slug":"moc-factory-89432-the-last-of-us-clickers-with-442-pieces","status":"publish","type":"product","link":"https:\/\/mouldking.store\/vi\/shop\/moc-factory-89432-the-last-of-us-clickers-with-442-pieces\/","title":{"rendered":"MOC Factory 89432 The Last of Us Clickers v\u1edbi 442 m\u1ea3nh gh\u00e9p"},"content":{"rendered":"<div>\u2705 MOC-89432 Ng\u01b0\u1eddi nh\u1ea5p chu\u1ed9t cu\u1ed1i c\u00f9ng c\u1ee7a ch\u00fang t\u00f4i<\/p>\n<p>\u2705The Clickers l\u00e0 m\u1ed9t lo\u1ea1i ng\u01b0\u1eddi h\u01b0 c\u1ea5u b\u1ecb nhi\u1ec5m b\u1ec7nh trong tr\u00f2 ch\u01a1i \u0111i\u1ec7n t\u1eed h\u1eadu t\u1eadn th\u1ebf \u201cThe Last of Us\u201d. Ch\u00fang l\u00e0 m\u1ed9t trong nh\u1eefng k\u1ebb th\u00f9 nguy hi\u1ec3m v\u00e0 \u0111\u00e1ng s\u1ee3 nh\u1ea5t trong tr\u00f2 ch\u01a1i v\u00e0 \u0111\u01b0\u1ee3c bi\u1ebft \u0111\u1ebfn v\u1edbi \u00e2m thanh nh\u1ea5p chu\u1ed9t \u0111\u1eb7c bi\u1ec7t.<\/p>\n<p>\ud83d\udeab QUAN TR\u1eccNG!<\/p>\n<p>T\u00ean s\u1ea3n ph\u1ea9m: The Last of Us Clickers<\/p>\n<p>Th\u1ec3 lo\u1ea1i: Ng\u01b0\u1eddi s\u00e1ng t\u1ea1o<\/p>\n<p>B\u1ed9 n\u00e0y ch\u1ee9a: C9376<\/p>\n<p>442 chi\u1ebfc G\u1ea1ch ch\u1ea5t l\u01b0\u1ee3ng t\u1ed1t<\/p>\n<p>K\u00edch th\u01b0\u1edbc: 19.3 x 9.3 x 29.6cm<\/p>\n<p>C\u00e2n n\u1eb7ng: 0,22kg<\/p>\n<p>H\u01b0\u1edbng d\u1eabn PDF<\/p>\n<p>\ud83d\udcccB\u1ea3n ch\u1ea5t c\u1ee7a nh\u00e2n v\u1eadt ch\u00ednh<\/p>\n<p>Xin gi\u1edbi thi\u1ec7u b\u1ed9 s\u01b0u t\u1eadp \u0111\u00e1ng t\u1ef1 h\u00e0o c\u1ee7a ch\u00fang t\u00f4i c\u00f3 t\u00ean \u201cThe Last of Us Clickers\u201d m\u00e0 b\u1ea1n kh\u00f4ng n\u00ean b\u1ecf l\u1ee1.<\/p>\n<p>Clicker l\u00e0 nh\u1eefng ng\u01b0\u1eddi \u0111\u00e3 b\u1ecb nhi\u1ec5m m\u1ed9t ch\u1ee7ng n\u1ea5m Cordyceps \u0111\u1ed9t bi\u1ebfn \u0111\u00e3 chi\u1ebfm l\u1ea5y n\u00e3o c\u1ee7a h\u1ecd, khi\u1ebfn h\u1ecd m\u1ea5t th\u1ecb gi\u00e1c v\u00e0 d\u1ef1a v\u00e0o kh\u1ea3 n\u0103ng \u0111\u1ecbnh v\u1ecb b\u1eb1ng ti\u1ebfng vang \u0111\u1ec3 \u0111i\u1ec1u h\u01b0\u1edbng v\u00e0 x\u00e1c \u0111\u1ecbnh v\u1ecb tr\u00ed con m\u1ed3i. Ch\u00fang c\u0169ng \u0111\u01b0\u1ee3c bao ph\u1ee7 b\u1edfi s\u1ef1 ph\u00e1t tri\u1ec3n c\u1ee7a n\u1ea5m, gi\u1ed1ng nh\u01b0 \u00e1o gi\u00e1p v\u00e0 khi\u1ebfn ch\u00fang kh\u00f3 b\u1ecb ti\u00eau di\u1ec7t. Trong tr\u00f2 ch\u01a1i, Clickers c\u1ef1c k\u1ef3 nguy hi\u1ec3m v\u00e0 c\u00f3 th\u1ec3 gi\u1ebft ch\u1ebft nh\u00e2n v\u1eadt c\u1ee7a ng\u01b0\u1eddi ch\u01a1i, Joel ho\u1eb7c Ellie, ch\u1ec9 b\u1eb1ng m\u1ed9t \u0111\u00f2n t\u1ea5n c\u00f4ng. Ch\u00fang b\u1ecb thu h\u00fat b\u1edfi \u00e2m thanh v\u00e0 s\u1ebd t\u1ea5n c\u00f4ng b\u1ea5t c\u1ee9 th\u1ee9 g\u00ec g\u00e2y ra ti\u1ebfng \u1ed3n, k\u1ec3 c\u1ea3 ng\u01b0\u1eddi ch\u01a1i. C\u00e1ch duy nh\u1ea5t \u0111\u1ec3 ti\u00eau di\u1ec7t Clicker l\u00e0 s\u1eed d\u1ee5ng chi\u1ebfn thu\u1eadt l\u00e9n l\u00fat ho\u1eb7c b\u1eafn \u0111\u00fang v\u1ecb tr\u00ed v\u00e0o ch\u1ed7 m\u1ecdc n\u1ea5m l\u1ed9 ra ngo\u00e0i c\u1ee7a ch\u00fang.<\/p><\/div>","protected":false},"excerpt":{"rendered":"<p>Th\u01b0\u01a1ng hi\u1ec7u: Nh\u00e0 m\u00e1y M\u1ed8C<br \/>\nGi\u1edbi t\u00ednh: Unisex<br \/>\n\u0110\u1ed9 tu\u1ed5i: &gt; 6 tu\u1ed5i<br \/>\nS\u1ed1 m\u00f4 h\u00ecnh: 89432<br \/>\nPh\u00e2n lo\u1ea1i: T\u1eadp h\u1ee3p<br \/>\nH\u00ecnh d\u1ea1ng kh\u1ed1i nh\u1ef1a: G\u1ea1ch t\u1ef1 kh\u00f3a<br \/>\nCh\u1ea5t li\u1ec7u: Nh\u1ef1a<br \/>\nLo\u1ea1i nh\u1ef1a: ABS<br \/>\nKh\u1ed1i g\u1ea1ch: 442 +<br \/>\nKh\u00f4ng c\u00f3 h\u1ed9p ban \u0111\u1ea7u<\/p>","protected":false},"featured_media":43171,"comment_status":"open","ping_status":"closed","template":"","meta":{"_acf_changed":false},"product_cat":[1365,371],"product_tag":[11582,11072,8452,9139],"class_list":["product","first","instock","shipping-taxable","purchasable","product-type-simple"],"acf":[],"_links":{"self":[{"href":"https:\/\/mouldking.store\/vi\/wp-json\/wp\/v2\/product\/43181","targetHints":{"allow":["GET"]}}],"collection":[{"href":"https:\/\/mouldking.store\/vi\/wp-json\/wp\/v2\/product"}],"about":[{"href":"https:\/\/mouldking.store\/vi\/wp-json\/wp\/v2\/types\/product"}],"replies":[{"embeddable":true,"href":"https:\/\/mouldking.store\/vi\/wp-json\/wp\/v2\/comments?post=43181"}],"wp:featuredmedia":[{"embeddable":true,"href":"https:\/\/mouldking.store\/vi\/wp-json\/wp\/v2\/media\/43171"}],"wp:attachment":[{"href":"https:\/\/mouldking.store\/vi\/wp-json\/wp\/v2\/media?parent=43181"}],"wp:term":[{"taxonomy":"product_cat","embeddable":true,"href":"https:\/\/mouldking.store\/vi\/wp-json\/wp\/v2\/product_cat?post=43181"},{"taxonomy":"product_tag","embeddable":true,"href":"https:\/\/mouldking.store\/vi\/wp-json\/wp\/v2\/product_tag?post=43181"}],"curies":[{"name":"wp","href":"https:\/\/api.w.org\/{rel}","templated":true}]}}