{"id":43191,"date":"2023-03-17T11:12:36","date_gmt":"2023-03-17T04:12:36","guid":{"rendered":"https:\/\/mouldking.store\/shop\/moc-factory-136302-mass-effect-2-normandy-sr-2-with-3895-pieces\/"},"modified":"2025-12-16T22:25:07","modified_gmt":"2025-12-16T15:25:07","slug":"moc-factory-136302-mass-effect-2-normandy-sr-2-with-3895-pieces","status":"publish","type":"product","link":"https:\/\/mouldking.store\/vi\/shop\/moc-factory-136302-mass-effect-2-normandy-sr-2-with-3895-pieces\/","title":{"rendered":"MOC Factory 136302 Mass Effect 2 Normandy SR-2 with 3895 Pieces"},"content":{"rendered":"<div>\u2705 MOC-136302 Mass Effect 2 Normandy SR-2<\/p>\n<\/div>\n<div>\u2705 Normandy SR-2 l\u00e0 phi thuy\u1ec1n h\u01b0 c\u1ea5u trong tr\u00f2 ch\u01a1i \u0111i\u1ec7n t\u1eed khoa h\u1ecdc vi\u1ec5n t\u01b0\u1edfng \u201cMass Effect 2\u201d. N\u00f3 \u0111\u00f3ng vai tr\u00f2 l\u00e0 v\u1eadt ch\u1ee9a ch\u00ednh c\u1ee7a nh\u00e2n v\u1eadt c\u1ee7a ng\u01b0\u1eddi ch\u01a1i, Ch\u1ec9 huy Shepard v\u00e0 nh\u00f3m c\u1ee7a anh \u1ea5y\/c\u00f4 \u1ea5y khi h\u1ecd \u0111i kh\u1eafp thi\u00ean h\u00e0 trong c\u00e1c nhi\u1ec7m v\u1ee5 kh\u00e1c nhau.<\/p>\n<\/div>\n<div>\ud83d\udeab QUAN TR\u1eccNG!<\/p>\n<p>T\u00ean s\u1ea3n ph\u1ea9m: Mass Effect 2 Normandy SR-2<\/p>\n<p>Th\u1ec3 lo\u1ea1i: Kh\u00f4ng gian<\/p>\n<p>B\u1ed9 n\u00e0y ch\u1ee9a: C9383<\/p>\n<p>3895 chi\u1ebfc G\u1ea1ch ch\u1ea5t l\u01b0\u1ee3ng t\u1ed1t<\/p>\n<p>K\u00edch th\u01b0\u1edbc: 112 x 51 x 24 cm<\/p>\n<p>C\u00e2n n\u1eb7ng: 3,72kg<\/p>\n<p>H\u01b0\u1edbng d\u1eabn PDF<\/p>\n<p>\ud83d\udcccB\u1ea3n ch\u1ea5t c\u1ee7a nh\u00e2n v\u1eadt ch\u00ednh<\/p>\n<p>Xin gi\u1edbi thi\u1ec7u b\u1ed9 s\u01b0u t\u1eadp \u0111\u00e1ng t\u1ef1 h\u00e0o c\u1ee7a ch\u00fang t\u00f4i mang t\u00ean \u201cMass Effect 2 Normandy SR-2\u201d m\u00e0 b\u1ea1n kh\u00f4ng n\u00ean b\u1ecf l\u1ee1.<\/p>\n<p>Normandy SR-2 l\u00e0 phi\u00ean b\u1ea3n n\u00e2ng c\u1ea5p c\u1ee7a Normandy SR-1 ban \u0111\u1ea7u, \u0111\u00e3 b\u1ecb ph\u00e1 h\u1ee7y trong c\u00e1c s\u1ef1 ki\u1ec7n c\u1ee7a tr\u00f2 ch\u01a1i \u201cMass Effect\u201d \u0111\u1ea7u ti\u00ean. SR-2 l\u1edbn h\u01a1n v\u00e0 \u0111\u01b0\u1ee3c trang b\u1ecb v\u0169 kh\u00ed m\u1ea1nh h\u01a1n so v\u1edbi ng\u01b0\u1eddi ti\u1ec1n nhi\u1ec7m c\u1ee7a n\u00f3, \u0111\u1ed3ng th\u1eddi \u0111\u01b0\u1ee3c trang b\u1ecb c\u00f4ng ngh\u1ec7 t\u00e0ng h\u00ecnh ti\u00ean ti\u1ebfn cho ph\u00e9p n\u00f3 tr\u00e1nh b\u1ecb t\u00e0u \u0111\u1ecbch ph\u00e1t hi\u1ec7n. Trong tr\u00f2 ch\u01a1i, Normandy SR-2 \u0111\u00f3ng vai tr\u00f2 l\u00e0 trung t\u00e2m ho\u1ea1t \u0111\u1ed9ng c\u1ee7a Ch\u1ec9 huy Shepard v\u00e0 nh\u00f3m c\u1ee7a anh \u1ea5y\/c\u00f4 \u1ea5y. N\u00f3 ch\u1ee9a nhi\u1ec1u c\u01a1 s\u1edf v\u00e0 t\u00e0i nguy\u00ean kh\u00e1c nhau, bao g\u1ed3m m\u1ed9t c\u00e2y c\u1ea7u, t\u1ee7 ch\u1ee9a v\u0169 kh\u00ed, khoang k\u1ef9 thu\u1eadt, khoang y t\u1ebf v\u00e0 khoang t\u00e0u con thoi. Con t\u00e0u c\u0169ng \u0111\u01b0\u1ee3c trang b\u1ecb h\u1ec7 th\u1ed1ng AI c\u00f3 t\u00ean EDI, cung c\u1ea5p h\u1ed7 tr\u1ee3 h\u1eadu c\u1ea7n v\u00e0 cung c\u1ea5p th\u00f4ng tin cho th\u1ee7y th\u1ee7 \u0111o\u00e0n.<\/p><\/div>","protected":false},"excerpt":{"rendered":"<p>Th\u01b0\u01a1ng hi\u1ec7u: Nh\u00e0 m\u00e1y M\u1ed8C<br \/>\nGi\u1edbi t\u00ednh: Unisex<br \/>\n\u0110\u1ed9 tu\u1ed5i: &gt; 12 tu\u1ed5i<br \/>\nS\u1ed1 m\u00f4 h\u00ecnh: 136302<br \/>\nPh\u00e2n lo\u1ea1i: T\u1eadp h\u1ee3p<br \/>\nH\u00ecnh d\u1ea1ng kh\u1ed1i nh\u1ef1a: G\u1ea1ch t\u1ef1 kh\u00f3a<br \/>\nCh\u1ea5t li\u1ec7u: Nh\u1ef1a<br \/>\nLo\u1ea1i nh\u1ef1a: ABS<br \/>\nKh\u1ed1i g\u1ea1ch: 3895 +<br \/>\nKh\u00f4ng c\u00f3 h\u1ed9p ban \u0111\u1ea7u<\/p>","protected":false},"featured_media":43183,"comment_status":"open","ping_status":"closed","template":"","meta":{"_acf_changed":false},"product_cat":[1357,6016,364],"product_tag":[6559,6561,2276,389],"class_list":["product","first","instock","shipping-taxable","purchasable","product-type-simple"],"acf":[],"_links":{"self":[{"href":"https:\/\/mouldking.store\/vi\/wp-json\/wp\/v2\/product\/43191","targetHints":{"allow":["GET"]}}],"collection":[{"href":"https:\/\/mouldking.store\/vi\/wp-json\/wp\/v2\/product"}],"about":[{"href":"https:\/\/mouldking.store\/vi\/wp-json\/wp\/v2\/types\/product"}],"replies":[{"embeddable":true,"href":"https:\/\/mouldking.store\/vi\/wp-json\/wp\/v2\/comments?post=43191"}],"wp:featuredmedia":[{"embeddable":true,"href":"https:\/\/mouldking.store\/vi\/wp-json\/wp\/v2\/media\/43183"}],"wp:attachment":[{"href":"https:\/\/mouldking.store\/vi\/wp-json\/wp\/v2\/media?parent=43191"}],"wp:term":[{"taxonomy":"product_cat","embeddable":true,"href":"https:\/\/mouldking.store\/vi\/wp-json\/wp\/v2\/product_cat?post=43191"},{"taxonomy":"product_tag","embeddable":true,"href":"https:\/\/mouldking.store\/vi\/wp-json\/wp\/v2\/product_tag?post=43191"}],"curies":[{"name":"wp","href":"https:\/\/api.w.org\/{rel}","templated":true}]}}