{"id":43205,"date":"2023-03-17T11:38:45","date_gmt":"2023-03-17T04:38:45","guid":{"rendered":"https:\/\/mouldking.store\/shop\/sembo-ab0004-yu-gi-oh-blue-eyes-white-dragon-with-2000-pieces\/"},"modified":"2023-03-17T11:38:45","modified_gmt":"2023-03-17T04:38:45","slug":"sembo-ab0004-yu-gi-oh-blue-eyes-white-dragon-with-2000-pieces","status":"publish","type":"product","link":"https:\/\/mouldking.store\/vi\/shop\/sembo-ab0004-yu-gi-oh-blue-eyes-white-dragon-with-2000-pieces\/","title":{"rendered":"SEMBO AB0004 Yu-Gi-Oh: R\u1ed3ng tr\u1eafng m\u1eaft xanh v\u1edbi 2000 m\u1ea3nh gh\u00e9p"},"content":{"rendered":"<div>\u2705 SEMBO AB0004 Yu-Gi-Oh: R\u1ed3ng tr\u1eafng m\u1eaft xanh<br \/>&nbsp;<br \/>\u2705\u201dR\u1ed3ng tr\u1eafng m\u1eaft xanh\u201d l\u00e0 m\u1ed9t qu\u00e2n b\u00e0i trong tr\u00f2 ch\u01a1i b\u00e0i \u0111\u00e1nh b\u00e0i v\u00e0 s\u00ea-ri phim ho\u1ea1t h\u00ecnh \u201cYu-Gi-Oh!\u201d. N\u00f3 l\u00e0 m\u1ed9t trong nh\u1eefng l\u00e1 b\u00e0i mang t\u00ednh bi\u1ec3u t\u01b0\u1ee3ng v\u00e0 d\u1ec5 nh\u1eadn bi\u1ebft nh\u1ea5t trong tr\u00f2 ch\u01a1i, v\u00e0 th\u01b0\u1eddng \u0111\u01b0\u1ee3c li\u00ean k\u1ebft v\u1edbi nh\u00e2n v\u1eadt ch\u00ednh c\u1ee7a b\u1ed9 truy\u1ec7n, Yugi Moto.<br \/>&nbsp;<br \/>\ud83d\udeab QUAN TR\u1eccNG!&nbsp;<br \/>&nbsp;<br \/>T\u00ean s\u1ea3n ph\u1ea9m: Yu-Gi-Oh: R\u1ed3ng tr\u1eafng m\u1eaft xanh<br \/>&nbsp;<br \/>Th\u1ec3 lo\u1ea1i: Ng\u01b0\u1eddi s\u00e1ng t\u1ea1o&nbsp;<br \/>&nbsp;<br \/>B\u1ed9 n\u00e0y ch\u1ee9a: SEMBO AB0004<br \/>&nbsp;<br \/>2000 vi\u00ean g\u1ea1ch ch\u1ea5t l\u01b0\u1ee3ng t\u1ed1t&nbsp;<br \/>&nbsp;<br \/>K\u00edch th\u01b0\u1edbc: 51,2 \u00d7 38,4 \u00d7 28,8 cm<br \/>&nbsp;<br \/>H\u01b0\u1edbng d\u1eabn th\u1ee7 c\u00f4ng&nbsp;<br \/>&nbsp;<br \/>\ud83d\udcccB\u1ea3n ch\u1ea5t c\u1ee7a nh\u00e2n v\u1eadt ch\u00ednh&nbsp;<br \/>&nbsp;<br \/>Xin gi\u1edbi thi\u1ec7u b\u1ed9 s\u01b0u t\u1eadp \u0111\u00e1ng t\u1ef1 h\u00e0o c\u1ee7a ch\u00fang t\u00f4i mang t\u00ean \u201cYu-Gi-Oh: Blue-Eyes White Dragon\u201d m\u00e0 b\u1ea1n kh\u00f4ng n\u00ean b\u1ecf l\u1ee1.&nbsp;<br \/>&nbsp;<br \/>Blue-Eyes White Dragon l\u00e0 m\u1ed9t lo\u1ea1i qu\u00e1i v\u1eadt r\u1ed3ng m\u1ea1nh m\u1ebd v\u1edbi 3000 \u0111i\u1ec3m t\u1ea5n c\u00f4ng v\u00e0 2500 \u0111i\u1ec3m ph\u00f2ng th\u1ee7, khi\u1ebfn n\u00f3 tr\u1edf th\u00e0nh m\u1ed9t trong nh\u1eefng qu\u00e1i v\u1eadt m\u1ea1nh nh\u1ea5t trong tr\u00f2 ch\u01a1i. N\u00f3 c\u0169ng \u0111\u00e1ng ch\u00fa \u00fd v\u00ec v\u1ebb ngo\u00e0i n\u1ed5i b\u1eadt, c\u00f3 v\u1ea3y m\u00e0u xanh, \u0111\u00f4i c\u00e1nh tr\u1eafng v\u00e0 \u0111\u00f4i m\u1eaft xanh xuy\u00ean th\u1ea5u. Trong Yu-Gi-Oh! trong s\u00ea-ri anime, R\u1ed3ng tr\u1eafng m\u1eaft xanh l\u00e0 m\u1ed9t trong nh\u1eefng l\u00e1 b\u00e0i \u0111\u1eb7c tr\u01b0ng c\u1ee7a Seto Kaiba, \u0111\u1ed1i th\u1ee7 v\u00e0 \u0111\u00f4i khi l\u00e0 \u0111\u1ed3ng minh c\u1ee7a Yugi Moto. Kaiba b\u1ecb \u00e1m \u1ea3nh b\u1edfi R\u1ed3ng tr\u1eafng m\u1eaft xanh v\u00e0 b\u1ed9 b\u00e0i c\u1ee7a anh ta th\u01b0\u1eddng bao g\u1ed3m nhi\u1ec1u b\u1ea3n sao c\u1ee7a l\u00e1 b\u00e0i.<\/div>","protected":false},"excerpt":{"rendered":"<p>Th\u01b0\u01a1ng hi\u1ec7u: SEMBO<br \/>\nGi\u1edbi t\u00ednh: Unisex<br \/>\n\u0110\u1ed9 tu\u1ed5i: &gt; 6 tu\u1ed5i<br \/>\nS\u1ed1 m\u00f4 h\u00ecnh: AB0004<br \/>\nPh\u00e2n lo\u1ea1i: T\u1eadp h\u1ee3p<br \/>\nH\u00ecnh d\u1ea1ng kh\u1ed1i nh\u1ef1a: G\u1ea1ch t\u1ef1 kh\u00f3a<br \/>\nCh\u1ea5t li\u1ec7u: Nh\u1ef1a<br \/>\nLo\u1ea1i nh\u1ef1a: ABS<br \/>\nKh\u1ed1i g\u1ea1ch: 2000 +<br \/>\nKh\u00f4ng c\u00f3 h\u1ed9p ban \u0111\u1ea7u<\/p>","protected":false},"featured_media":43200,"comment_status":"open","ping_status":"closed","template":"","meta":{"_acf_changed":false},"product_cat":[1365,371],"product_tag":[11587,11072,8452,1771,1461,11586],"class_list":["product","first","instock","shipping-taxable","purchasable","product-type-simple"],"acf":[],"_links":{"self":[{"href":"https:\/\/mouldking.store\/vi\/wp-json\/wp\/v2\/product\/43205","targetHints":{"allow":["GET"]}}],"collection":[{"href":"https:\/\/mouldking.store\/vi\/wp-json\/wp\/v2\/product"}],"about":[{"href":"https:\/\/mouldking.store\/vi\/wp-json\/wp\/v2\/types\/product"}],"replies":[{"embeddable":true,"href":"https:\/\/mouldking.store\/vi\/wp-json\/wp\/v2\/comments?post=43205"}],"wp:featuredmedia":[{"embeddable":true,"href":"https:\/\/mouldking.store\/vi\/wp-json\/wp\/v2\/media\/43200"}],"wp:attachment":[{"href":"https:\/\/mouldking.store\/vi\/wp-json\/wp\/v2\/media?parent=43205"}],"wp:term":[{"taxonomy":"product_cat","embeddable":true,"href":"https:\/\/mouldking.store\/vi\/wp-json\/wp\/v2\/product_cat?post=43205"},{"taxonomy":"product_tag","embeddable":true,"href":"https:\/\/mouldking.store\/vi\/wp-json\/wp\/v2\/product_tag?post=43205"}],"curies":[{"name":"wp","href":"https:\/\/api.w.org\/{rel}","templated":true}]}}