{"id":43211,"date":"2023-03-17T11:46:36","date_gmt":"2023-03-17T04:46:36","guid":{"rendered":"https:\/\/mouldking.store\/shop\/lw-411-minecraft-tree-house-with-706-pieces\/"},"modified":"2023-03-17T11:46:36","modified_gmt":"2023-03-17T04:46:36","slug":"lw-411-minecraft-tree-house-with-706-pieces","status":"publish","type":"product","link":"https:\/\/mouldking.store\/vi\/shop\/lw-411-minecraft-tree-house-with-706-pieces\/","title":{"rendered":"Ng\u00f4i Nh\u00e0 Tr\u00ean C\u00e2y Minecraft LW 411 V\u1edbi 706 M\u1ea3nh Gh\u00e9p"},"content":{"rendered":"<div>\u2705 LW 411 Minecraft Tree House<br \/>&nbsp;<br \/>\u2705A Minecraft tree house is a type of structure that players can build in the video game Minecraft. In the game, players are able to gather resources and use them to construct buildings and other structures in a virtual world made up of blocks.<br \/>&nbsp;<br \/>\ud83d\udeab QUAN TR\u1eccNG!&nbsp;<br \/>&nbsp;<br \/>Product Name: Minecraft Tree House<br \/>&nbsp;<br \/>Th\u1ec3 lo\u1ea1i: Ng\u01b0\u1eddi s\u00e1ng t\u1ea1o&nbsp;<br \/>&nbsp;<br \/>This Kit Contains: LW 411&nbsp;<br \/>&nbsp;<br \/>706 pcs Good Quality Bricks&nbsp;<br \/>&nbsp;<br \/>Size: 27 x 21.4 x 16.8cm<br \/>&nbsp;<br \/>H\u01b0\u1edbng d\u1eabn th\u1ee7 c\u00f4ng&nbsp;<br \/>&nbsp;<br \/>\ud83d\udcccB\u1ea3n ch\u1ea5t c\u1ee7a nh\u00e2n v\u1eadt ch\u00ednh&nbsp;<br \/>&nbsp;<br \/>Introducing our proud collection named \u201cMinecraft Tree House\u201d you should not miss.&nbsp;<br \/>&nbsp;<br \/>A Minecraft tree house is typically built by selecting a tall tree in the game and building a structure around its branches or trunk. The structure can be made out of a variety of materials, including wood, stone, and other resources that players gather throughout the game. Tree houses in Minecraft can serve a variety of purposes, such as providing a safe place to rest and store items, or serving as a lookout tower or vantage point. Some players also use tree houses as a decorative feature in their Minecraft worlds, building elaborate structures with intricate designs and detailing.<\/div>","protected":false},"excerpt":{"rendered":"<p>Th\u01b0\u01a1ng hi\u1ec7u: LW<br \/>\nGi\u1edbi t\u00ednh: Unisex<br \/>\n\u0110\u1ed9 tu\u1ed5i: &gt; 6 tu\u1ed5i<br \/>\nModel Number: 411<br \/>\nPh\u00e2n lo\u1ea1i: T\u1eadp h\u1ee3p<br \/>\nH\u00ecnh d\u1ea1ng kh\u1ed1i nh\u1ef1a: G\u1ea1ch t\u1ef1 kh\u00f3a<br \/>\nCh\u1ea5t li\u1ec7u: Nh\u1ef1a<br \/>\nLo\u1ea1i nh\u1ef1a: ABS<br \/>\nBricks Blocks: 706 +<br \/>\nKh\u00f4ng c\u00f3 h\u1ed9p ban \u0111\u1ea7u<\/p>","protected":false},"featured_media":43206,"comment_status":"open","ping_status":"closed","template":"","meta":{"_acf_changed":false},"product_cat":[1365,371],"product_tag":[11072,8452,2318,11588,5983],"class_list":["product","first","instock","shipping-taxable","purchasable","product-type-simple"],"acf":[],"_links":{"self":[{"href":"https:\/\/mouldking.store\/vi\/wp-json\/wp\/v2\/product\/43211","targetHints":{"allow":["GET"]}}],"collection":[{"href":"https:\/\/mouldking.store\/vi\/wp-json\/wp\/v2\/product"}],"about":[{"href":"https:\/\/mouldking.store\/vi\/wp-json\/wp\/v2\/types\/product"}],"replies":[{"embeddable":true,"href":"https:\/\/mouldking.store\/vi\/wp-json\/wp\/v2\/comments?post=43211"}],"wp:featuredmedia":[{"embeddable":true,"href":"https:\/\/mouldking.store\/vi\/wp-json\/wp\/v2\/media\/43206"}],"wp:attachment":[{"href":"https:\/\/mouldking.store\/vi\/wp-json\/wp\/v2\/media?parent=43211"}],"wp:term":[{"taxonomy":"product_cat","embeddable":true,"href":"https:\/\/mouldking.store\/vi\/wp-json\/wp\/v2\/product_cat?post=43211"},{"taxonomy":"product_tag","embeddable":true,"href":"https:\/\/mouldking.store\/vi\/wp-json\/wp\/v2\/product_tag?post=43211"}],"curies":[{"name":"wp","href":"https:\/\/api.w.org\/{rel}","templated":true}]}}