{"id":43227,"date":"2023-03-17T17:47:58","date_gmt":"2023-03-17T10:47:58","guid":{"rendered":"https:\/\/mouldking.store\/shop\/sluban-m38-b1181-mech-master-hulk-the-lonely-brave-with-588-pieces\/"},"modified":"2023-03-17T17:47:58","modified_gmt":"2023-03-17T10:47:58","slug":"sluban-m38-b1181-mech-master-hulk-the-lonely-brave-with-588-pieces","status":"publish","type":"product","link":"https:\/\/mouldking.store\/vi\/shop\/sluban-m38-b1181-mech-master-hulk-the-lonely-brave-with-588-pieces\/","title":{"rendered":"Sluban M38-B1181 Mech Master: Hulk the Lonely Brave with 588 Pieces"},"content":{"rendered":"<div>\u2705 Sluban M38-B1181 Mech Master: Hulk D\u0169ng C\u1ea3m C\u00f4 \u0110\u01a1n<br \/>&nbsp;<br \/>\u2705H\u00e3y s\u1eb5n s\u00e0ng l\u1eafp r\u00e1p ng\u01b0\u1eddi h\u00f9ng r\u00f4-b\u1ed1t t\u1ed1i th\u01b0\u1ee3ng v\u1edbi Mech Master: Hulk the Lonely Brave. V\u1edbi 588 h\u1ea1t kh\u1ed1i x\u00e2y d\u1ef1ng, b\u1ea1n s\u1ebd mang \u0111\u1ebfn s\u1ef1 s\u1ed1ng cho m\u1ed9t c\u1ed7 m\u00e1y d\u0169ng m\u00e3nh v\u00e0 d\u0169ng c\u1ea3m, \u0111\u1ee9ng v\u1eefng tr\u01b0\u1edbc m\u1ecdi th\u1eed th\u00e1ch.<br \/>&nbsp;<br \/>\ud83d\udeab QUAN TR\u1eccNG!&nbsp;<br \/>&nbsp;<br \/>T\u00ean s\u1ea3n ph\u1ea9m: Mech Master: Hulk the Lonely Brave<br \/>&nbsp;<br \/>Th\u1ec3 lo\u1ea1i: Ng\u01b0\u1eddi s\u00e1ng t\u1ea1o&nbsp;<br \/>&nbsp;<br \/>B\u1ed9 n\u00e0y ch\u1ee9a: Sluban M38-B1181<br \/>&nbsp;<br \/>588 vi\u00ean g\u1ea1ch ch\u1ea5t l\u01b0\u1ee3ng t\u1ed1t&nbsp;<br \/>&nbsp;<br \/>K\u00edch th\u01b0\u1edbc: 23.7\u00d723\u00d711.8cm<br \/>&nbsp;<br \/>H\u01b0\u1edbng d\u1eabn th\u1ee7 c\u00f4ng&nbsp;<br \/>&nbsp;<br \/>\ud83d\udcccB\u1ea3n ch\u1ea5t c\u1ee7a nh\u00e2n v\u1eadt ch\u00ednh&nbsp;<br \/>&nbsp;<br \/>Xin gi\u1edbi thi\u1ec7u b\u1ed9 s\u01b0u t\u1eadp \u0111\u00e1ng t\u1ef1 h\u00e0o c\u1ee7a ch\u00fang t\u00f4i mang t\u00ean \u201cMech Master: Hulk the Lonely Brave\u201d m\u00e0 b\u1ea1n kh\u00f4ng n\u00ean b\u1ecf l\u1ee1.&nbsp;<br \/>&nbsp;<br \/>\u0110\u01b0\u1ee3c ph\u00e1t h\u00e0nh v\u00e0o n\u0103m 2023, Robot: The Lone Hulk kh\u00f4ng ch\u1ec9 l\u00e0 m\u1ed9t b\u1ed9 kh\u00e1c \u2013 \u0111\u00f3 l\u00e0 c\u01a1 h\u1ed9i \u0111\u1ec3 b\u1ea1n gi\u1ea3i ph\u00f3ng kh\u1ea3 n\u0103ng s\u00e1ng t\u1ea1o v\u00e0 x\u00e2y d\u1ef1ng m\u1ed9t th\u1ee9 g\u00ec \u0111\u00f3 th\u1ef1c s\u1ef1 \u0111\u00e1ng ch\u00fa \u00fd. V\u00ec v\u1eady, \u0111\u1eebng b\u1ecf l\u1ee1 cu\u1ed9c phi\u00eau l\u01b0u ho\u00e0nh tr\u00e1ng n\u00e0y - h\u00e3y b\u1eaft tay v\u00e0o Robot: The Lone Hulk ngay h\u00f4m nay!<\/div>","protected":false},"excerpt":{"rendered":"<p>Th\u01b0\u01a1ng hi\u1ec7u: Sluban<br \/>\nGi\u1edbi t\u00ednh: Unisex<br \/>\n\u0110\u1ed9 tu\u1ed5i: &gt; 6 tu\u1ed5i<br \/>\nS\u1ed1 m\u00f4 h\u00ecnh: M38-B1181<br \/>\nPh\u00e2n lo\u1ea1i: T\u1eadp h\u1ee3p<br \/>\nH\u00ecnh d\u1ea1ng kh\u1ed1i nh\u1ef1a: G\u1ea1ch t\u1ef1 kh\u00f3a<br \/>\nCh\u1ea5t li\u1ec7u: Nh\u1ef1a<br \/>\nLo\u1ea1i nh\u1ef1a: ABS<br \/>\nKh\u1ed1i g\u1ea1ch: 588 +<br \/>\nB\u00c1N TR\u01af\u1edaC<br \/>\nH\u1ebeT H\u00c0NG<\/p>","protected":false},"featured_media":43224,"comment_status":"open","ping_status":"closed","template":"","meta":{"_acf_changed":false},"product_cat":[1365,371],"product_tag":[4712,11072,8452,11591,7133,11233,590],"class_list":["product","first","instock","shipping-taxable","purchasable","product-type-simple"],"acf":[],"_links":{"self":[{"href":"https:\/\/mouldking.store\/vi\/wp-json\/wp\/v2\/product\/43227","targetHints":{"allow":["GET"]}}],"collection":[{"href":"https:\/\/mouldking.store\/vi\/wp-json\/wp\/v2\/product"}],"about":[{"href":"https:\/\/mouldking.store\/vi\/wp-json\/wp\/v2\/types\/product"}],"replies":[{"embeddable":true,"href":"https:\/\/mouldking.store\/vi\/wp-json\/wp\/v2\/comments?post=43227"}],"wp:featuredmedia":[{"embeddable":true,"href":"https:\/\/mouldking.store\/vi\/wp-json\/wp\/v2\/media\/43224"}],"wp:attachment":[{"href":"https:\/\/mouldking.store\/vi\/wp-json\/wp\/v2\/media?parent=43227"}],"wp:term":[{"taxonomy":"product_cat","embeddable":true,"href":"https:\/\/mouldking.store\/vi\/wp-json\/wp\/v2\/product_cat?post=43227"},{"taxonomy":"product_tag","embeddable":true,"href":"https:\/\/mouldking.store\/vi\/wp-json\/wp\/v2\/product_tag?post=43227"}],"curies":[{"name":"wp","href":"https:\/\/api.w.org\/{rel}","templated":true}]}}