{"id":43231,"date":"2023-03-17T17:53:09","date_gmt":"2023-03-17T10:53:09","guid":{"rendered":"https:\/\/mouldking.store\/shop\/sluban-m38-b1180-mech-master-cyber-wukong-with-755-pieces\/"},"modified":"2023-03-17T17:53:09","modified_gmt":"2023-03-17T10:53:09","slug":"sluban-m38-b1180-mech-master-cyber-wukong-with-755-pieces","status":"publish","type":"product","link":"https:\/\/mouldking.store\/vi\/shop\/sluban-m38-b1180-mech-master-cyber-wukong-with-755-pieces\/","title":{"rendered":"Sluban M38-B1180 Mech Master: Cyber \u200b\u200bWukong v\u1edbi 755 m\u1ea3nh"},"content":{"rendered":"<div>\u2705 Sluban M38-B1180 Mech Master: Cyber \u200b\u200bWukong<br \/>&nbsp;<br \/>\u2705H\u00e3y s\u1eb5n s\u00e0ng \u0111\u1ec3 gi\u1ea3i ph\u00f3ng kh\u1ea3 n\u0103ng s\u00e1ng t\u1ea1o b\u00ean trong c\u1ee7a b\u1ea1n v\u1edbi Mech Master: Cyber \u200b\u200bWukong, ph\u1ea7n b\u1ed5 sung m\u1edbi nh\u1ea5t cho lo\u1ea1t kh\u1ed1i x\u00e2y d\u1ef1ng ph\u1ed5 bi\u1ebfn c\u1ee7a ch\u00fang t\u00f4i.<br \/>&nbsp;<br \/>\ud83d\udeab QUAN TR\u1eccNG!&nbsp;<br \/>&nbsp;<br \/>T\u00ean s\u1ea3n ph\u1ea9m: Mech Master: Cyber \u200b\u200bWukong<br \/>&nbsp;<br \/>Th\u1ec3 lo\u1ea1i: Ng\u01b0\u1eddi s\u00e1ng t\u1ea1o&nbsp;<br \/>&nbsp;<br \/>B\u1ed9 n\u00e0y ch\u1ee9a: Sluban M38-B1180<br \/>&nbsp;<br \/>755 vi\u00ean g\u1ea1ch ch\u1ea5t l\u01b0\u1ee3ng t\u1ed1t&nbsp;<br \/>&nbsp;<br \/>K\u00edch th\u01b0\u1edbc: 11,8 \u00d7 23 \u00d7 23,7 cm<br \/>&nbsp;<br \/>H\u01b0\u1edbng d\u1eabn th\u1ee7 c\u00f4ng&nbsp;<br \/>&nbsp;<br \/>\ud83d\udcccB\u1ea3n ch\u1ea5t c\u1ee7a nh\u00e2n v\u1eadt ch\u00ednh&nbsp;<br \/>&nbsp;<br \/>Xin gi\u1edbi thi\u1ec7u b\u1ed9 s\u01b0u t\u1eadp \u0111\u00e1ng t\u1ef1 h\u00e0o c\u1ee7a ch\u00fang t\u00f4i mang t\u00ean \u201cMech Master: Cyber \u200b\u200bWukong\u201d m\u00e0 b\u1ea1n kh\u00f4ng n\u00ean b\u1ecf l\u1ee1.&nbsp;<br \/>&nbsp;<br \/>Robot \u0111\u00e1ng kinh ng\u1ea1c n\u00e0y t\u1ef1 h\u00e0o c\u00f3 755 h\u1ea1t \u1ea5n t\u01b0\u1ee3ng v\u00e0 ch\u1eafc ch\u1eafn s\u1ebd th\u00e1ch th\u1ee9c c\u1ea3 nh\u1eefng nh\u00e0 ch\u1ebf t\u1ea1o l\u00e0nh ngh\u1ec1 nh\u1ea5t hi\u1ec7n c\u00f3. V\u1edbi thi\u1ebft k\u1ebf \u0111\u1eb9p m\u1eaft v\u00e0 c\u00e1c t\u00ednh n\u0103ng ti\u00ean ti\u1ebfn, Robot: Cyber \u200b\u200bWukong l\u00e0 \u1ee9ng d\u1ee5ng kh\u00f4ng th\u1ec3 b\u1ecf qua \u0111\u1ed1i v\u1edbi b\u1ea5t k\u1ef3 ng\u01b0\u1eddi y\u00eau th\u00edch s\u00e1ng t\u1ea1o n\u00e0o \u0111ang t\u00ecm ki\u1ebfm d\u1ef1 \u00e1n l\u1edbn ti\u1ebfp theo c\u1ee7a h\u1ecd. \u0110\u1eebng b\u1ecf l\u1ee1 b\u1ea3n ph\u00e1t h\u00e0nh m\u1edbi th\u00fa v\u1ecb n\u00e0y v\u00e0o n\u0103m 2023!<\/div>","protected":false},"excerpt":{"rendered":"<p>Th\u01b0\u01a1ng hi\u1ec7u: Sluban<br \/>\nGi\u1edbi t\u00ednh: Unisex<br \/>\n\u0110\u1ed9 tu\u1ed5i: &gt; 6 tu\u1ed5i<br \/>\nS\u1ed1 m\u00f4 h\u00ecnh: M38-B1180<br \/>\nPh\u00e2n lo\u1ea1i: T\u1eadp h\u1ee3p<br \/>\nH\u00ecnh d\u1ea1ng kh\u1ed1i nh\u1ef1a: G\u1ea1ch t\u1ef1 kh\u00f3a<br \/>\nCh\u1ea5t li\u1ec7u: Nh\u1ef1a<br \/>\nLo\u1ea1i nh\u1ef1a: ABS<br \/>\nKh\u1ed1i g\u1ea1ch: 755 +<br \/>\nB\u00c1N TR\u01af\u1edaC<br \/>\nH\u1ebeT H\u00c0NG<\/p>","protected":false},"featured_media":43228,"comment_status":"open","ping_status":"closed","template":"","meta":{"_acf_changed":false},"product_cat":[1365,371],"product_tag":[11072,8452,11592,7133,11233,590,11593],"class_list":["product","first","instock","shipping-taxable","purchasable","product-type-simple"],"acf":[],"_links":{"self":[{"href":"https:\/\/mouldking.store\/vi\/wp-json\/wp\/v2\/product\/43231","targetHints":{"allow":["GET"]}}],"collection":[{"href":"https:\/\/mouldking.store\/vi\/wp-json\/wp\/v2\/product"}],"about":[{"href":"https:\/\/mouldking.store\/vi\/wp-json\/wp\/v2\/types\/product"}],"replies":[{"embeddable":true,"href":"https:\/\/mouldking.store\/vi\/wp-json\/wp\/v2\/comments?post=43231"}],"wp:featuredmedia":[{"embeddable":true,"href":"https:\/\/mouldking.store\/vi\/wp-json\/wp\/v2\/media\/43228"}],"wp:attachment":[{"href":"https:\/\/mouldking.store\/vi\/wp-json\/wp\/v2\/media?parent=43231"}],"wp:term":[{"taxonomy":"product_cat","embeddable":true,"href":"https:\/\/mouldking.store\/vi\/wp-json\/wp\/v2\/product_cat?post=43231"},{"taxonomy":"product_tag","embeddable":true,"href":"https:\/\/mouldking.store\/vi\/wp-json\/wp\/v2\/product_tag?post=43231"}],"curies":[{"name":"wp","href":"https:\/\/api.w.org\/{rel}","templated":true}]}}