{"id":43279,"date":"2023-03-20T10:35:14","date_gmt":"2023-03-20T03:35:14","guid":{"rendered":"https:\/\/mouldking.store\/shop\/zhegao-dz6113-coffee-hotel-with-3036-pieces\/"},"modified":"2023-03-20T10:35:14","modified_gmt":"2023-03-20T03:35:14","slug":"zhegao-dz6113-coffee-hotel-with-3036-pieces","status":"publish","type":"product","link":"https:\/\/mouldking.store\/vi\/shop\/zhegao-dz6113-coffee-hotel-with-3036-pieces\/","title":{"rendered":"Kh\u00e1ch s\u1ea1n c\u00e0 ph\u00ea ZHEGAO DZ6113 v\u1edbi 3036 mi\u1ebfng"},"content":{"rendered":"<div>\u2705 Kh\u00e1ch s\u1ea1n c\u00e0 ph\u00ea ZHEGAO DZ6113<br \/>&nbsp;<br \/>\u2705Kh\u00e1ch s\u1ea1n c\u00e0 ph\u00ea l\u00e0 lo\u1ea1i h\u00ecnh kh\u00e1ch s\u1ea1n l\u1ea5y ch\u1ee7 \u0111\u1ec1 l\u00e0 c\u00e0 ph\u00ea v\u00e0 mang \u0111\u1ebfn cho du kh\u00e1ch tr\u1ea3i nghi\u1ec7m c\u00e0 ph\u00ea \u0111\u1ed9c \u0111\u00e1o. Nh\u1eefng kh\u00e1ch s\u1ea1n n\u00e0y th\u01b0\u1eddng cung c\u1ea5p c\u00e0 ph\u00ea ch\u1ea5t l\u01b0\u1ee3ng cao trong ph\u00f2ng ho\u1eb7c s\u1ea3nh \u0111\u1ee3i v\u00e0 c\u00f3 th\u1ec3 cung c\u1ea5p cho kh\u00e1ch c\u00e1c thi\u1ebft b\u1ecb ho\u1eb7c l\u1edbp h\u1ecdc pha c\u00e0 ph\u00ea chuy\u00ean d\u1ee5ng.<br \/>&nbsp;<br \/>\ud83d\udeab QUAN TR\u1eccNG!&nbsp;<br \/>&nbsp;<br \/>T\u00ean s\u1ea3n ph\u1ea9m: Kh\u00e1ch s\u1ea1n c\u00e0 ph\u00ea<br \/>&nbsp;<br \/>Danh m\u1ee5c: T\u00f2a nh\u00e0 m\u00f4-\u0111un<br \/>&nbsp;<br \/>B\u1ed9 n\u00e0y ch\u1ee9a: ZHEGAO DZ6113&nbsp;<br \/>&nbsp;<br \/>3036 vi\u00ean g\u1ea1ch ch\u1ea5t l\u01b0\u1ee3ng t\u1ed1t&nbsp;<br \/>&nbsp;<br \/>K\u00edch th\u01b0\u1edbc: 18.8\u00d718.8\u00d725.9cm<br \/>&nbsp;<br \/>H\u01b0\u1edbng d\u1eabn th\u1ee7 c\u00f4ng&nbsp;<br \/>&nbsp;<br \/>\ud83d\udcccB\u1ea3n ch\u1ea5t c\u1ee7a nh\u00e2n v\u1eadt ch\u00ednh&nbsp;<br \/>&nbsp;<br \/>Gi\u1edbi thi\u1ec7u b\u1ed9 s\u01b0u t\u1eadp \u0111\u00e1ng t\u1ef1 h\u00e0o c\u1ee7a ch\u00fang t\u00f4i mang t\u00ean \u201cKh\u00e1ch s\u1ea1n c\u00e0 ph\u00ea\u201d m\u00e0 b\u1ea1n kh\u00f4ng n\u00ean b\u1ecf l\u1ee1.&nbsp;<br \/>&nbsp;<br \/>M\u1ee5c ti\u00eau c\u1ee7a kh\u00e1ch s\u1ea1n c\u00e0 ph\u00ea l\u00e0 mang \u0111\u1ebfn cho kh\u00e1ch tr\u1ea3i nghi\u1ec7m \u0111\u1ed9c \u0111\u00e1o v\u00e0 \u0111\u00e1ng nh\u1edb xoay quanh c\u00e0 ph\u00ea, cho d\u00f9 h\u1ecd l\u00e0 ng\u01b0\u1eddi \u0111am m\u00ea c\u00e0 ph\u00ea hay ch\u1ec9 \u0111\u01a1n gi\u1ea3n l\u00e0 th\u01b0\u1edfng th\u1ee9c m\u1ed9t t\u00e1ch c\u00e0 ph\u00ea ngon. M\u1ed9t s\u1ed1 kh\u00e1ch s\u1ea1n c\u00e0 ph\u00ea c\u0169ng c\u00f3 th\u1ec3 cung c\u1ea5p c\u00e1c chuy\u1ebfn tham quan ho\u1eb7c h\u1ed9i th\u1ea3o v\u1ec1 c\u00e0 ph\u00ea c\u00f3 h\u01b0\u1edbng d\u1eabn, n\u01a1i kh\u00e1ch c\u00f3 th\u1ec3 t\u00ecm hi\u1ec3u th\u00eam v\u1ec1 l\u1ecbch s\u1eed v\u00e0 v\u0103n h\u00f3a c\u00e0 ph\u00ea, c\u0169ng nh\u01b0 c\u00e1c ph\u01b0\u01a1ng ph\u00e1p pha ch\u1ebf v\u00e0 h\u01b0\u01a1ng v\u1ecb kh\u00e1c nhau.<\/div>","protected":false},"excerpt":{"rendered":"<p>Th\u01b0\u01a1ng hi\u1ec7u: ZHEGAO<br \/>\nGi\u1edbi t\u00ednh: Unisex<br \/>\n\u0110\u1ed9 tu\u1ed5i: &gt; 6 tu\u1ed5i<br \/>\nS\u1ed1 m\u00f4 h\u00ecnh: DZ6113<br \/>\nPh\u00e2n lo\u1ea1i: T\u1eadp h\u1ee3p<br \/>\nH\u00ecnh d\u1ea1ng kh\u1ed1i nh\u1ef1a: G\u1ea1ch t\u1ef1 kh\u00f3a<br \/>\nCh\u1ea5t li\u1ec7u: Nh\u1ef1a<br \/>\nLo\u1ea1i nh\u1ef1a: ABS<br \/>\nKh\u1ed1i g\u1ea1ch: 3036 +<br \/>\nKh\u00f4ng c\u00f3 h\u1ed9p ban \u0111\u1ea7u<\/p>","protected":false},"featured_media":43274,"comment_status":"open","ping_status":"closed","template":"","meta":{"_acf_changed":false},"product_cat":[1365,1395,390],"product_tag":[4883,5228,8452,10633,392],"class_list":["product","first","instock","shipping-taxable","purchasable","product-type-simple"],"acf":[],"_links":{"self":[{"href":"https:\/\/mouldking.store\/vi\/wp-json\/wp\/v2\/product\/43279","targetHints":{"allow":["GET"]}}],"collection":[{"href":"https:\/\/mouldking.store\/vi\/wp-json\/wp\/v2\/product"}],"about":[{"href":"https:\/\/mouldking.store\/vi\/wp-json\/wp\/v2\/types\/product"}],"replies":[{"embeddable":true,"href":"https:\/\/mouldking.store\/vi\/wp-json\/wp\/v2\/comments?post=43279"}],"wp:featuredmedia":[{"embeddable":true,"href":"https:\/\/mouldking.store\/vi\/wp-json\/wp\/v2\/media\/43274"}],"wp:attachment":[{"href":"https:\/\/mouldking.store\/vi\/wp-json\/wp\/v2\/media?parent=43279"}],"wp:term":[{"taxonomy":"product_cat","embeddable":true,"href":"https:\/\/mouldking.store\/vi\/wp-json\/wp\/v2\/product_cat?post=43279"},{"taxonomy":"product_tag","embeddable":true,"href":"https:\/\/mouldking.store\/vi\/wp-json\/wp\/v2\/product_tag?post=43279"}],"curies":[{"name":"wp","href":"https:\/\/api.w.org\/{rel}","templated":true}]}}