{"id":43306,"date":"2023-03-20T11:29:07","date_gmt":"2023-03-20T04:29:07","guid":{"rendered":"https:\/\/mouldking.store\/shop\/pantasy-86304-le-petit-prince-the-journey-with-500-pieces\/"},"modified":"2023-03-20T11:29:07","modified_gmt":"2023-03-20T04:29:07","slug":"pantasy-86304-le-petit-prince-the-journey-with-500-pieces","status":"publish","type":"product","link":"https:\/\/mouldking.store\/vi\/shop\/pantasy-86304-le-petit-prince-the-journey-with-500-pieces\/","title":{"rendered":"Pantasy 86304 Le Petit Prince The Journey with 500 Pieces"},"content":{"rendered":"<div>\u2705 PANTASY 86304 Le Petit Prince The Journey<\/p>\n<p>\u2705\u201dLe Petit Prince\u201d (t\u1ea1m d\u1ecbch l\u00e0 \u201cHo\u00e0ng t\u1eed b\u00e9\u201d trong ti\u1ebfng Anh) l\u00e0 m\u1ed9t ti\u1ec3u thuy\u1ebft \u0111\u01b0\u1ee3c vi\u1ebft b\u1edfi t\u00e1c gi\u1ea3 ng\u01b0\u1eddi Ph\u00e1p Antoine de Saint-Exup\u00e9ry. C\u00e2u chuy\u1ec7n k\u1ec3 v\u1ec1 m\u1ed9t ho\u00e0ng t\u1eed tr\u1ebb du h\u00e0nh \u0111\u1ebfn c\u00e1c h\u00e0nh tinh kh\u00e1c nhau, bao g\u1ed3m c\u1ea3 Tr\u00e1i \u0111\u1ea5t, v\u00e0 g\u1eb7p g\u1ee1 nhi\u1ec1u ng\u01b0\u1eddi l\u1edbn kh\u00e1c nhau, nh\u1eefng ng\u01b0\u1eddi \u0111\u00e3 m\u1ea5t tr\u00ed t\u01b0\u1edfng t\u01b0\u1ee3ng v\u00e0 s\u1ef1 k\u1ef3 di\u1ec7u. Th\u00f4ng qua nh\u1eefng cu\u1ed9c tr\u00f2 chuy\u1ec7n v\u1edbi ng\u01b0\u1eddi l\u1edbn v\u00e0 cu\u1ed9c g\u1eb7p g\u1ee1 v\u1edbi nhi\u1ec1u sinh v\u1eadt kh\u00e1c nhau, ho\u00e0ng t\u1eed h\u1ecdc \u0111\u01b0\u1ee3c nh\u1eefng b\u00e0i h\u1ecdc quan tr\u1ecdng v\u1ec1 cu\u1ed9c s\u1ed1ng, t\u00ecnh y\u00eau v\u00e0 t\u1ea7m quan tr\u1ecdng c\u1ee7a s\u1ef1 k\u1ebft n\u1ed1i gi\u1eefa con ng\u01b0\u1eddi v\u1edbi nhau.<br \/>&nbsp;<br \/>\ud83d\udeab QUAN TR\u1eccNG!&nbsp;<br \/>&nbsp;<br \/>Product Name: Le Petit Prince The Journey<br \/>&nbsp;<br \/>Th\u1ec3 lo\u1ea1i: Ng\u01b0\u1eddi s\u00e1ng t\u1ea1o&nbsp;<br \/>&nbsp;<br \/>This Kit Contains: PANTASY 86304<br \/>&nbsp;<br \/>500 vi\u00ean g\u1ea1ch ch\u1ea5t l\u01b0\u1ee3ng t\u1ed1t&nbsp;<br \/>&nbsp;<br \/>Size: 9.9 \u00d7 11.1 \u00d7 18.7 cm<br \/>&nbsp;<br \/>H\u01b0\u1edbng d\u1eabn th\u1ee7 c\u00f4ng&nbsp;<br \/>&nbsp;<br \/>\ud83d\udcccB\u1ea3n ch\u1ea5t c\u1ee7a nh\u00e2n v\u1eadt ch\u00ednh&nbsp;<br \/>&nbsp;<br \/>Introducing our proud collection named \u201cLe Petit Prince The Journey\u201d you should not miss.&nbsp;<br \/>&nbsp;<br \/>The original story of &#8220;Le Petit Prince&#8221; is a classic work of French literature that has been translated into more than 300 languages and has sold millions of copies worldwide. It is a timeless tale that explores themes such as the importance of imagination, the meaning of love and friendship, and the value of human connections. The story has been adapted into numerous formats over the years, including films, stage productions, and even a musical.<\/div>","protected":false},"excerpt":{"rendered":"<p>Th\u01b0\u01a1ng hi\u1ec7u: pantasy<br \/>\nGi\u1edbi t\u00ednh: Unisex<br \/>\n\u0110\u1ed9 tu\u1ed5i: &gt; 6 tu\u1ed5i<br \/>\nModel Number: 86304<br \/>\nPh\u00e2n lo\u1ea1i: T\u1eadp h\u1ee3p<br \/>\nH\u00ecnh d\u1ea1ng kh\u1ed1i nh\u1ef1a: G\u1ea1ch t\u1ef1 kh\u00f3a<br \/>\nCh\u1ea5t li\u1ec7u: Nh\u1ef1a<br \/>\nLo\u1ea1i nh\u1ef1a: ABS<br \/>\nKh\u1ed1i g\u1ea1ch: 500 +<br \/>\nKh\u00f4ng c\u00f3 h\u1ed9p ban \u0111\u1ea7u<\/p>","protected":false},"featured_media":43304,"comment_status":"open","ping_status":"closed","template":"","meta":{"_acf_changed":false},"product_cat":[1365,371],"product_tag":[11072,8452,11608,11606,11607],"class_list":["product","first","instock","shipping-taxable","purchasable","product-type-simple"],"acf":[],"_links":{"self":[{"href":"https:\/\/mouldking.store\/vi\/wp-json\/wp\/v2\/product\/43306","targetHints":{"allow":["GET"]}}],"collection":[{"href":"https:\/\/mouldking.store\/vi\/wp-json\/wp\/v2\/product"}],"about":[{"href":"https:\/\/mouldking.store\/vi\/wp-json\/wp\/v2\/types\/product"}],"replies":[{"embeddable":true,"href":"https:\/\/mouldking.store\/vi\/wp-json\/wp\/v2\/comments?post=43306"}],"wp:featuredmedia":[{"embeddable":true,"href":"https:\/\/mouldking.store\/vi\/wp-json\/wp\/v2\/media\/43304"}],"wp:attachment":[{"href":"https:\/\/mouldking.store\/vi\/wp-json\/wp\/v2\/media?parent=43306"}],"wp:term":[{"taxonomy":"product_cat","embeddable":true,"href":"https:\/\/mouldking.store\/vi\/wp-json\/wp\/v2\/product_cat?post=43306"},{"taxonomy":"product_tag","embeddable":true,"href":"https:\/\/mouldking.store\/vi\/wp-json\/wp\/v2\/product_tag?post=43306"}],"curies":[{"name":"wp","href":"https:\/\/api.w.org\/{rel}","templated":true}]}}