{"id":43309,"date":"2023-03-20T11:33:43","date_gmt":"2023-03-20T04:33:43","guid":{"rendered":"https:\/\/mouldking.store\/shop\/pantasy-86305-le-petit-prince-time-travel-with-500-pieces\/"},"modified":"2023-03-20T11:33:43","modified_gmt":"2023-03-20T04:33:43","slug":"pantasy-86305-le-petit-prince-time-travel-with-500-pieces","status":"publish","type":"product","link":"https:\/\/mouldking.store\/vi\/shop\/pantasy-86305-le-petit-prince-time-travel-with-500-pieces\/","title":{"rendered":"Pantasy 86305 Le Petit Prince Time Travel with 500 Pieces"},"content":{"rendered":"<div>\u2705 PANTASY 86305 Le Petit Prince Du h\u00e0nh th\u1eddi gian<br \/>&nbsp;<br \/>\u2705\u201dLe Petit Prince\u201d (t\u1ea1m d\u1ecbch l\u00e0 \u201cHo\u00e0ng t\u1eed b\u00e9\u201d trong ti\u1ebfng Anh) l\u00e0 m\u1ed9t ti\u1ec3u thuy\u1ebft \u0111\u01b0\u1ee3c vi\u1ebft b\u1edfi t\u00e1c gi\u1ea3 ng\u01b0\u1eddi Ph\u00e1p Antoine de Saint-Exup\u00e9ry. C\u00e2u chuy\u1ec7n k\u1ec3 v\u1ec1 m\u1ed9t ho\u00e0ng t\u1eed tr\u1ebb du h\u00e0nh \u0111\u1ebfn c\u00e1c h\u00e0nh tinh kh\u00e1c nhau, bao g\u1ed3m c\u1ea3 Tr\u00e1i \u0111\u1ea5t, v\u00e0 g\u1eb7p g\u1ee1 nhi\u1ec1u ng\u01b0\u1eddi l\u1edbn kh\u00e1c nhau, nh\u1eefng ng\u01b0\u1eddi \u0111\u00e3 m\u1ea5t tr\u00ed t\u01b0\u1edfng t\u01b0\u1ee3ng v\u00e0 s\u1ef1 k\u1ef3 di\u1ec7u. Th\u00f4ng qua nh\u1eefng cu\u1ed9c tr\u00f2 chuy\u1ec7n v\u1edbi ng\u01b0\u1eddi l\u1edbn v\u00e0 cu\u1ed9c g\u1eb7p g\u1ee1 v\u1edbi nhi\u1ec1u sinh v\u1eadt kh\u00e1c nhau, ho\u00e0ng t\u1eed h\u1ecdc \u0111\u01b0\u1ee3c nh\u1eefng b\u00e0i h\u1ecdc quan tr\u1ecdng v\u1ec1 cu\u1ed9c s\u1ed1ng, t\u00ecnh y\u00eau v\u00e0 t\u1ea7m quan tr\u1ecdng c\u1ee7a s\u1ef1 k\u1ebft n\u1ed1i gi\u1eefa con ng\u01b0\u1eddi v\u1edbi nhau.<br \/>&nbsp;<br \/>\ud83d\udeab QUAN TR\u1eccNG!&nbsp;<br \/>&nbsp;<br \/>T\u00ean s\u1ea3n ph\u1ea9m: Le Petit Prince Du h\u00e0nh th\u1eddi gian<br \/>&nbsp;<br \/>Th\u1ec3 lo\u1ea1i: Ng\u01b0\u1eddi s\u00e1ng t\u1ea1o&nbsp;<br \/>&nbsp;<br \/>B\u1ed9 n\u00e0y ch\u1ee9a: PANTASY 86305&nbsp;<br \/>&nbsp;<br \/>500 vi\u00ean g\u1ea1ch ch\u1ea5t l\u01b0\u1ee3ng t\u1ed1t&nbsp;<br \/>&nbsp;<br \/>K\u00edch th\u01b0\u1edbc: 9.9\u00d711.1\u00d718.7 cm<br \/>&nbsp;<br \/>H\u01b0\u1edbng d\u1eabn th\u1ee7 c\u00f4ng&nbsp;<br \/>&nbsp;<br \/>\ud83d\udcccB\u1ea3n ch\u1ea5t c\u1ee7a nh\u00e2n v\u1eadt ch\u00ednh&nbsp;<br \/>&nbsp;<br \/>Xin gi\u1edbi thi\u1ec7u b\u1ed9 s\u01b0u t\u1eadp \u0111\u00e1ng t\u1ef1 h\u00e0o c\u1ee7a ch\u00fang t\u00f4i mang t\u00ean \u201cLe Petit Prince Time Travel\u201d m\u00e0 b\u1ea1n kh\u00f4ng n\u00ean b\u1ecf l\u1ee1.&nbsp;<br \/>&nbsp;<br \/>\u201cLe Petit Prince: The Journey\u201d c\u0169ng c\u00f3 th\u1ec3 \u0111\u1ec1 c\u1eadp \u0111\u1ebfn m\u1ed9t b\u1ea3n chuy\u1ec3n th\u1ec3 ho\u1eb7c k\u1ec3 l\u1ea1i c\u00e2u chuy\u1ec7n g\u1ed1c \u201cLe Petit Prince\u201d c\u1ee7a Antoine de Saint-Exup\u00e9ry. C\u0169ng nh\u01b0 \u201cHo\u00e0ng t\u1eed b\u00e9 tr\u00ean h\u00e0nh tinh\u201d, c\u00f3 th\u1ec3 \u201cHo\u00e0ng t\u1eed b\u00e9: H\u00e0nh tr\u00ecnh\u201d l\u00e0 m\u1ed9t t\u00e1c ph\u1ea9m chuy\u1ec3n th\u1ec3 c\u1ee5 th\u1ec3 t\u1eadp trung v\u00e0o h\u00e0nh tr\u00ecnh c\u1ee7a ho\u00e0ng t\u1eed v\u00e0 nh\u1eefng b\u00e0i h\u1ecdc m\u00e0 anh \u1ea5y h\u1ecdc \u0111\u01b0\u1ee3c tr\u00ean \u0111\u01b0\u1eddng \u0111i.<\/div>","protected":false},"excerpt":{"rendered":"<p>Th\u01b0\u01a1ng hi\u1ec7u: pantasy<br \/>\nGi\u1edbi t\u00ednh: Unisex<br \/>\n\u0110\u1ed9 tu\u1ed5i: &gt; 6 tu\u1ed5i<br \/>\nS\u1ed1 m\u00f4 h\u00ecnh: 86305<br \/>\nPh\u00e2n lo\u1ea1i: T\u1eadp h\u1ee3p<br \/>\nH\u00ecnh d\u1ea1ng kh\u1ed1i nh\u1ef1a: G\u1ea1ch t\u1ef1 kh\u00f3a<br \/>\nCh\u1ea5t li\u1ec7u: Nh\u1ef1a<br \/>\nLo\u1ea1i nh\u1ef1a: ABS<br \/>\nKh\u1ed1i g\u1ea1ch: 500 +<br \/>\nKh\u00f4ng c\u00f3 h\u1ed9p ban \u0111\u1ea7u<\/p>","protected":false},"featured_media":43307,"comment_status":"open","ping_status":"closed","template":"","meta":{"_acf_changed":false},"product_cat":[1365,371],"product_tag":[11072,8452,11606,11607,6290,11609],"class_list":["product","first","instock","shipping-taxable","purchasable","product-type-simple"],"acf":[],"_links":{"self":[{"href":"https:\/\/mouldking.store\/vi\/wp-json\/wp\/v2\/product\/43309","targetHints":{"allow":["GET"]}}],"collection":[{"href":"https:\/\/mouldking.store\/vi\/wp-json\/wp\/v2\/product"}],"about":[{"href":"https:\/\/mouldking.store\/vi\/wp-json\/wp\/v2\/types\/product"}],"replies":[{"embeddable":true,"href":"https:\/\/mouldking.store\/vi\/wp-json\/wp\/v2\/comments?post=43309"}],"wp:featuredmedia":[{"embeddable":true,"href":"https:\/\/mouldking.store\/vi\/wp-json\/wp\/v2\/media\/43307"}],"wp:attachment":[{"href":"https:\/\/mouldking.store\/vi\/wp-json\/wp\/v2\/media?parent=43309"}],"wp:term":[{"taxonomy":"product_cat","embeddable":true,"href":"https:\/\/mouldking.store\/vi\/wp-json\/wp\/v2\/product_cat?post=43309"},{"taxonomy":"product_tag","embeddable":true,"href":"https:\/\/mouldking.store\/vi\/wp-json\/wp\/v2\/product_tag?post=43309"}],"curies":[{"name":"wp","href":"https:\/\/api.w.org\/{rel}","templated":true}]}}