{"id":43317,"date":"2023-03-20T11:46:54","date_gmt":"2023-03-20T04:46:54","guid":{"rendered":"https:\/\/mouldking.store\/shop\/toptoy-1803-kuromi-with-1000-pieces\/"},"modified":"2023-03-20T11:46:54","modified_gmt":"2023-03-20T04:46:54","slug":"toptoy-1803-kuromi-with-1000-pieces","status":"publish","type":"product","link":"https:\/\/mouldking.store\/vi\/shop\/toptoy-1803-kuromi-with-1000-pieces\/","title":{"rendered":"TOPTOY 1803 Kuromi v\u1edbi 1000 mi\u1ebfng"},"content":{"rendered":"<div>\u2705 TOPTOY 1803 Kuromi<br \/>&nbsp;<br \/>\u2705Kuromi l\u00e0 m\u1ed9t nh\u00e2n v\u1eadt h\u01b0 c\u1ea5u \u0111\u01b0\u1ee3c t\u1ea1o ra b\u1edfi c\u00f4ng ty Sanrio c\u1ee7a Nh\u1eadt B\u1ea3n, c\u00f4ng ty n\u1ed5i ti\u1ebfng v\u1edbi vi\u1ec7c t\u1ea1o ra nh\u00e2n v\u1eadt n\u1ed5i ti\u1ebfng Hello Kitty. Kuromi \u0111\u01b0\u1ee3c gi\u1edbi thi\u1ec7u l\u1ea7n \u0111\u1ea7u ti\u00ean v\u00e0o n\u0103m 2005 v\u1edbi t\u01b0 c\u00e1ch l\u00e0 nh\u00e2n v\u1eadt \u0111\u1ed1i th\u1ee7 c\u1ee7a Hello Kitty v\u00e0 k\u1ec3 t\u1eeb \u0111\u00f3 \u0111\u00e3 tr\u1edf th\u00e0nh m\u1ed9t nh\u00e2n v\u1eadt n\u1ed5i ti\u1ebfng theo \u0111\u00fang ngh\u0129a c\u1ee7a c\u00f4 \u1ea5y.<br \/>&nbsp;<br \/>\ud83d\udeab QUAN TR\u1eccNG!&nbsp;<br \/>&nbsp;<br \/>T\u00ean s\u1ea3n ph\u1ea9m: Kuromi<br \/>&nbsp;<br \/>Th\u1ec3 lo\u1ea1i: Ng\u01b0\u1eddi s\u00e1ng t\u1ea1o&nbsp;<br \/>&nbsp;<br \/>B\u1ed9 n\u00e0y bao g\u1ed3m: TOPTOY 1803<br \/>&nbsp;<br \/>1000 vi\u00ean g\u1ea1ch ch\u1ea5t l\u01b0\u1ee3ng t\u1ed1t&nbsp;<br \/>&nbsp;<br \/>K\u00edch th\u01b0\u1edbc: 24.5\u00d716\u00d731 cm<br \/>&nbsp;<br \/>H\u01b0\u1edbng d\u1eabn th\u1ee7 c\u00f4ng&nbsp;<br \/>&nbsp;<br \/>\ud83d\udcccB\u1ea3n ch\u1ea5t c\u1ee7a nh\u00e2n v\u1eadt ch\u00ednh&nbsp;<br \/>&nbsp;<br \/>Xin gi\u1edbi thi\u1ec7u b\u1ed9 s\u01b0u t\u1eadp \u0111\u00e1ng t\u1ef1 h\u00e0o c\u1ee7a ch\u00fang t\u00f4i mang t\u00ean \u201cKuromi\u201d m\u00e0 b\u1ea1n kh\u00f4ng n\u00ean b\u1ecf l\u1ee1.&nbsp;<br \/>&nbsp;<br \/>Kuromi l\u00e0 m\u1ed9t nh\u00e2n v\u1eadt tinh ngh\u1ecbch v\u00e0 s\u1eafc s\u1ea3o v\u1edbi v\u1ebb ngo\u00e0i l\u1ea5y c\u1ea3m h\u1ee9ng t\u1eeb phong c\u00e1ch gothic, bao g\u1ed3m qu\u1ea7n \u00e1o m\u00e0u \u0111en v\u00e0 t\u00edm, m\u0169 tr\u00f9m \u0111\u1ea7u tai th\u1ecf m\u00e0u \u0111en v\u00e0 h\u1ecda ti\u1ebft \u0111\u1ea7u l\u00e2u x\u01b0\u01a1ng ch\u00e9o. C\u00f4 \u1ea5y th\u01b0\u1eddng \u0111\u01b0\u1ee3c mi\u00eau t\u1ea3 v\u1edbi n\u1ee5 c\u01b0\u1eddi ma qu\u1ef7 v\u00e0 c\u00f3 t\u00ednh c\u00e1ch ch\u00e2m bi\u1ebfm v\u00e0 h\u01a1i n\u1ed5i lo\u1ea1n.<\/div>","protected":false},"excerpt":{"rendered":"<p>Th\u01b0\u01a1ng hi\u1ec7u: TOPTOY<br \/>\nGi\u1edbi t\u00ednh: Unisex<br \/>\n\u0110\u1ed9 tu\u1ed5i: &gt; 15 tu\u1ed5i<br \/>\nS\u1ed1 m\u00f4 h\u00ecnh: 1803<br \/>\nPh\u00e2n lo\u1ea1i: T\u1eadp h\u1ee3p<br \/>\nH\u00ecnh d\u1ea1ng kh\u1ed1i nh\u1ef1a: G\u1ea1ch t\u1ef1 kh\u00f3a<br \/>\nCh\u1ea5t li\u1ec7u: Nh\u1ef1a<br \/>\nLo\u1ea1i nh\u1ef1a: ABS<br \/>\nKh\u1ed1i g\u1ea1ch: 1000 +<br \/>\nKh\u00f4ng c\u00f3 h\u1ed9p ban \u0111\u1ea7u<\/p>","protected":false},"featured_media":43310,"comment_status":"open","ping_status":"closed","template":"","meta":{"_acf_changed":false},"product_cat":[1365,371],"product_tag":[11072,8452,11610,11611],"class_list":["product","first","instock","shipping-taxable","purchasable","product-type-simple"],"acf":[],"_links":{"self":[{"href":"https:\/\/mouldking.store\/vi\/wp-json\/wp\/v2\/product\/43317","targetHints":{"allow":["GET"]}}],"collection":[{"href":"https:\/\/mouldking.store\/vi\/wp-json\/wp\/v2\/product"}],"about":[{"href":"https:\/\/mouldking.store\/vi\/wp-json\/wp\/v2\/types\/product"}],"replies":[{"embeddable":true,"href":"https:\/\/mouldking.store\/vi\/wp-json\/wp\/v2\/comments?post=43317"}],"wp:featuredmedia":[{"embeddable":true,"href":"https:\/\/mouldking.store\/vi\/wp-json\/wp\/v2\/media\/43310"}],"wp:attachment":[{"href":"https:\/\/mouldking.store\/vi\/wp-json\/wp\/v2\/media?parent=43317"}],"wp:term":[{"taxonomy":"product_cat","embeddable":true,"href":"https:\/\/mouldking.store\/vi\/wp-json\/wp\/v2\/product_cat?post=43317"},{"taxonomy":"product_tag","embeddable":true,"href":"https:\/\/mouldking.store\/vi\/wp-json\/wp\/v2\/product_tag?post=43317"}],"curies":[{"name":"wp","href":"https:\/\/api.w.org\/{rel}","templated":true}]}}