{"id":43330,"date":"2023-03-22T10:21:57","date_gmt":"2023-03-22T03:21:57","guid":{"rendered":"https:\/\/mouldking.store\/shop\/rastar-93500-maserati-mc20-nettuno-sports-car-with-3400-pieces\/"},"modified":"2023-03-22T10:21:57","modified_gmt":"2023-03-22T03:21:57","slug":"rastar-93500-maserati-mc20-nettuno-sports-car-with-3400-pieces","status":"publish","type":"product","link":"https:\/\/mouldking.store\/vi\/shop\/rastar-93500-maserati-mc20-nettuno-sports-car-with-3400-pieces\/","title":{"rendered":"Rastar 93500 Xe th\u1ec3 thao Maserati MC20 Nettuno v\u1edbi 3400 mi\u1ebfng"},"content":{"rendered":"<div>\u2705 Xe th\u1ec3 thao RASTAR 93500 Maserati MC20 Nettuno&nbsp;<br \/>&nbsp;<br \/>\u2705Maserati MC20 Nettuno l\u00e0 m\u1eabu xe th\u1ec3 thao hi\u1ec7u su\u1ea5t cao \u0111\u01b0\u1ee3c s\u1ea3n xu\u1ea5t b\u1edfi h\u00e3ng xe \u00dd Maserati. N\u00f3 \u0111\u01b0\u1ee3c ra m\u1eaft v\u00e0o th\u00e1ng 9 n\u0103m 2020 v\u1edbi t\u01b0 c\u00e1ch l\u00e0 si\u00eau xe \u0111\u1ea7u ti\u00ean c\u1ee7a th\u01b0\u01a1ng hi\u1ec7u sau h\u01a1n m\u1ed9t th\u1eadp k\u1ef7. MC20 \u0111\u01b0\u1ee3c trang b\u1ecb \u0111\u1ed9ng c\u01a1 V6 t\u0103ng \u00e1p k\u00e9p, dung t\u00edch 3.0 l\u00edt m\u1edbi, \u0111\u01b0\u1ee3c g\u1ecdi l\u00e0 Nettuno, \u0111\u01b0\u1ee3c ph\u00e1t tri\u1ec3n ho\u00e0n to\u00e0n trong nh\u00e0 b\u1edfi Maserati. \u0110\u1ed9ng c\u01a1 s\u1ea3n sinh c\u00f4ng su\u1ea5t 621 m\u00e3 l\u1ef1c v\u00e0 m\u00f4-men xo\u1eafn 538 pound-feet, k\u1ebft h\u1ee3p v\u1edbi h\u1ed9p s\u1ed1 t\u1ef1 \u0111\u1ed9ng ly h\u1ee3p k\u00e9p t\u00e1m c\u1ea5p.<br \/>&nbsp;<br \/>\ud83d\udeab QUAN TR\u1eccNG!&nbsp;<br \/>&nbsp;<br \/>T\u00ean s\u1ea3n ph\u1ea9m: Xe th\u1ec3 thao Maserati MC20 Nettuno&nbsp;<br \/>&nbsp;<br \/>Danh m\u1ee5c: K\u1ef9 thu\u1eadt<br \/>&nbsp;<br \/>B\u1ed9 n\u00e0y ch\u1ee9a: RASTAR 93500<br \/>&nbsp;<br \/>3400 vi\u00ean g\u1ea1ch ch\u1ea5t l\u01b0\u1ee3ng t\u1ed1t&nbsp;<br \/>&nbsp;<br \/>K\u00edch th\u01b0\u1edbc: 58,5 \u00d7 28,1 \u00d7 15,4 cm<br \/>&nbsp;<br \/>H\u01b0\u1edbng d\u1eabn th\u1ee7 c\u00f4ng&nbsp;<br \/>&nbsp;<br \/>\ud83d\udcccB\u1ea3n ch\u1ea5t c\u1ee7a nh\u00e2n v\u1eadt ch\u00ednh&nbsp;<br \/>&nbsp;<br \/>Xin gi\u1edbi thi\u1ec7u b\u1ed9 s\u01b0u t\u1eadp \u0111\u00e1ng t\u1ef1 h\u00e0o c\u1ee7a ch\u00fang t\u00f4i mang t\u00ean \u201cXe th\u1ec3 thao Maserati MC20 Nettuno\u201d m\u00e0 b\u1ea1n kh\u00f4ng n\u00ean b\u1ecf l\u1ee1.&nbsp;<br \/>&nbsp;<br \/>MC20 c\u00f3 thi\u1ebft k\u1ebf ki\u1ec3u d\u00e1ng \u0111\u1eb9p v\u00e0 kh\u00ed \u0111\u1ed9ng h\u1ecdc v\u1edbi d\u00e1ng xe th\u1ea5p, r\u1ed9ng v\u00e0 ph\u1ea7n \u0111\u1ea7u xe s\u1eafc c\u1ea1nh. N\u00f3 c\u0169ng c\u00f3 c\u00e1c c\u00f4ng ngh\u1ec7 ti\u00ean ti\u1ebfn nh\u01b0 kh\u00ed \u0111\u1ed9ng h\u1ecdc ch\u1ee7 \u0111\u1ed9ng, c\u1ee5m c\u00f4ng c\u1ee5 k\u1ef9 thu\u1eadt s\u1ed1 ho\u00e0n to\u00e0n v\u00e0 h\u1ec7 th\u1ed1ng treo tinh vi. Chi\u1ebfc xe c\u00f3 kh\u1ea3 n\u0103ng t\u0103ng t\u1ed1c t\u1eeb 0 \u0111\u1ebfn 60 d\u1eb7m m\u1ed9t gi\u1edd trong v\u00f2ng ch\u01b0a \u0111\u1ea7y ba gi\u00e2y v\u00e0 c\u00f3 t\u1ed1c \u0111\u1ed9 t\u1ed1i \u0111a h\u01a1n 200 d\u1eb7m m\u1ed9t gi\u1edd.<\/div>","protected":false},"excerpt":{"rendered":"<p>Th\u01b0\u01a1ng hi\u1ec7u: Rastar<br \/>\nGi\u1edbi t\u00ednh: Unisex<br \/>\n\u0110\u1ed9 tu\u1ed5i: &gt; 14 tu\u1ed5i<br \/>\nS\u1ed1 m\u00f4 h\u00ecnh: 93500<br \/>\nPh\u00e2n lo\u1ea1i: T\u1eadp h\u1ee3p<br \/>\nH\u00ecnh d\u1ea1ng kh\u1ed1i nh\u1ef1a: G\u1ea1ch t\u1ef1 kh\u00f3a<br \/>\nCh\u1ea5t li\u1ec7u: Nh\u1ef1a<br \/>\nLo\u1ea1i nh\u1ef1a: ABS<br \/>\nKh\u1ed1i g\u1ea1ch: 3400 +<br \/>\nCh\u1ec9 \u0110\u1eb7t<br \/>\nPhi\u00ean b\u1ea3n \u0111\u1ed9ng<br \/>\nKh\u00f4ng c\u00f3 h\u1ed9p ban \u0111\u1ea7u<\/p>","protected":false},"featured_media":43325,"comment_status":"open","ping_status":"closed","template":"","meta":{"_acf_changed":false},"product_cat":[1360,1357,364],"product_tag":[457,11612,11613,11614,11150,389,11080],"class_list":["product","first","instock","shipping-taxable","purchasable","product-type-simple"],"acf":[],"_links":{"self":[{"href":"https:\/\/mouldking.store\/vi\/wp-json\/wp\/v2\/product\/43330","targetHints":{"allow":["GET"]}}],"collection":[{"href":"https:\/\/mouldking.store\/vi\/wp-json\/wp\/v2\/product"}],"about":[{"href":"https:\/\/mouldking.store\/vi\/wp-json\/wp\/v2\/types\/product"}],"replies":[{"embeddable":true,"href":"https:\/\/mouldking.store\/vi\/wp-json\/wp\/v2\/comments?post=43330"}],"wp:featuredmedia":[{"embeddable":true,"href":"https:\/\/mouldking.store\/vi\/wp-json\/wp\/v2\/media\/43325"}],"wp:attachment":[{"href":"https:\/\/mouldking.store\/vi\/wp-json\/wp\/v2\/media?parent=43330"}],"wp:term":[{"taxonomy":"product_cat","embeddable":true,"href":"https:\/\/mouldking.store\/vi\/wp-json\/wp\/v2\/product_cat?post=43330"},{"taxonomy":"product_tag","embeddable":true,"href":"https:\/\/mouldking.store\/vi\/wp-json\/wp\/v2\/product_tag?post=43330"}],"curies":[{"name":"wp","href":"https:\/\/api.w.org\/{rel}","templated":true}]}}