{"id":43355,"date":"2023-03-22T11:05:06","date_gmt":"2023-03-22T04:05:06","guid":{"rendered":"https:\/\/mouldking.store\/shop\/jaki-8212-1979s-cassette-music-walker-with-500-pieces\/"},"modified":"2023-05-15T15:36:42","modified_gmt":"2023-05-15T08:36:42","slug":"jaki-8212-1979s-cassette-music-walker-with-500-pieces","status":"publish","type":"product","link":"https:\/\/mouldking.store\/vi\/shop\/jaki-8212-1979s-cassette-music-walker-with-500-pieces\/","title":{"rendered":"M\u00e1y ph\u00e1t nh\u1ea1c Cassette JAKI 8212 1979S v\u1edbi 500 mi\u1ebfng"},"content":{"rendered":"<div>\u2705 M\u00e1y nghe nh\u1ea1c Cassette JAKI 8212 1979S<br \/>&nbsp;<br \/>\u2705Casset music walker l\u00e0 m\u1ed9t lo\u1ea1i m\u00e1y nghe nh\u1ea1c c\u1ea7m tay ph\u1ed5 bi\u1ebfn v\u00e0o nh\u1eefng n\u0103m 1980 v\u00e0 \u0111\u1ea7u nh\u1eefng n\u0103m 1990. N\u00f3 \u0111\u01b0\u1ee3c thi\u1ebft k\u1ebf \u0111\u1ec3 \u0111eo \u1edf th\u1eaft l\u01b0ng ho\u1eb7c c\u1ea7m tr\u00ean tay khi \u0111i b\u1ed9 ho\u1eb7c ch\u1ea1y b\u1ed9, do \u0111\u00f3 c\u00f3 t\u00ean l\u00e0 \u201cm\u00e1y t\u1eadp \u0111i\u201d.<br \/>&nbsp;<br \/>\ud83d\udeab QUAN TR\u1eccNG!&nbsp;<br \/>&nbsp;<br \/>T\u00ean s\u1ea3n ph\u1ea9m: M\u00e1y nghe nh\u1ea1c Cassette 1979S<br \/>&nbsp;<br \/>Th\u1ec3 lo\u1ea1i: Ng\u01b0\u1eddi s\u00e1ng t\u1ea1o&nbsp;<br \/>&nbsp;<br \/>B\u1ed9 n\u00e0y ch\u1ee9a: JAKI 8212<br \/>&nbsp;<br \/>500 vi\u00ean g\u1ea1ch ch\u1ea5t l\u01b0\u1ee3ng t\u1ed1t&nbsp;<br \/>&nbsp;<br \/>K\u00edch th\u01b0\u1edbc: 10.4\u00d74.4\u00d78 cm<br \/>&nbsp;<br \/>H\u01b0\u1edbng d\u1eabn th\u1ee7 c\u00f4ng&nbsp;<br \/>&nbsp;<br \/>\ud83d\udcccB\u1ea3n ch\u1ea5t c\u1ee7a nh\u00e2n v\u1eadt ch\u00ednh&nbsp;<br \/>&nbsp;<br \/>Xin gi\u1edbi thi\u1ec7u b\u1ed9 s\u01b0u t\u1eadp \u0111\u00e1ng t\u1ef1 h\u00e0o c\u1ee7a ch\u00fang t\u00f4i mang t\u00ean \u201c1979S Cassette Music Walker\u201d m\u00e0 b\u1ea1n kh\u00f4ng n\u00ean b\u1ecf l\u1ee1.&nbsp;<br \/>&nbsp;<br \/>M\u00e1y \u0111i b\u1ed9 nh\u1ea1c b\u0103ng c\u00e1t-x\u00e9t th\u01b0\u1eddng c\u00f3 \u0111\u1ea7u ph\u00e1t b\u0103ng c\u00e1t-x\u00e9t t\u00edch h\u1ee3p s\u1eb5n, b\u1ed9 thu s\u00f3ng radio v\u00e0 m\u1ed9t c\u1eb7p tai nghe. N\u00f3 \u0111\u01b0\u1ee3c cung c\u1ea5p b\u1edfi pin, l\u00e0m cho n\u00f3 di \u0111\u1ed9ng v\u00e0 d\u1ec5 s\u1eed d\u1ee5ng trong khi di chuy\u1ec3n. Thi\u1ebft b\u1ecb n\u00e0y th\u01b0\u1eddng c\u00f3 m\u1ed9t m\u00e0n h\u00ecnh LCD nh\u1ecf \u0111\u1ec3 hi\u1ec3n th\u1ecb s\u1ed1 b\u1ea3n nh\u1ea1c v\u00e0 t\u1ea7n s\u1ed1 radio.<\/div>","protected":false},"excerpt":{"rendered":"<p>Th\u01b0\u01a1ng hi\u1ec7u: JAKI<br \/>\nGi\u1edbi t\u00ednh: Unisex<br \/>\n\u0110\u1ed9 tu\u1ed5i: &gt; 8 tu\u1ed5i<br \/>\nS\u1ed1 m\u00f4 h\u00ecnh: 8212<br \/>\nPh\u00e2n lo\u1ea1i: T\u1eadp h\u1ee3p<br \/>\nH\u00ecnh d\u1ea1ng kh\u1ed1i nh\u1ef1a: G\u1ea1ch t\u1ef1 kh\u00f3a<br \/>\nCh\u1ea5t li\u1ec7u: Nh\u1ef1a<br \/>\nLo\u1ea1i nh\u1ef1a: ABS<br \/>\nKh\u1ed1i g\u1ea1ch: 500 +<br \/>\nKh\u00f4ng c\u00f3 h\u1ed9p ban \u0111\u1ea7u<br \/>\nM\u1ea3nh gh\u00e9p c\u00f3 th\u1ec3 thay \u0111\u1ed5i<\/p>","protected":false},"featured_media":43350,"comment_status":"open","ping_status":"closed","template":"","meta":{"_acf_changed":false},"product_cat":[1365,371],"product_tag":[11617,11072,8452,1465,11223],"class_list":["product","first","instock","shipping-taxable","purchasable","product-type-simple"],"acf":[],"_links":{"self":[{"href":"https:\/\/mouldking.store\/vi\/wp-json\/wp\/v2\/product\/43355","targetHints":{"allow":["GET"]}}],"collection":[{"href":"https:\/\/mouldking.store\/vi\/wp-json\/wp\/v2\/product"}],"about":[{"href":"https:\/\/mouldking.store\/vi\/wp-json\/wp\/v2\/types\/product"}],"replies":[{"embeddable":true,"href":"https:\/\/mouldking.store\/vi\/wp-json\/wp\/v2\/comments?post=43355"}],"wp:featuredmedia":[{"embeddable":true,"href":"https:\/\/mouldking.store\/vi\/wp-json\/wp\/v2\/media\/43350"}],"wp:attachment":[{"href":"https:\/\/mouldking.store\/vi\/wp-json\/wp\/v2\/media?parent=43355"}],"wp:term":[{"taxonomy":"product_cat","embeddable":true,"href":"https:\/\/mouldking.store\/vi\/wp-json\/wp\/v2\/product_cat?post=43355"},{"taxonomy":"product_tag","embeddable":true,"href":"https:\/\/mouldking.store\/vi\/wp-json\/wp\/v2\/product_tag?post=43355"}],"curies":[{"name":"wp","href":"https:\/\/api.w.org\/{rel}","templated":true}]}}