{"id":43385,"date":"2023-03-24T09:47:30","date_gmt":"2023-03-24T02:47:30","guid":{"rendered":"https:\/\/mouldking.store\/shop\/jiestar-58006-tiangong-space-station-with-838-pieces\/"},"modified":"2023-03-24T09:47:30","modified_gmt":"2023-03-24T02:47:30","slug":"jiestar-58006-tiangong-space-station-with-838-pieces","status":"publish","type":"product","link":"https:\/\/mouldking.store\/vi\/shop\/jiestar-58006-tiangong-space-station-with-838-pieces\/","title":{"rendered":"JIESTAR 58006 Tr\u1ea1m v\u0169 tr\u1ee5 Tiangong v\u1edbi 838 m\u1ea3nh gh\u00e9p"},"content":{"rendered":"<div>\u2705 Tr\u1ea1m V\u0169 tr\u1ee5 Thi\u00ean Cung JIESTAR 58006<br \/>&nbsp;<br \/>\u2705Tr\u1ea1m v\u0169 tr\u1ee5 Tiangong l\u00e0 tr\u1ea1m v\u0169 tr\u1ee5 hi\u1ec7n \u0111ang \u0111\u01b0\u1ee3c Trung Qu\u1ed1c ph\u00e1t tri\u1ec3n v\u00e0 l\u1eafp r\u00e1p. C\u00e1i t\u00ean &quot;Tiangong&quot; c\u00f3 ngh\u0129a l\u00e0 &quot;Cung \u0111i\u1ec7n tr\u00ean tr\u1eddi&quot; trong ti\u1ebfng Trung Qu\u1ed1c. N\u00f3 \u0111\u01b0\u1ee3c thi\u1ebft k\u1ebf \u0111\u1ec3 tr\u1edf th\u00e0nh m\u1ed9t tr\u1ea1m v\u0169 tr\u1ee5 m\u00f4-\u0111un, bao g\u1ed3m ba th\u00e0nh ph\u1ea7n ch\u00ednh: m\u00f4-\u0111un l\u00f5i, hai m\u00f4-\u0111un th\u00ed nghi\u1ec7m v\u00e0 t\u00e0u v\u0169 tr\u1ee5 ch\u1edf h\u00e0ng.<br \/>&nbsp;<br \/>\ud83d\udeab QUAN TR\u1eccNG!&nbsp;<br \/>&nbsp;<br \/>T\u00ean s\u1ea3n ph\u1ea9m: Tr\u1ea1m v\u0169 tr\u1ee5 Tiangong<\/p>\n<p>Th\u1ec3 lo\u1ea1i: Kh\u00f4ng gian<br \/>&nbsp;<br \/>B\u1ed9 n\u00e0y Ch\u1ee9a: JIESTAR 58006<br \/>&nbsp;<br \/>838 vi\u00ean g\u1ea1ch ch\u1ea5t l\u01b0\u1ee3ng t\u1ed1t&nbsp;<br \/>&nbsp;<br \/>K\u00edch th\u01b0\u1edbc: 38.5\u00d737.5\u00d729 cm<br \/>&nbsp;<br \/>H\u01b0\u1edbng d\u1eabn th\u1ee7 c\u00f4ng&nbsp;<br \/>&nbsp;<br \/>\ud83d\udcccB\u1ea3n ch\u1ea5t c\u1ee7a nh\u00e2n v\u1eadt ch\u00ednh&nbsp;<br \/>&nbsp;<br \/>Xin gi\u1edbi thi\u1ec7u b\u1ed9 s\u01b0u t\u1eadp \u0111\u00e1ng t\u1ef1 h\u00e0o c\u1ee7a ch\u00fang t\u00f4i mang t\u00ean \u201cTr\u1ea1m v\u0169 tr\u1ee5 Tiangong\u201d m\u00e0 b\u1ea1n kh\u00f4ng n\u00ean b\u1ecf l\u1ee1.&nbsp;<br \/>&nbsp;<br \/>M\u00f4-\u0111un \u0111\u1ea7u ti\u00ean, Tianhe-1, \u0111\u01b0\u1ee3c ra m\u1eaft v\u00e0o ng\u00e0y 29 th\u00e1ng 4 n\u0103m 2021 v\u00e0 \u0111\u00f3ng vai tr\u00f2 l\u00e0 trung t\u00e2m trung t\u00e2m c\u1ee7a nh\u00e0 ga. N\u00f3 cung c\u1ea5p n\u01a1i \u1edf cho phi h\u00e0nh \u0111o\u00e0n v\u00e0 ch\u1ee9a c\u00e1c h\u1ec7 th\u1ed1ng h\u1ed7 tr\u1ee3 s\u1ef1 s\u1ed1ng, h\u1ec7 th\u1ed1ng n\u0103ng l\u01b0\u1ee3ng v\u00e0 l\u1ef1c \u0111\u1ea9y c\u0169ng nh\u01b0 h\u1ec7 th\u1ed1ng \u0111i\u1ec1u khi\u1ec3n c\u1ee7a tr\u1ea1m. Tr\u1ea1m s\u1ebd \u0111\u01b0\u1ee3c s\u1eed d\u1ee5ng cho nhi\u1ec1u m\u1ee5c \u0111\u00edch kh\u00e1c nhau, bao g\u1ed3m nghi\u00ean c\u1ee9u khoa h\u1ecdc, ph\u00e1t tri\u1ec3n c\u00f4ng ngh\u1ec7 v\u00e0 th\u00ed nghi\u1ec7m kh\u00f4ng gian. N\u00f3 c\u0169ng \u0111\u01b0\u1ee3c cho l\u00e0 s\u1ebd \u0111\u00f3ng m\u1ed9t vai tr\u00f2 trong c\u00e1c k\u1ebf ho\u1ea1ch th\u0103m d\u00f2 m\u1eb7t tr\u0103ng \u0111\u1ea7y tham v\u1ecdng c\u1ee7a Trung Qu\u1ed1c.<\/div>","protected":false},"excerpt":{"rendered":"<p>Th\u01b0\u01a1ng hi\u1ec7u: JIESTAR<br \/>\nGi\u1edbi t\u00ednh: Unisex<br \/>\n\u0110\u1ed9 tu\u1ed5i: &gt; 6 tu\u1ed5i<br \/>\nS\u1ed1 m\u00f4 h\u00ecnh: 58006<br \/>\nPh\u00e2n lo\u1ea1i: T\u1eadp h\u1ee3p<br \/>\nH\u00ecnh d\u1ea1ng kh\u1ed1i nh\u1ef1a: G\u1ea1ch t\u1ef1 kh\u00f3a<br \/>\nCh\u1ea5t li\u1ec7u: Nh\u1ef1a<br \/>\nLo\u1ea1i nh\u1ef1a: ABS<br \/>\nKh\u1ed1i g\u1ea1ch: 838 +<br \/>\nKh\u00f4ng c\u00f3 h\u1ed9p ban \u0111\u1ea7u<\/p>","protected":false},"featured_media":43379,"comment_status":"open","ping_status":"closed","template":"","meta":{"_acf_changed":false},"product_cat":[1357,6016,364],"product_tag":[2276,2309,389,11624],"class_list":["product","first","instock","shipping-taxable","purchasable","product-type-simple"],"acf":[],"_links":{"self":[{"href":"https:\/\/mouldking.store\/vi\/wp-json\/wp\/v2\/product\/43385","targetHints":{"allow":["GET"]}}],"collection":[{"href":"https:\/\/mouldking.store\/vi\/wp-json\/wp\/v2\/product"}],"about":[{"href":"https:\/\/mouldking.store\/vi\/wp-json\/wp\/v2\/types\/product"}],"replies":[{"embeddable":true,"href":"https:\/\/mouldking.store\/vi\/wp-json\/wp\/v2\/comments?post=43385"}],"wp:featuredmedia":[{"embeddable":true,"href":"https:\/\/mouldking.store\/vi\/wp-json\/wp\/v2\/media\/43379"}],"wp:attachment":[{"href":"https:\/\/mouldking.store\/vi\/wp-json\/wp\/v2\/media?parent=43385"}],"wp:term":[{"taxonomy":"product_cat","embeddable":true,"href":"https:\/\/mouldking.store\/vi\/wp-json\/wp\/v2\/product_cat?post=43385"},{"taxonomy":"product_tag","embeddable":true,"href":"https:\/\/mouldking.store\/vi\/wp-json\/wp\/v2\/product_tag?post=43385"}],"curies":[{"name":"wp","href":"https:\/\/api.w.org\/{rel}","templated":true}]}}