{"id":43412,"date":"2023-03-24T10:51:06","date_gmt":"2023-03-24T03:51:06","guid":{"rendered":"https:\/\/mouldking.store\/shop\/moc-factory-133774-sentry-scrounger-from-horizon-forbidden-west-with-881-pieces\/"},"modified":"2025-12-16T22:25:07","modified_gmt":"2025-12-16T15:25:07","slug":"moc-factory-133774-sentry-scrounger-from-horizon-forbidden-west-with-881-pieces","status":"publish","type":"product","link":"https:\/\/mouldking.store\/vi\/shop\/moc-factory-133774-sentry-scrounger-from-horizon-forbidden-west-with-881-pieces\/","title":{"rendered":"MOC Factory 133774 Sentry Scrounger from Horizon: Forbidden West with 881 Pieces"},"content":{"rendered":"<div>\u2705 MOC-133774 Sentry Scrounger t\u1eeb Horizon: Forbidden West<\/p>\n<p>\u2705Horizon: Forbidden West l\u00e0 m\u1ed9t tr\u00f2 ch\u01a1i nh\u1eadp vai h\u00e0nh \u0111\u1ed9ng \u0111\u01b0\u1ee3c ph\u00e1t tri\u1ec3n b\u1edfi Guerrilla Games v\u00e0 d\u1ef1 ki\u1ebfn ph\u00e1t h\u00e0nh v\u00e0o th\u00e1ng 2 n\u0103m 2022 cho h\u1ec7 m\u00e1y PlayStation 4 v\u00e0 PlayStation 5. Tr\u00f2 ch\u01a1i l\u00e0 ph\u1ea7n ti\u1ebfp theo c\u1ee7a Horizon Zero Dawn v\u00e0 l\u1ea5y b\u1ed1i c\u1ea3nh \u1edf m\u1ed9t th\u1ebf gi\u1edbi h\u1eadu t\u1eadn th\u1ebf, n\u01a1i con ng\u01b0\u1eddi v\u00e0 m\u00e1y m\u00f3c c\u00f9ng t\u1ed3n t\u1ea1i, nh\u01b0ng b\u1ecb \u0111e d\u1ecda b\u1edfi m\u1ed9t m\u1ed1i \u0111e d\u1ecda m\u1edbi.<\/p>\n<p>\ud83d\udeab QUAN TR\u1eccNG!<\/p>\n<p>T\u00ean s\u1ea3n ph\u1ea9m: Sentry Scrounger from Horizon: Forbidden West<\/p>\n<p>Th\u1ec3 lo\u1ea1i: Phim<\/p>\n<p>B\u1ed9 n\u00e0y ch\u1ee9a: C9348<\/p>\n<p>881 chi\u1ebfc G\u1ea1ch ch\u1ea5t l\u01b0\u1ee3ng t\u1ed1t<\/p>\n<p>K\u00edch th\u01b0\u1edbc: 34 x 14 x 28 cm<\/p>\n<p>C\u00e2n n\u1eb7ng: 0,45kg<\/p>\n<p>H\u01b0\u1edbng d\u1eabn PDF<\/p>\n<p>\ud83d\udcccB\u1ea3n ch\u1ea5t c\u1ee7a nh\u00e2n v\u1eadt ch\u00ednh<\/p>\n<p>Xin gi\u1edbi thi\u1ec7u b\u1ed9 s\u01b0u t\u1eadp \u0111\u00e1ng t\u1ef1 h\u00e0o c\u1ee7a ch\u00fang t\u00f4i c\u00f3 t\u00ean \u201cSentry Scrounger from Horizon: Forbidden West\u201d m\u00e0 b\u1ea1n kh\u00f4ng n\u00ean b\u1ecf l\u1ee1.<\/p>\n<p>Scrounger l\u00e0 m\u1ed9t c\u1ed7 m\u00e1y \u1edf Horizon Forbidden West. N\u00f3 l\u00e0 m\u1ed9t c\u1ed7 m\u00e1y nh\u1ecf thu\u1ed9c l\u1edbp Mua l\u1ea1i c\u00f3 h\u00ecnh th\u1ee9c v\u00e0 ch\u1ee9c n\u0103ng r\u1ea5t gi\u1ed1ng v\u1edbi Scrappers v\u00e0 nhanh ch\u00f3ng x\u00e9 b\u1ecf c\u00e1c m\u1ea3nh c\u1ee7a c\u1ed7 m\u00e1y \u0111\u00e3 ch\u1ebft \u0111\u1ec3 thu th\u1eadp v\u00e0 t\u00e1i ch\u1ebf t\u00e0i nguy\u00ean. N\u00f3 \u0111\u01b0\u1ee3c trang b\u1ecb v\u0169 kh\u00ed t\u1ea5n c\u00f4ng \u0111\u1ec3 s\u1eed d\u1ee5ng ch\u1ed1ng l\u1ea1i c\u00e1c m\u1ed1i \u0111e d\u1ecda.<\/p><\/div>","protected":false},"excerpt":{"rendered":"<p>Th\u01b0\u01a1ng hi\u1ec7u: Nh\u00e0 m\u00e1y M\u1ed8C<br \/>\nGi\u1edbi t\u00ednh: Unisex<br \/>\n\u0110\u1ed9 tu\u1ed5i: &gt; 6 tu\u1ed5i<br \/>\nS\u1ed1 m\u00f4 h\u00ecnh: 133774<br \/>\nPh\u00e2n lo\u1ea1i: T\u1eadp h\u1ee3p<br \/>\nH\u00ecnh d\u1ea1ng kh\u1ed1i nh\u1ef1a: G\u1ea1ch t\u1ef1 kh\u00f3a<br \/>\nCh\u1ea5t li\u1ec7u: Nh\u1ef1a<br \/>\nLo\u1ea1i nh\u1ef1a: ABS<br \/>\nKh\u1ed1i g\u1ea1ch: 881 +<br \/>\nKh\u00f4ng c\u00f3 h\u1ed9p ban \u0111\u1ea7u<\/p>","protected":false},"featured_media":43409,"comment_status":"open","ping_status":"closed","template":"","meta":{"_acf_changed":false},"product_cat":[1365,371,581,1408],"product_tag":[11072,8452,9815,8168,434,11627,8833,8965],"class_list":["product","first","instock","shipping-taxable","purchasable","product-type-simple"],"acf":[],"_links":{"self":[{"href":"https:\/\/mouldking.store\/vi\/wp-json\/wp\/v2\/product\/43412","targetHints":{"allow":["GET"]}}],"collection":[{"href":"https:\/\/mouldking.store\/vi\/wp-json\/wp\/v2\/product"}],"about":[{"href":"https:\/\/mouldking.store\/vi\/wp-json\/wp\/v2\/types\/product"}],"replies":[{"embeddable":true,"href":"https:\/\/mouldking.store\/vi\/wp-json\/wp\/v2\/comments?post=43412"}],"wp:featuredmedia":[{"embeddable":true,"href":"https:\/\/mouldking.store\/vi\/wp-json\/wp\/v2\/media\/43409"}],"wp:attachment":[{"href":"https:\/\/mouldking.store\/vi\/wp-json\/wp\/v2\/media?parent=43412"}],"wp:term":[{"taxonomy":"product_cat","embeddable":true,"href":"https:\/\/mouldking.store\/vi\/wp-json\/wp\/v2\/product_cat?post=43412"},{"taxonomy":"product_tag","embeddable":true,"href":"https:\/\/mouldking.store\/vi\/wp-json\/wp\/v2\/product_tag?post=43412"}],"curies":[{"name":"wp","href":"https:\/\/api.w.org\/{rel}","templated":true}]}}