{"id":43430,"date":"2023-03-24T11:19:39","date_gmt":"2023-03-24T04:19:39","guid":{"rendered":"https:\/\/mouldking.store\/shop\/moc-factory-128963-imperial-fortress-pirates-series-with-3287-pieces\/"},"modified":"2025-12-16T22:25:07","modified_gmt":"2025-12-16T15:25:07","slug":"moc-factory-128963-imperial-fortress-pirates-series-with-3287-pieces","status":"publish","type":"product","link":"https:\/\/mouldking.store\/vi\/shop\/moc-factory-128963-imperial-fortress-pirates-series-with-3287-pieces\/","title":{"rendered":"MOC Factory 128963 S\u00ea-ri C\u01b0\u1edbp bi\u1ec3n Ph\u00e1o \u0111\u00e0i Ho\u00e0ng gia v\u1edbi 3287 M\u1ea3nh gh\u00e9p"},"content":{"rendered":"<div>\u2705 MOC-128963 D\u00f2ng C\u01b0\u1edbp bi\u1ec3n Ph\u00e1o \u0111\u00e0i Ho\u00e0ng gia<\/p>\n<p>\u2705C\u01b0\u1edbp bi\u1ec3n ph\u00e1o \u0111\u00e0i l\u00e0 nh\u00f3m \u0111\u01b0\u1ee3c bi\u1ebft \u0111\u1ebfn v\u1edbi vi\u1ec7c t\u1ea5n c\u00f4ng v\u00e0 c\u01b0\u1edbp b\u00f3c c\u00e1c c\u00f4ng tr\u00ecnh ki\u00ean c\u1ed1, ch\u1eb3ng h\u1ea1n nh\u01b0 l\u00e2u \u0111\u00e0i, ph\u00e1o \u0111\u00e0i ho\u1eb7c c\u00e1c lo\u1ea1i c\u00f4ng tr\u00ecnh ho\u1eb7c khu \u0111\u1ecbnh c\u01b0 ki\u00ean c\u1ed1 kh\u00e1c. Nh\u1eefng t\u00ean c\u01b0\u1edbp bi\u1ec3n n\u00e0y s\u1eed d\u1ee5ng c\u00e1c chi\u1ebfn thu\u1eadt, v\u0169 kh\u00ed ho\u1eb7c thi\u1ebft b\u1ecb chuy\u00ean d\u1ee5ng \u0111\u1ec3 ph\u00e1 v\u1ee1 h\u1ec7 th\u1ed1ng ph\u00f2ng th\u1ee7 v\u00e0 gi\u00e0nh quy\u1ec1n truy c\u1eadp v\u00e0o c\u00e1c t\u00e0i nguy\u00ean c\u00f3 gi\u00e1 tr\u1ecb, ch\u1eb3ng h\u1ea1n nh\u01b0 v\u00e0ng, v\u0169 kh\u00ed ho\u1eb7c kho b\u00e1u kh\u00e1c.<\/p>\n<p>\ud83d\udeab QUAN TR\u1eccNG!<\/p>\n<p>T\u00ean s\u1ea3n ph\u1ea9m: D\u00f2ng C\u01b0\u1edbp bi\u1ec3n Ph\u00e1o \u0111\u00e0i Ho\u00e0ng gia<\/p>\n<p>Th\u1ec3 lo\u1ea1i: Ng\u01b0\u1eddi s\u00e1ng t\u1ea1o<\/p>\n<p>B\u1ed9 n\u00e0y ch\u1ee9a: C9214Y01<\/p>\n<p>3287 vi\u00ean g\u1ea1ch ch\u1ea5t l\u01b0\u1ee3ng t\u1ed1t<\/p>\n<p>K\u00edch th\u01b0\u1edbc:60 x 51 x 51 cm<\/p>\n<p>C\u00e2n n\u1eb7ng: 2,58kg<\/p>\n<p>H\u01b0\u1edbng d\u1eabn PDF<\/p>\n<p>\ud83d\udcccB\u1ea3n ch\u1ea5t c\u1ee7a nh\u00e2n v\u1eadt ch\u00ednh<\/p>\n<p>Xin gi\u1edbi thi\u1ec7u b\u1ed9 s\u01b0u t\u1eadp \u0111\u00e1ng t\u1ef1 h\u00e0o c\u1ee7a ch\u00fang t\u00f4i c\u00f3 t\u00ean \u201cD\u00f2ng C\u01b0\u1edbp bi\u1ec3n Ph\u00e1o \u0111\u00e0i Ho\u00e0ng gia\u201d m\u00e0 b\u1ea1n kh\u00f4ng n\u00ean b\u1ecf l\u1ee1.<\/p>\n<p>&quot;Ph\u00e1o \u0111\u00e0i Ho\u00e0ng gia&quot; l\u00e0 m\u1ed9t c\u1ea5u tr\u00fac ho\u1eb7c khu ph\u1ee9c h\u1ee3p ki\u00ean c\u1ed1 \u0111\u01b0\u1ee3c s\u1edf h\u1eefu ho\u1eb7c ki\u1ec3m so\u00e1t b\u1edfi ch\u00ednh ph\u1ee7 ho\u1eb7c \u0111\u1ebf ch\u1ebf \u0111\u1ebf qu\u1ed1c. \u0110\u00e2y c\u00f3 th\u1ec3 l\u00e0 m\u1ed9t l\u00e2u \u0111\u00e0i, ph\u00e1o \u0111\u00e0i, c\u0103n c\u1ee9 qu\u00e2n s\u1ef1 ho\u1eb7c m\u1ed9t lo\u1ea1i th\u00e0nh tr\u00ec kh\u00e1c \u0111\u01b0\u1ee3c thi\u1ebft k\u1ebf \u0111\u1ec3 b\u1ea3o v\u1ec7 ch\u1ed1ng l\u1ea1i c\u00e1c cu\u1ed9c t\u1ea5n c\u00f4ng ho\u1eb7c x\u00e2m l\u01b0\u1ee3c c\u1ee7a k\u1ebb th\u00f9.<\/p><\/div>","protected":false},"excerpt":{"rendered":"<p>Th\u01b0\u01a1ng hi\u1ec7u: Nh\u00e0 m\u00e1y M\u1ed8C<br \/>\nGi\u1edbi t\u00ednh: Unisex<br \/>\n\u0110\u1ed9 tu\u1ed5i: &gt; 8 tu\u1ed5i<br \/>\nS\u1ed1 m\u00f4 h\u00ecnh: 128963<br \/>\nPh\u00e2n lo\u1ea1i: T\u1eadp h\u1ee3p<br \/>\nH\u00ecnh d\u1ea1ng kh\u1ed1i nh\u1ef1a: G\u1ea1ch t\u1ef1 kh\u00f3a<br \/>\nCh\u1ea5t li\u1ec7u: Nh\u1ef1a<br \/>\nLo\u1ea1i nh\u1ef1a: ABS<br \/>\nKh\u1ed1i g\u1ea1ch: 3287 +<br \/>\nKh\u00f4ng c\u00f3 h\u1ed9p ban \u0111\u1ea7u<\/p>","protected":false},"featured_media":43426,"comment_status":"open","ping_status":"closed","template":"","meta":{"_acf_changed":false},"product_cat":[1365,1395,371,390],"product_tag":[11072,8452,8659,392,2429],"class_list":["product","first","instock","shipping-taxable","purchasable","product-type-simple"],"acf":[],"_links":{"self":[{"href":"https:\/\/mouldking.store\/vi\/wp-json\/wp\/v2\/product\/43430","targetHints":{"allow":["GET"]}}],"collection":[{"href":"https:\/\/mouldking.store\/vi\/wp-json\/wp\/v2\/product"}],"about":[{"href":"https:\/\/mouldking.store\/vi\/wp-json\/wp\/v2\/types\/product"}],"replies":[{"embeddable":true,"href":"https:\/\/mouldking.store\/vi\/wp-json\/wp\/v2\/comments?post=43430"}],"wp:featuredmedia":[{"embeddable":true,"href":"https:\/\/mouldking.store\/vi\/wp-json\/wp\/v2\/media\/43426"}],"wp:attachment":[{"href":"https:\/\/mouldking.store\/vi\/wp-json\/wp\/v2\/media?parent=43430"}],"wp:term":[{"taxonomy":"product_cat","embeddable":true,"href":"https:\/\/mouldking.store\/vi\/wp-json\/wp\/v2\/product_cat?post=43430"},{"taxonomy":"product_tag","embeddable":true,"href":"https:\/\/mouldking.store\/vi\/wp-json\/wp\/v2\/product_tag?post=43430"}],"curies":[{"name":"wp","href":"https:\/\/api.w.org\/{rel}","templated":true}]}}