{"id":43437,"date":"2023-03-24T11:30:12","date_gmt":"2023-03-24T04:30:12","guid":{"rendered":"https:\/\/mouldking.store\/shop\/moc-factory-109281-7-axle-train-carriage-with-1544-pieces\/"},"modified":"2025-12-16T22:25:07","modified_gmt":"2025-12-16T15:25:07","slug":"moc-factory-109281-7-axle-train-carriage-with-1544-pieces","status":"publish","type":"product","link":"https:\/\/mouldking.store\/vi\/shop\/moc-factory-109281-7-axle-train-carriage-with-1544-pieces\/","title":{"rendered":"Nh\u00e0 m\u00e1y MOC 109281 Toa xe l\u1eeda 7 tr\u1ee5c v\u1edbi 1544 mi\u1ebfng"},"content":{"rendered":"<div>\u2705MOC-109281 Toa xe l\u1eeda 7 tr\u1ee5c<\/p>\n<p>\u2705Toa xe l\u1eeda 7 tr\u1ee5c l\u00e0 m\u1ed9t lo\u1ea1i toa xe \u0111\u01b0\u1eddng s\u1eaft \u0111\u01b0\u1ee3c thi\u1ebft k\u1ebf \u0111\u1ec3 v\u1eadn chuy\u1ec3n h\u00e0ng h\u00f3a ho\u1eb7c h\u00e0nh kh\u00e1ch tr\u00ean t\u00e0u h\u1ecfa. \u0110\u00fang nh\u01b0 t\u00ean g\u1ecdi, n\u00f3 c\u00f3 b\u1ea3y b\u1ed9 b\u00e1nh xe ho\u1eb7c tr\u1ee5c, gi\u00fap \u0111\u1ee1 v\u00e0 \u1ed5n \u0111\u1ecbnh khi c\u1ed7 xe di chuy\u1ec3n d\u1ecdc theo \u0111\u01b0\u1eddng ray.<\/p>\n<p>\ud83d\udeab QUAN TR\u1eccNG!<\/p>\n<p>T\u00ean s\u1ea3n ph\u1ea9m: Toa xe l\u1eeda 7 tr\u1ee5c<\/p>\n<p>Danh m\u1ee5c: K\u1ef9 thu\u1eadt<\/p>\n<p>B\u1ed9 n\u00e0y ch\u1ee9a: MOC-109281<\/p>\n<p>1544 chi\u1ebfc G\u1ea1ch ch\u1ea5t l\u01b0\u1ee3ng t\u1ed1t<\/p>\n<p>Tr\u1ecdng l\u01b0\u1ee3ng: 1600g<\/p>\n<p>H\u01b0\u1edbng d\u1eabn PDF<\/p>\n<p>\ud83d\udcccB\u1ea3n ch\u1ea5t c\u1ee7a nh\u00e2n v\u1eadt ch\u00ednh<\/p>\n<p>Xin gi\u1edbi thi\u1ec7u b\u1ed9 s\u01b0u t\u1eadp \u0111\u00e1ng t\u1ef1 h\u00e0o c\u1ee7a ch\u00fang t\u00f4i mang t\u00ean \u201cXe l\u1eeda 7 tr\u1ee5c\u201d m\u00e0 b\u1ea1n kh\u00f4ng n\u00ean b\u1ecf l\u1ee1.<\/p>\n<p>Thi\u1ebft k\u1ebf v\u00e0 m\u1ee5c \u0111\u00edch c\u1ee5 th\u1ec3 c\u1ee7a Toa xe l\u1eeda 7 tr\u1ee5c c\u00f3 th\u1ec3 kh\u00e1c nhau t\u00f9y thu\u1ed9c v\u00e0o lo\u1ea1i h\u00e0ng h\u00f3a ho\u1eb7c h\u00e0nh kh\u00e1ch m\u00e0 n\u00f3 d\u1ef1 \u0111\u1ecbnh v\u1eadn chuy\u1ec3n. Toa xe l\u1eeda 7 tr\u1ee5c l\u00e0 m\u1ed9t ph\u1ea7n quan tr\u1ecdng c\u1ee7a h\u1ec7 th\u1ed1ng giao th\u00f4ng to\u00e0n c\u1ea7u, cung c\u1ea5p ph\u01b0\u01a1ng ti\u1ec7n \u0111\u00e1ng tin c\u1eady v\u00e0 hi\u1ec7u qu\u1ea3 \u0111\u1ec3 v\u1eadn chuy\u1ec3n h\u00e0ng h\u00f3a v\u00e0 con ng\u01b0\u1eddi tr\u00ean m\u1ed9t qu\u00e3ng \u0111\u01b0\u1eddng d\u00e0i.<\/p><\/div>","protected":false},"excerpt":{"rendered":"<p>Th\u01b0\u01a1ng hi\u1ec7u: Nh\u00e0 m\u00e1y M\u1ed8C<br \/>\nGi\u1edbi t\u00ednh: Unisex<br \/>\n\u0110\u1ed9 tu\u1ed5i: &gt; 12 tu\u1ed5i<br \/>\nS\u1ed1 m\u00f4 h\u00ecnh: 109281<br \/>\nPh\u00e2n lo\u1ea1i: T\u1eadp h\u1ee3p<br \/>\nH\u00ecnh d\u1ea1ng kh\u1ed1i nh\u1ef1a: G\u1ea1ch t\u1ef1 kh\u00f3a<br \/>\nCh\u1ea5t li\u1ec7u: Nh\u1ef1a<br \/>\nLo\u1ea1i nh\u1ef1a: ABS<br \/>\nKh\u1ed1i g\u1ea1ch: 1544 +<br \/>\nS\u1eafp x\u1ebfp th\u1eddi gian: 4-8 tu\u1ea7n<\/p>","protected":false},"featured_media":43431,"comment_status":"open","ping_status":"closed","template":"","meta":{"_acf_changed":false},"product_cat":[1357,364],"product_tag":[991,389,11080,300],"class_list":["product","first","instock","shipping-taxable","purchasable","product-type-simple"],"acf":[],"_links":{"self":[{"href":"https:\/\/mouldking.store\/vi\/wp-json\/wp\/v2\/product\/43437","targetHints":{"allow":["GET"]}}],"collection":[{"href":"https:\/\/mouldking.store\/vi\/wp-json\/wp\/v2\/product"}],"about":[{"href":"https:\/\/mouldking.store\/vi\/wp-json\/wp\/v2\/types\/product"}],"replies":[{"embeddable":true,"href":"https:\/\/mouldking.store\/vi\/wp-json\/wp\/v2\/comments?post=43437"}],"wp:featuredmedia":[{"embeddable":true,"href":"https:\/\/mouldking.store\/vi\/wp-json\/wp\/v2\/media\/43431"}],"wp:attachment":[{"href":"https:\/\/mouldking.store\/vi\/wp-json\/wp\/v2\/media?parent=43437"}],"wp:term":[{"taxonomy":"product_cat","embeddable":true,"href":"https:\/\/mouldking.store\/vi\/wp-json\/wp\/v2\/product_cat?post=43437"},{"taxonomy":"product_tag","embeddable":true,"href":"https:\/\/mouldking.store\/vi\/wp-json\/wp\/v2\/product_tag?post=43437"}],"curies":[{"name":"wp","href":"https:\/\/api.w.org\/{rel}","templated":true}]}}