{"id":43441,"date":"2023-03-24T11:39:15","date_gmt":"2023-03-24T04:39:15","guid":{"rendered":"https:\/\/mouldking.store\/shop\/moc-factory-48514-separatist-transport-shuttle-with-1933-pieces\/"},"modified":"2025-12-16T22:25:07","modified_gmt":"2025-12-16T15:25:07","slug":"moc-factory-48514-separatist-transport-shuttle-with-1933-pieces","status":"publish","type":"product","link":"https:\/\/mouldking.store\/vi\/shop\/moc-factory-48514-separatist-transport-shuttle-with-1933-pieces\/","title":{"rendered":"Nh\u00e0 m\u00e1y MOC 48514 T\u00e0u con thoi v\u1eadn t\u1ea3i ly khai v\u1edbi 1933 m\u1ea3nh gh\u00e9p"},"content":{"rendered":"<div>\u2705 MOC-48514 Xe \u0111\u01b0a \u0111\u00f3n ly khai<\/p>\n<p>\u2705Trong v\u0169 tr\u1ee5 Chi\u1ebfn tranh gi\u1eefa c\u00e1c v\u00ec sao, T\u00e0u con thoi V\u1eadn chuy\u1ec3n Ly khai l\u00e0 t\u00e0u v\u0169 tr\u1ee5 \u0111\u01b0\u1ee3c Li\u00ean minh c\u00e1c H\u1ec7 th\u1ed1ng \u0110\u1ed9c l\u1eadp s\u1eed d\u1ee5ng trong Chi\u1ebfn tranh Nh\u00e2n b\u1ea3n, m\u1ed9t cu\u1ed9c xung \u0111\u1ed9t l\u1edbn \u0111\u01b0\u1ee3c m\u00f4 t\u1ea3 trong b\u1ed9 ba ph\u1ea7n ti\u1ec1n truy\u1ec7n c\u1ee7a Chi\u1ebfn tranh gi\u1eefa c\u00e1c v\u00ec sao. Nh\u1eefng t\u00e0u con thoi n\u00e0y th\u01b0\u1eddng \u0111\u01b0\u1ee3c s\u1eed d\u1ee5ng \u0111\u1ec3 v\u1eadn chuy\u1ec3n qu\u00e2n \u0111\u1ed9i, ng\u01b0\u1eddi m\u00e1y v\u00e0 v\u1eadt t\u01b0 \u0111\u1ebfn c\u00e1c m\u1eb7t tr\u1eadn kh\u00e1c nhau.<\/p>\n<p>\ud83d\udeab QUAN TR\u1eccNG!<\/p>\n<p>T\u00ean s\u1ea3n ph\u1ea9m: Xe \u0111\u01b0a \u0111\u00f3n ly khai<\/p>\n<p>Th\u1ec3 lo\u1ea1i: Chi\u1ebfn tranh gi\u1eefa c\u00e1c v\u00ec sao<\/p>\n<p>B\u1ed9 n\u00e0y ch\u1ee9a: MOC-48514&nbsp;<\/p>\n<p>1933 chi\u1ebfc G\u1ea1ch ch\u1ea5t l\u01b0\u1ee3ng t\u1ed1t<\/p>\n<p>H\u01b0\u1edbng d\u1eabn PDF<\/p>\n<p>\ud83d\udcccB\u1ea3n ch\u1ea5t c\u1ee7a nh\u00e2n v\u1eadt ch\u00ednh<\/p>\n<p>Xin gi\u1edbi thi\u1ec7u b\u1ed9 s\u01b0u t\u1eadp \u0111\u00e1ng t\u1ef1 h\u00e0o c\u1ee7a ch\u00fang t\u00f4i mang t\u00ean \u201cT\u00e0u con thoi v\u1eadn chuy\u1ec3n ly khai\u201d m\u00e0 b\u1ea1n kh\u00f4ng n\u00ean b\u1ecf l\u1ee1.<\/p>\n<p>T\u00e0u con thoi v\u1eadn chuy\u1ec3n c\u1ee7a qu\u00e2n ly khai \u0111\u01b0\u1ee3c thi\u1ebft k\u1ebf v\u1edbi ki\u1ec3u d\u00e1ng \u0111\u1eb9p, g\u00f3c c\u1ea1nh v\u00e0 \u0111\u01b0\u1ee3c trang b\u1ecb v\u0169 kh\u00ed h\u1ea1ng n\u1eb7ng v\u1edbi ph\u00e1o laze v\u00e0 c\u00e1c lo\u1ea1i v\u0169 kh\u00ed kh\u00e1c. Ch\u00fang c\u0169ng \u0111\u01b0\u1ee3c trang b\u1ecb c\u00e1c h\u1ec7 th\u1ed1ng li\u00ean l\u1ea1c v\u00e0 c\u1ea3m bi\u1ebfn ti\u00ean ti\u1ebfn cho ph\u00e9p ch\u00fang ho\u1ea1t \u0111\u1ed9ng hi\u1ec7u qu\u1ea3 trong nhi\u1ec1u m\u00f4i tr\u01b0\u1eddng kh\u00e1c nhau.<\/p><\/div>","protected":false},"excerpt":{"rendered":"<p>Th\u01b0\u01a1ng hi\u1ec7u: Nh\u00e0 m\u00e1y M\u1ed8C<br \/>\nGi\u1edbi t\u00ednh: Unisex<br \/>\n\u0110\u1ed9 tu\u1ed5i: &gt; 12 tu\u1ed5i<br \/>\nS\u1ed1 m\u00f4 h\u00ecnh: 48514<br \/>\nPh\u00e2n lo\u1ea1i: T\u1eadp h\u1ee3p<br \/>\nH\u00ecnh d\u1ea1ng kh\u1ed1i nh\u1ef1a: G\u1ea1ch t\u1ef1 kh\u00f3a<br \/>\nCh\u1ea5t li\u1ec7u: Nh\u1ef1a<br \/>\nLo\u1ea1i nh\u1ef1a: ABS<br \/>\nKh\u1ed1i g\u1ea1ch: 1933 +<br \/>\nS\u1eafp x\u1ebfp th\u1eddi gian: 4-8 tu\u1ea7n<\/p>","protected":false},"featured_media":43438,"comment_status":"open","ping_status":"closed","template":"","meta":{"_acf_changed":false},"product_cat":[1350,1357,372,581,415,364,1408],"product_tag":[374,434,11629,9235,436,389,11222],"class_list":["product","first","instock","shipping-taxable","purchasable","product-type-simple"],"acf":[],"_links":{"self":[{"href":"https:\/\/mouldking.store\/vi\/wp-json\/wp\/v2\/product\/43441","targetHints":{"allow":["GET"]}}],"collection":[{"href":"https:\/\/mouldking.store\/vi\/wp-json\/wp\/v2\/product"}],"about":[{"href":"https:\/\/mouldking.store\/vi\/wp-json\/wp\/v2\/types\/product"}],"replies":[{"embeddable":true,"href":"https:\/\/mouldking.store\/vi\/wp-json\/wp\/v2\/comments?post=43441"}],"wp:featuredmedia":[{"embeddable":true,"href":"https:\/\/mouldking.store\/vi\/wp-json\/wp\/v2\/media\/43438"}],"wp:attachment":[{"href":"https:\/\/mouldking.store\/vi\/wp-json\/wp\/v2\/media?parent=43441"}],"wp:term":[{"taxonomy":"product_cat","embeddable":true,"href":"https:\/\/mouldking.store\/vi\/wp-json\/wp\/v2\/product_cat?post=43441"},{"taxonomy":"product_tag","embeddable":true,"href":"https:\/\/mouldking.store\/vi\/wp-json\/wp\/v2\/product_tag?post=43441"}],"curies":[{"name":"wp","href":"https:\/\/api.w.org\/{rel}","templated":true}]}}