{"id":43450,"date":"2023-03-24T11:57:36","date_gmt":"2023-03-24T04:57:36","guid":{"rendered":"https:\/\/mouldking.store\/shop\/moc-factory-90066-42066-c-model-battleship-with-916-pieces\/"},"modified":"2025-12-16T22:25:07","modified_gmt":"2025-12-16T15:25:07","slug":"moc-factory-90066-42066-c-model-battleship-with-916-pieces","status":"publish","type":"product","link":"https:\/\/mouldking.store\/vi\/shop\/moc-factory-90066-42066-c-model-battleship-with-916-pieces\/","title":{"rendered":"MOC Factory 90066 42066 CHI\u1ebeN CHI\u1ebeN m\u00f4 h\u00ecnh C v\u1edbi 916 M\u1ea3nh gh\u00e9p"},"content":{"rendered":"<div>\u2705 MOC-90066 42066 C-model BATTLESHIP<\/p>\n<p>\u270542066 l\u00e0 m\u1ed9t b\u1ed9 brickTechnic \u0111\u01b0\u1ee3c ph\u00e1t h\u00e0nh v\u00e0o n\u0103m 2017. B\u1ed9 n\u00e0y bao g\u1ed3m c\u00e1c b\u1ed9 ph\u1eadn v\u00e0 h\u01b0\u1edbng d\u1eabn \u0111\u1ec3 ch\u1ebf t\u1ea1o m\u1ed9t chi\u1ebfc xe b\u00e1nh x\u00edch (RC) \u0111\u01b0\u1ee3c \u0111i\u1ec1u khi\u1ec3n t\u1eeb xa, \u0111\u00e2y l\u00e0 m\u1eabu ch\u00ednh c\u1ee7a b\u1ed9. Tuy nhi\u00ean, b\u1ed9 n\u00e0y c\u0169ng bao g\u1ed3m c\u00e1c h\u01b0\u1edbng d\u1eabn v\u00e0 c\u00e1c ph\u1ea7n b\u1ed5 sung \u0111\u1ec3 t\u1ea1o m\u00f4 h\u00ecnh C, \u0111\u00e2y l\u00e0 m\u1ed9t m\u00f4 h\u00ecnh thay th\u1ebf c\u00f3 th\u1ec3 \u0111\u01b0\u1ee3c t\u1ea1o b\u1eb1ng c\u00e1ch s\u1eed d\u1ee5ng c\u00f9ng m\u1ed9t b\u1ed9 ph\u1ea7n.<\/p>\n<p>\ud83d\udeab QUAN TR\u1eccNG!<\/p>\n<p>T\u00ean s\u1ea3n ph\u1ea9m: 42066 C-model BATTLESHIP<\/p>\n<p>Danh m\u1ee5c: K\u1ef9 thu\u1eadt<\/p>\n<p>B\u1ed9 n\u00e0y ch\u1ee9a: MOC-90066&nbsp;<\/p>\n<p>916 vi\u00ean g\u1ea1ch ch\u1ea5t l\u01b0\u1ee3ng t\u1ed1t<\/p>\n<p>H\u01b0\u1edbng d\u1eabn PDF<\/p>\n<p>\ud83d\udcccB\u1ea3n ch\u1ea5t c\u1ee7a nh\u00e2n v\u1eadt ch\u00ednh<\/p>\n<p>Xin gi\u1edbi thi\u1ec7u b\u1ed9 s\u01b0u t\u1eadp \u0111\u00e1ng t\u1ef1 h\u00e0o c\u1ee7a ch\u00fang t\u00f4i c\u00f3 t\u00ean \u201c42066 C-model BATTLESHIP\u201d m\u00e0 b\u1ea1n kh\u00f4ng n\u00ean b\u1ecf l\u1ee1.<\/p>\n<p>M\u00f4 h\u00ecnh C c\u1ee7a 42066 l\u00e0 t\u00e0u chi\u1ebfn, l\u00e0 m\u1ed9t lo\u1ea1i t\u00e0u chi\u1ebfn h\u1ea3i qu\u00e2n v\u1edbi th\u00e2n t\u00e0u \u0111\u01b0\u1ee3c b\u1ecdc th\u00e9p d\u00e0y v\u00e0 s\u00fang c\u1ee1 n\u00f2ng l\u1edbn. M\u00f4 h\u00ecnh t\u00e0u chi\u1ebfn C \u0111\u01b0\u1ee3c thi\u1ebft k\u1ebf \u0111\u1ec3 ch\u1ebf t\u1ea1o b\u1eb1ng c\u00e1ch s\u1eed d\u1ee5ng c\u00f9ng m\u1ed9t b\u1ed9 b\u1ed9 ph\u1eadn nh\u01b0 xe b\u00e1nh x\u00edch RC, \u0111\u1ed3ng th\u1eddi y\u00eau c\u1ea7u m\u1ed9t s\u1ed1 thao t\u00e1c th\u00e1o r\u1eddi v\u00e0 c\u1ea5u h\u00ecnh l\u1ea1i c\u00e1c b\u1ed9 ph\u1eadn t\u1eeb m\u00f4 h\u00ecnh ch\u00ednh. M\u00f4 h\u00ecnh t\u00e0u chi\u1ebfn C kh\u00f4ng ph\u1ea3i l\u00e0 m\u1ed9t thi\u1ebft k\u1ebf b\u1eb1ng g\u1ea1ch ch\u00ednh th\u1ee9c, m\u00e0 l\u00e0 m\u1ed9t s\u00e1ng t\u1ea1o do ng\u01b0\u1eddi h\u00e2m m\u1ed9 t\u1ea1o ra c\u00f3 th\u1ec3 \u0111\u01b0\u1ee3c ch\u1ebf t\u1ea1o b\u1eb1ng c\u00e1ch s\u1eed d\u1ee5ng c\u00e1c b\u1ed9 ph\u1eadn t\u1eeb b\u1ed9 42066.<\/p><\/div>","protected":false},"excerpt":{"rendered":"<p>Th\u01b0\u01a1ng hi\u1ec7u: Nh\u00e0 m\u00e1y M\u1ed8C<br \/>\nGi\u1edbi t\u00ednh: Unisex<br \/>\n\u0110\u1ed9 tu\u1ed5i: &gt; 6 tu\u1ed5i<br \/>\nS\u1ed1 m\u00f4 h\u00ecnh: 90066<br \/>\nPh\u00e2n lo\u1ea1i: T\u1eadp h\u1ee3p<br \/>\nH\u00ecnh d\u1ea1ng kh\u1ed1i nh\u1ef1a: G\u1ea1ch t\u1ef1 kh\u00f3a<br \/>\nCh\u1ea5t li\u1ec7u: Nh\u1ef1a<br \/>\nLo\u1ea1i nh\u1ef1a: ABS<br \/>\nKh\u1ed1i g\u1ea1ch: 916 +<br \/>\nS\u1eafp x\u1ebfp th\u1eddi gian: 4-8 tu\u1ea7n<\/p>","protected":false},"featured_media":43448,"comment_status":"open","ping_status":"closed","template":"","meta":{"_acf_changed":false},"product_cat":[1357,364],"product_tag":[5703,389,11080],"class_list":["product","first","instock","shipping-taxable","purchasable","product-type-simple"],"acf":[],"_links":{"self":[{"href":"https:\/\/mouldking.store\/vi\/wp-json\/wp\/v2\/product\/43450","targetHints":{"allow":["GET"]}}],"collection":[{"href":"https:\/\/mouldking.store\/vi\/wp-json\/wp\/v2\/product"}],"about":[{"href":"https:\/\/mouldking.store\/vi\/wp-json\/wp\/v2\/types\/product"}],"replies":[{"embeddable":true,"href":"https:\/\/mouldking.store\/vi\/wp-json\/wp\/v2\/comments?post=43450"}],"wp:featuredmedia":[{"embeddable":true,"href":"https:\/\/mouldking.store\/vi\/wp-json\/wp\/v2\/media\/43448"}],"wp:attachment":[{"href":"https:\/\/mouldking.store\/vi\/wp-json\/wp\/v2\/media?parent=43450"}],"wp:term":[{"taxonomy":"product_cat","embeddable":true,"href":"https:\/\/mouldking.store\/vi\/wp-json\/wp\/v2\/product_cat?post=43450"},{"taxonomy":"product_tag","embeddable":true,"href":"https:\/\/mouldking.store\/vi\/wp-json\/wp\/v2\/product_tag?post=43450"}],"curies":[{"name":"wp","href":"https:\/\/api.w.org\/{rel}","templated":true}]}}