{"id":43463,"date":"2023-03-24T12:29:18","date_gmt":"2023-03-24T05:29:18","guid":{"rendered":"https:\/\/mouldking.store\/shop\/moc-factory-36027-libra-cafe-with-2287-pieces\/"},"modified":"2025-12-16T22:25:06","modified_gmt":"2025-12-16T15:25:06","slug":"moc-factory-36027-libra-cafe-with-2287-pieces","status":"publish","type":"product","link":"https:\/\/mouldking.store\/vi\/shop\/moc-factory-36027-libra-cafe-with-2287-pieces\/","title":{"rendered":"MOC Factory 36027 Libra Caf\u00e9 with 2287 Pieces"},"content":{"rendered":"<div>\u2705 MOC-36027 Libra Caf\u00e9<\/p>\n<p>\u270510270 l\u00e0 b\u1ed9 t\u00f2a nh\u00e0 m\u00f4-\u0111un Creator Expert b\u1eb1ng g\u1ea1ch \u0111\u01b0\u1ee3c ph\u00e1t h\u00e0nh v\u00e0o n\u0103m 2020. B\u1ed9 n\u00e0y cho ph\u00e9p c\u00e1c nh\u00e0 x\u00e2y d\u1ef1ng x\u00e2y d\u1ef1ng m\u1ed9t hi\u1ec7u s\u00e1ch ba t\u1ea7ng v\u00e0 t\u00f2a nh\u00e0 ph\u1ed1 chi ti\u1ebft c\u00f3 th\u1ec3 k\u1ebft h\u1ee3p v\u1edbi c\u00e1c t\u00f2a nh\u00e0 m\u00f4-\u0111un kh\u00e1c trong chu\u1ed7i \u0111\u1ec3 t\u1ea1o ra khung c\u1ea3nh \u0111\u01b0\u1eddng ph\u1ed1 l\u1edbn h\u01a1n.<\/p>\n<p>\ud83d\udeab QUAN TR\u1eccNG!<\/p>\n<p>T\u00ean s\u1ea3n ph\u1ea9m: Caf\u00e9 Thi\u00ean B\u00ecnh<\/p>\n<p>Danh m\u1ee5c: T\u00f2a nh\u00e0 m\u00f4-\u0111un<\/p>\n<p>B\u1ed9 n\u00e0y ch\u1ee9a: MOC-36027<\/p>\n<p>2287 chi\u1ebfc G\u1ea1ch ch\u1ea5t l\u01b0\u1ee3ng t\u1ed1t<\/p>\n<p>H\u01b0\u1edbng d\u1eabn PDF<\/p>\n<p>\ud83d\udcccB\u1ea3n ch\u1ea5t c\u1ee7a nh\u00e2n v\u1eadt ch\u00ednh<\/p>\n<p>Gi\u1edbi thi\u1ec7u b\u1ed9 s\u01b0u t\u1eadp \u0111\u00e1ng t\u1ef1 h\u00e0o c\u1ee7a ch\u00fang t\u00f4i mang t\u00ean \u201cLibra Caf\u00e9\u201d m\u00e0 b\u1ea1n kh\u00f4ng n\u00ean b\u1ecf l\u1ee1.<\/p>\n<p>Libra Caf\u00e9 (10270 Bookshop Alternate Model Modular) l\u00e0 m\u1ed9t m\u00f4 h\u00ecnh thay th\u1ebf cho b\u1ed9 n\u00e0y. C\u00e1c m\u00f4 h\u00ecnh thay th\u1ebf n\u00e0y c\u00f3 th\u1ec3 bao g\u1ed3m t\u1eeb c\u00e1c t\u00f2a nh\u00e0 ho\u00e0n to\u00e0n m\u1edbi cho \u0111\u1ebfn c\u00e1c ph\u01b0\u01a1ng ti\u1ec7n ho\u1eb7c c\u1ea5u tr\u00fac kh\u00e1c s\u1eed d\u1ee5ng c\u00e1c b\u1ed9 ph\u1eadn theo nh\u1eefng c\u00e1ch \u0111\u1ed9c \u0111\u00e1o.<\/p><\/div>","protected":false},"excerpt":{"rendered":"<p>Th\u01b0\u01a1ng hi\u1ec7u: Nh\u00e0 m\u00e1y M\u1ed8C<br \/>\nGi\u1edbi t\u00ednh: Unisex<br \/>\n\u0110\u1ed9 tu\u1ed5i: &gt; 6 tu\u1ed5i<br \/>\nS\u1ed1 m\u00f4 h\u00ecnh: 36027<br \/>\nPh\u00e2n lo\u1ea1i: T\u1eadp h\u1ee3p<br \/>\nH\u00ecnh d\u1ea1ng kh\u1ed1i nh\u1ef1a: G\u1ea1ch t\u1ef1 kh\u00f3a<br \/>\nCh\u1ea5t li\u1ec7u: Nh\u1ef1a<br \/>\nLo\u1ea1i nh\u1ef1a: ABS<br \/>\nKh\u1ed1i g\u1ea1ch: 2287 +<br \/>\nS\u1eafp x\u1ebfp th\u1eddi gian: 4-8 tu\u1ea7n<\/p>","protected":false},"featured_media":43459,"comment_status":"open","ping_status":"closed","template":"","meta":{"_acf_changed":false},"product_cat":[1395,390],"product_tag":[727,11634,4883,11633,392],"class_list":["product","first","instock","shipping-taxable","purchasable","product-type-simple"],"acf":[],"_links":{"self":[{"href":"https:\/\/mouldking.store\/vi\/wp-json\/wp\/v2\/product\/43463","targetHints":{"allow":["GET"]}}],"collection":[{"href":"https:\/\/mouldking.store\/vi\/wp-json\/wp\/v2\/product"}],"about":[{"href":"https:\/\/mouldking.store\/vi\/wp-json\/wp\/v2\/types\/product"}],"replies":[{"embeddable":true,"href":"https:\/\/mouldking.store\/vi\/wp-json\/wp\/v2\/comments?post=43463"}],"wp:featuredmedia":[{"embeddable":true,"href":"https:\/\/mouldking.store\/vi\/wp-json\/wp\/v2\/media\/43459"}],"wp:attachment":[{"href":"https:\/\/mouldking.store\/vi\/wp-json\/wp\/v2\/media?parent=43463"}],"wp:term":[{"taxonomy":"product_cat","embeddable":true,"href":"https:\/\/mouldking.store\/vi\/wp-json\/wp\/v2\/product_cat?post=43463"},{"taxonomy":"product_tag","embeddable":true,"href":"https:\/\/mouldking.store\/vi\/wp-json\/wp\/v2\/product_tag?post=43463"}],"curies":[{"name":"wp","href":"https:\/\/api.w.org\/{rel}","templated":true}]}}