{"id":43467,"date":"2023-03-24T12:37:22","date_gmt":"2023-03-24T05:37:22","guid":{"rendered":"https:\/\/mouldking.store\/shop\/moc-factory-14123-the-lounge-10253-big-ben-alternate-model-modular-with-3802-pieces\/"},"modified":"2025-12-16T22:25:06","modified_gmt":"2025-12-16T15:25:06","slug":"moc-factory-14123-the-lounge-10253-big-ben-alternate-model-modular-with-3802-pieces","status":"publish","type":"product","link":"https:\/\/mouldking.store\/vi\/shop\/moc-factory-14123-the-lounge-10253-big-ben-alternate-model-modular-with-3802-pieces\/","title":{"rendered":"MOC Factory 14123 The Lounge (10253 M\u00f4-\u0111un M\u00f4-\u0111un Thay th\u1ebf Big Ben) v\u1edbi 3802 M\u1ea3nh gh\u00e9p"},"content":{"rendered":"<div>\u2705 MOC-14123 The Lounge (10253 M\u00f4-\u0111un m\u00f4 h\u00ecnh thay th\u1ebf Big Ben)<\/p>\n<p>\u2705The Lounge l\u00e0 m\u1ed9t c\u00e2u l\u1ea1c b\u1ed9 ho\u1eb7c ph\u00f2ng ch\u1edd t\u01b0 nh\u00e2n ph\u1ee5c v\u1ee5 cho nh\u1eefng c\u00e1 nh\u00e2n gi\u00e0u c\u00f3 ho\u1eb7c c\u00f3 \u1ea3nh h\u01b0\u1edfng. Nh\u1eefng lo\u1ea1i ph\u00f2ng ch\u1edd n\u00e0y th\u01b0\u1eddng cung c\u1ea5p c\u00e1c ti\u1ec7n nghi nh\u01b0 ch\u1ed7 ng\u1ed3i tho\u1ea3i m\u00e1i, th\u1ee9c \u0103n v\u00e0 \u0111\u1ed3 u\u1ed1ng ngon, c\u00f9ng nh\u1eefng th\u1ee9 xa x\u1ec9 kh\u00e1c th\u01b0\u1eddng kh\u00f4ng c\u00f3 \u1edf c\u00e1c kh\u00f4ng gian c\u00f4ng c\u1ed9ng. H\u1ecd c\u0169ng c\u00f3 th\u1ec3 cung c\u1ea5p c\u00e1c c\u01a1 h\u1ed9i k\u1ebft n\u1ed1i m\u1ea1ng v\u00e0 c\u01a1 h\u1ed9i \u0111\u1ec3 c\u00e1c th\u00e0nh vi\u00ean giao l\u01b0u v\u1edbi nh\u1eefng ng\u01b0\u1eddi kh\u00e1c trong gi\u1edbi x\u00e3 h\u1ed9i ho\u1eb7c ngh\u1ec1 nghi\u1ec7p c\u1ee7a h\u1ecd.<\/p>\n<p>\ud83d\udeab QUAN TR\u1eccNG!<\/p>\n<p>T\u00ean s\u1ea3n ph\u1ea9m: The Lounge (10253 M\u00f4-\u0111un m\u00f4-\u0111un thay th\u1ebf Big Ben)<\/p>\n<p>Danh m\u1ee5c: T\u00f2a nh\u00e0 m\u00f4-\u0111un<\/p>\n<p>B\u1ed9 n\u00e0y ch\u1ee9a: MOC-14123<\/p>\n<p>3802 chi\u1ebfc G\u1ea1ch ch\u1ea5t l\u01b0\u1ee3ng t\u1ed1t<\/p>\n<p>H\u01b0\u1edbng d\u1eabn PDF<\/p>\n<p>\ud83d\udcccB\u1ea3n ch\u1ea5t c\u1ee7a nh\u00e2n v\u1eadt ch\u00ednh<\/p>\n<p>Xin gi\u1edbi thi\u1ec7u b\u1ed9 s\u01b0u t\u1eadp \u0111\u00e1ng t\u1ef1 h\u00e0o c\u1ee7a ch\u00fang t\u00f4i c\u00f3 t\u00ean \u201cThe Lounge (10253 Big Ben Alternate Model Modular)\u201d m\u00e0 b\u1ea1n kh\u00f4ng n\u00ean b\u1ecf l\u1ee1.<\/p>\n<p>Lounge l\u00e0 n\u01a1i gi\u1edbi th\u01b0\u1ee3ng l\u01b0u \u0111\u1ebfn \u0111\u1ec3 th\u01b0 gi\u00e3n sau m\u1ed9t ng\u00e0y v\u1ea5t v\u1ea3. V\u1edbi t\u1ea7m nh\u00ecn tuy\u1ec7t \u0111\u1eb9p ra bi\u1ec3n v\u00e0 h\u00e0o quang tinh t\u1ebf c\u1ee7a s\u1ef1 \u0111\u1ed9c quy\u1ec1n, m\u00f4-\u0111un cao c\u1ea5p n\u00e0y s\u1ebd l\u00e0 \u0111i\u1ec3m nh\u1ea5n c\u1ee7a b\u1ea5t k\u1ef3 th\u00e0nh ph\u1ed1 n\u00e0o. N\u00f3 cung c\u1ea5p m\u1ed9t c\u00e1ch tuy\u1ec7t v\u1eddi \u0111\u1ec3 k\u1ebft th\u00fac m\u1ed9t d\u00e3y nh\u00e0 m\u00e0 kh\u00f4ng c\u1ea7n d\u00f9ng \u0111\u1ebfn nh\u1eefng t\u1ea5m \u0111\u01b0\u1eddng nh\u00e0m ch\u00e1n.<\/p><\/div>","protected":false},"excerpt":{"rendered":"<p>Th\u01b0\u01a1ng hi\u1ec7u: Nh\u00e0 m\u00e1y M\u1ed8C<br \/>\nGi\u1edbi t\u00ednh: Unisex<br \/>\n\u0110\u1ed9 tu\u1ed5i: &gt; 6 tu\u1ed5i<br \/>\nS\u1ed1 m\u00f4 h\u00ecnh: 14123<br \/>\nPh\u00e2n lo\u1ea1i: T\u1eadp h\u1ee3p<br \/>\nH\u00ecnh d\u1ea1ng kh\u1ed1i nh\u1ef1a: G\u1ea1ch t\u1ef1 kh\u00f3a<br \/>\nCh\u1ea5t li\u1ec7u: Nh\u1ef1a<br \/>\nLo\u1ea1i nh\u1ef1a: ABS<br \/>\nKh\u1ed1i g\u1ea1ch: 3802 +<br \/>\nS\u1eafp x\u1ebfp th\u1eddi gian: 4-8 tu\u1ea7n<\/p>","protected":false},"featured_media":43464,"comment_status":"open","ping_status":"closed","template":"","meta":{"_acf_changed":false},"product_cat":[1395,390],"product_tag":[11635,4883,392],"class_list":["product","first","instock","shipping-taxable","purchasable","product-type-simple"],"acf":[],"_links":{"self":[{"href":"https:\/\/mouldking.store\/vi\/wp-json\/wp\/v2\/product\/43467","targetHints":{"allow":["GET"]}}],"collection":[{"href":"https:\/\/mouldking.store\/vi\/wp-json\/wp\/v2\/product"}],"about":[{"href":"https:\/\/mouldking.store\/vi\/wp-json\/wp\/v2\/types\/product"}],"replies":[{"embeddable":true,"href":"https:\/\/mouldking.store\/vi\/wp-json\/wp\/v2\/comments?post=43467"}],"wp:featuredmedia":[{"embeddable":true,"href":"https:\/\/mouldking.store\/vi\/wp-json\/wp\/v2\/media\/43464"}],"wp:attachment":[{"href":"https:\/\/mouldking.store\/vi\/wp-json\/wp\/v2\/media?parent=43467"}],"wp:term":[{"taxonomy":"product_cat","embeddable":true,"href":"https:\/\/mouldking.store\/vi\/wp-json\/wp\/v2\/product_cat?post=43467"},{"taxonomy":"product_tag","embeddable":true,"href":"https:\/\/mouldking.store\/vi\/wp-json\/wp\/v2\/product_tag?post=43467"}],"curies":[{"name":"wp","href":"https:\/\/api.w.org\/{rel}","templated":true}]}}