{"id":43513,"date":"2023-03-27T16:13:23","date_gmt":"2023-03-27T09:13:23","guid":{"rendered":"https:\/\/mouldking.store\/shop\/zhegao-dz6002-train-coffee-house-with-1081-pieces-2\/"},"modified":"2023-03-27T16:13:23","modified_gmt":"2023-03-27T09:13:23","slug":"zhegao-dz6002-train-coffee-house-with-1081-pieces-2","status":"publish","type":"product","link":"https:\/\/mouldking.store\/vi\/shop\/zhegao-dz6002-train-coffee-house-with-1081-pieces-2\/","title":{"rendered":"Nh\u00e0 c\u00e0 ph\u00ea xe l\u1eeda ZHEGAO DZ6002 v\u1edbi 1081 m\u1ea3nh gh\u00e9p"},"content":{"rendered":"<div>\u2705 Qu\u00e1n c\u00e0 ph\u00ea xe l\u1eeda ZHEGAO DZ6002<br \/>&nbsp;<br \/>\u2705Tr\u1ea3i nghi\u1ec7m h\u00e0nh tr\u00ecnh xe l\u1eeda \u0111\u1ec9nh cao trong khi th\u1ecfa m\u00e3n ni\u1ec1m y\u00eau th\u00edch s\u00e1ng t\u1ea1o c\u1ee7a b\u1ea1n v\u1edbi Train Coffee House - ph\u1ea7n b\u1ed5 sung m\u1edbi nh\u1ea5t cho chu\u1ed7i s\u1ea3n ph\u1ea9m s\u00e1ng t\u1ea1o b\u1eadc th\u1ea7y c\u1ee7a ch\u00fang t\u00f4i!<br \/>&nbsp;<br \/>\ud83d\udeab QUAN TR\u1eccNG!&nbsp;<br \/>&nbsp;<br \/>T\u00ean s\u1ea3n ph\u1ea9m: Train Coffee House<br \/>&nbsp;<br \/>Th\u1ec3 lo\u1ea1i: Ng\u01b0\u1eddi s\u00e1ng t\u1ea1o&nbsp;<br \/>&nbsp;<br \/>B\u1ed9 n\u00e0y ch\u1ee9a: ZHEGAO DZ6002<br \/>&nbsp;<\/div>\n<div>1081 vi\u00ean g\u1ea1ch ch\u1ea5t l\u01b0\u1ee3ng t\u1ed1t&nbsp;<br \/>&nbsp;<br \/>H\u01b0\u1edbng d\u1eabn th\u1ee7 c\u00f4ng&nbsp;<br \/>&nbsp;<br \/>\ud83d\udcccB\u1ea3n ch\u1ea5t c\u1ee7a nh\u00e2n v\u1eadt ch\u00ednh&nbsp;<br \/>&nbsp;<br \/>Xin gi\u1edbi thi\u1ec7u b\u1ed9 s\u01b0u t\u1eadp \u0111\u00e1ng t\u1ef1 h\u00e0o c\u1ee7a ch\u00fang t\u00f4i c\u00f3 t\u00ean \u201cZHEGAO DZ6002\u201d m\u00e0 b\u1ea1n kh\u00f4ng n\u00ean b\u1ecf l\u1ee1.&nbsp;<br \/>&nbsp;<br \/>V\u1edbi 1081 h\u1ea1t kh\u1ed1i x\u00e2y d\u1ef1ng, b\u1ed9 n\u00e0y \u0111\u1ea3m b\u1ea3o s\u1ebd th\u1ecfa m\u00e3n ni\u1ec1m \u0111am m\u00ea x\u00e2y d\u1ef1ng v\u00e0 thi\u1ebft k\u1ebf c\u1ee7a b\u1ea1n. H\u00e3y s\u1eb5n s\u00e0ng \u0111\u00f3n nh\u1eadn m\u1ed9t th\u1eed th\u00e1ch th\u00fa v\u1ecb s\u1ebd khi\u1ebfn b\u1ea1n c\u1ea3m th\u1ea5y m\u00ecnh \u0111\u00e3 ho\u00e0n th\u00e0nh xu\u1ea5t s\u1eafc v\u00e0 t\u1ef1 h\u00e0o v\u1ec1 kh\u1ea3 n\u0103ng s\u00e1ng t\u1ea1o c\u1ee7a m\u00ecnh. Ng\u00e0y ph\u00e1t h\u00e0nh: 2022 \u2013 h\u00e3y mua ngay tr\u01b0\u1edbc khi ch\u00fang h\u1ebft!<\/div>","protected":false},"excerpt":{"rendered":"<p>Th\u01b0\u01a1ng hi\u1ec7u: ZHEGAO<br \/>\nGi\u1edbi t\u00ednh: Unisex<br \/>\n\u0110\u1ed9 tu\u1ed5i: &gt; 6 tu\u1ed5i<br \/>\nS\u1ed1 m\u00f4 h\u00ecnh: DZ6002<br \/>\nPh\u00e2n lo\u1ea1i: T\u1eadp h\u1ee3p<br \/>\nH\u00ecnh d\u1ea1ng kh\u1ed1i nh\u1ef1a: G\u1ea1ch t\u1ef1 kh\u00f3a<br \/>\nCh\u1ea5t li\u1ec7u: Nh\u1ef1a<br \/>\nLo\u1ea1i nh\u1ef1a: ABS<br \/>\nKh\u1ed1i g\u1ea1ch: 1081 +<br \/>\nKh\u00f4ng c\u00f3 h\u1ed9p ban \u0111\u1ea7u<\/p>","protected":false},"featured_media":43510,"comment_status":"open","ping_status":"closed","template":"","meta":{"_acf_changed":false},"product_cat":[1365,1357,371,364],"product_tag":[5228,1207,11072,8452,2318,389,300],"class_list":["product","first","instock","shipping-taxable","purchasable","product-type-simple"],"acf":[],"_links":{"self":[{"href":"https:\/\/mouldking.store\/vi\/wp-json\/wp\/v2\/product\/43513","targetHints":{"allow":["GET"]}}],"collection":[{"href":"https:\/\/mouldking.store\/vi\/wp-json\/wp\/v2\/product"}],"about":[{"href":"https:\/\/mouldking.store\/vi\/wp-json\/wp\/v2\/types\/product"}],"replies":[{"embeddable":true,"href":"https:\/\/mouldking.store\/vi\/wp-json\/wp\/v2\/comments?post=43513"}],"wp:featuredmedia":[{"embeddable":true,"href":"https:\/\/mouldking.store\/vi\/wp-json\/wp\/v2\/media\/43510"}],"wp:attachment":[{"href":"https:\/\/mouldking.store\/vi\/wp-json\/wp\/v2\/media?parent=43513"}],"wp:term":[{"taxonomy":"product_cat","embeddable":true,"href":"https:\/\/mouldking.store\/vi\/wp-json\/wp\/v2\/product_cat?post=43513"},{"taxonomy":"product_tag","embeddable":true,"href":"https:\/\/mouldking.store\/vi\/wp-json\/wp\/v2\/product_tag?post=43513"}],"curies":[{"name":"wp","href":"https:\/\/api.w.org\/{rel}","templated":true}]}}