{"id":43519,"date":"2023-03-27T16:18:59","date_gmt":"2023-03-27T09:18:59","guid":{"rendered":"https:\/\/mouldking.store\/shop\/dk-80009-boeing-787-airplane-with-1353-pieces\/"},"modified":"2023-03-27T16:18:59","modified_gmt":"2023-03-27T09:18:59","slug":"dk-80009-boeing-787-airplane-with-1353-pieces","status":"publish","type":"product","link":"https:\/\/mouldking.store\/vi\/shop\/dk-80009-boeing-787-airplane-with-1353-pieces\/","title":{"rendered":"DK 80009 M\u00e1y Bay Boeing 787 with 1353 Pieces"},"content":{"rendered":"<div>\u2705 DK 80009 M\u00e1y bay Boeing 787<br \/>&nbsp;<br \/>\u2705Boeing 787, c\u00f2n \u0111\u01b0\u1ee3c g\u1ecdi l\u00e0 Dreamliner, l\u00e0 m\u1ed9t lo\u1ea1i m\u00e1y bay ch\u1edf kh\u00e1ch th\u01b0\u01a1ng m\u1ea1i \u0111\u01b0\u1ee3c ph\u00e1t tri\u1ec3n b\u1edfi nh\u00e0 s\u1ea3n xu\u1ea5t m\u00e1y bay Boeing c\u1ee7a M\u1ef9. \u0110\u00e2y l\u00e0 lo\u1ea1i m\u00e1y bay hai \u0111\u1ed9ng c\u01a1, th\u00e2n r\u1ed9ng, t\u1ea7m xa \u0111\u01b0\u1ee3c thi\u1ebft k\u1ebf \u0111\u1ec3 ch\u1edf t\u1eeb 200 \u0111\u1ebfn 330 h\u00e0nh kh\u00e1ch, t\u00f9y thu\u1ed9c v\u00e0o bi\u1ebfn th\u1ec3 v\u00e0 c\u1ea5u h\u00ecnh ch\u1ed7 ng\u1ed3i.<br \/>&nbsp;<br \/>\ud83d\udeab QUAN TR\u1eccNG!&nbsp;<br \/>&nbsp;<br \/>T\u00ean s\u1ea3n ph\u1ea9m: M\u00e1y bay Boeing 787<br \/>&nbsp;<br \/>Danh m\u1ee5c: K\u1ef9 thu\u1eadt<br \/>&nbsp;<br \/>B\u1ed9 n\u00e0y ch\u1ee9a: DK 80009<br \/>&nbsp;<br \/>1353 chi\u1ebfc G\u1ea1ch ch\u1ea5t l\u01b0\u1ee3ng t\u1ed1t&nbsp;<br \/>&nbsp;<br \/>K\u00edch th\u01b0\u1edbc: 67\u00d766\u00d729 cm<br \/>&nbsp;<br \/>H\u01b0\u1edbng d\u1eabn th\u1ee7 c\u00f4ng&nbsp;<br \/>&nbsp;<br \/>\ud83d\udcccB\u1ea3n ch\u1ea5t c\u1ee7a nh\u00e2n v\u1eadt ch\u00ednh&nbsp;<br \/>&nbsp;<br \/>Xin gi\u1edbi thi\u1ec7u b\u1ed9 s\u01b0u t\u1eadp \u0111\u00e1ng t\u1ef1 h\u00e0o c\u1ee7a ch\u00fang t\u00f4i mang t\u00ean \u201cM\u00e1y bay Boeing 787\u201d m\u00e0 b\u1ea1n kh\u00f4ng n\u00ean b\u1ecf l\u1ee1.&nbsp;<br \/>&nbsp;<br \/>787 \u0111\u00e1ng ch\u00fa \u00fd nh\u1edd c\u00e1c t\u00ednh n\u0103ng v\u00e0 c\u00f4ng ngh\u1ec7 ti\u00ean ti\u1ebfn, bao g\u1ed3m vi\u1ec7c s\u1eed d\u1ee5ng r\u1ed9ng r\u00e3i v\u1eadt li\u1ec7u composite nh\u1eb9 trong c\u1ea5u t\u1ea1o, gi\u00fap gi\u1ea3m tr\u1ecdng l\u01b0\u1ee3ng v\u00e0 m\u1ee9c ti\u00eau th\u1ee5 nhi\u00ean li\u1ec7u. N\u00f3 c\u0169ng c\u00f3 c\u00e1c c\u1eeda s\u1ed5 l\u1edbn, c\u00f3 th\u1ec3 \u0111i\u1ec1u ch\u1ec9nh \u0111\u1ed9 s\u00e1ng b\u1eb1ng \u0111i\u1ec7n t\u1eed, kh\u00ed \u0111\u1ed9ng h\u1ecdc ti\u00ean ti\u1ebfn v\u00e0 s\u00e0n \u0111\u00e1p hi\u1ec7n \u0111\u1ea1i v\u1edbi h\u1ec7 th\u1ed1ng \u0111i\u1ec7n t\u1eed ti\u00ean ti\u1ebfn v\u00e0 \u0111i\u1ec1u khi\u1ec3n fly-by-wire.<\/div>","protected":false},"excerpt":{"rendered":"<p>Th\u01b0\u01a1ng hi\u1ec7u: \u0110K<br \/>\nGi\u1edbi t\u00ednh: Unisex<br \/>\n\u0110\u1ed9 tu\u1ed5i: &gt; 6 tu\u1ed5i<br \/>\nS\u1ed1 m\u00f4 h\u00ecnh: 80009<br \/>\nPh\u00e2n lo\u1ea1i: T\u1eadp h\u1ee3p<br \/>\nH\u00ecnh d\u1ea1ng kh\u1ed1i nh\u1ef1a: G\u1ea1ch t\u1ef1 kh\u00f3a<br \/>\nCh\u1ea5t li\u1ec7u: Nh\u1ef1a<br \/>\nLo\u1ea1i nh\u1ef1a: ABS<br \/>\nKh\u1ed1i g\u1ea1ch: 1353 +<br \/>\nKh\u00f4ng c\u00f3 h\u1ed9p ban \u0111\u1ea7u<\/p>","protected":false},"featured_media":43514,"comment_status":"open","ping_status":"closed","template":"","meta":{"_acf_changed":false},"product_cat":[1357,364],"product_tag":[11092,3191,389,11080],"class_list":["product","first","instock","shipping-taxable","purchasable","product-type-simple"],"acf":[],"_links":{"self":[{"href":"https:\/\/mouldking.store\/vi\/wp-json\/wp\/v2\/product\/43519","targetHints":{"allow":["GET"]}}],"collection":[{"href":"https:\/\/mouldking.store\/vi\/wp-json\/wp\/v2\/product"}],"about":[{"href":"https:\/\/mouldking.store\/vi\/wp-json\/wp\/v2\/types\/product"}],"replies":[{"embeddable":true,"href":"https:\/\/mouldking.store\/vi\/wp-json\/wp\/v2\/comments?post=43519"}],"wp:featuredmedia":[{"embeddable":true,"href":"https:\/\/mouldking.store\/vi\/wp-json\/wp\/v2\/media\/43514"}],"wp:attachment":[{"href":"https:\/\/mouldking.store\/vi\/wp-json\/wp\/v2\/media?parent=43519"}],"wp:term":[{"taxonomy":"product_cat","embeddable":true,"href":"https:\/\/mouldking.store\/vi\/wp-json\/wp\/v2\/product_cat?post=43519"},{"taxonomy":"product_tag","embeddable":true,"href":"https:\/\/mouldking.store\/vi\/wp-json\/wp\/v2\/product_tag?post=43519"}],"curies":[{"name":"wp","href":"https:\/\/api.w.org\/{rel}","templated":true}]}}