{"id":43525,"date":"2023-03-27T16:26:35","date_gmt":"2023-03-27T09:26:35","guid":{"rendered":"https:\/\/mouldking.store\/shop\/pantasy-11002-china-southern-airlines-arj21-with-3000-pieces\/"},"modified":"2023-03-27T16:26:35","modified_gmt":"2023-03-27T09:26:35","slug":"pantasy-11002-china-southern-airlines-arj21-with-3000-pieces","status":"publish","type":"product","link":"https:\/\/mouldking.store\/vi\/shop\/pantasy-11002-china-southern-airlines-arj21-with-3000-pieces\/","title":{"rendered":"Pantasy 11002 China Southern Airlines ARJ21 v\u1edbi 3000 chi\u1ebfc"},"content":{"rendered":"<div>\u2705 Pantasy 11002 China Southern Airlines ARJ21<br \/>&nbsp;<br \/>\u2705 China Southern Airlines ARJ21 l\u00e0 m\u00e1y bay d\u00e2n d\u1ee5ng ph\u1ea3n l\u1ef1c khu v\u1ef1c do T\u1eadp \u0111o\u00e0n M\u00e1y bay Th\u01b0\u01a1ng m\u1ea1i Trung Qu\u1ed1c (COMAC) s\u1ea3n xu\u1ea5t. \u0110\u00e2y l\u00e0 lo\u1ea1i m\u00e1y bay hai \u0111\u1ed9ng c\u01a1, m\u1ed9t l\u1ed1i \u0111i, \u0111\u01b0\u1ee3c thi\u1ebft k\u1ebf cho c\u00e1c chuy\u1ebfn bay t\u1eeb ng\u1eafn \u0111\u1ebfn trung b\u00ecnh, v\u1edbi t\u1ea7m bay l\u00ean t\u1edbi 3.700 km (2.300 d\u1eb7m) v\u00e0 s\u1ee9c ch\u1ee9a l\u00ean t\u1edbi 90 h\u00e0nh kh\u00e1ch, t\u00f9y thu\u1ed9c v\u00e0o c\u1ea5u h\u00ecnh ch\u1ed7 ng\u1ed3i.<br \/>&nbsp;<br \/>\ud83d\udeab QUAN TR\u1eccNG!&nbsp;<br \/>&nbsp;<br \/>T\u00ean s\u1ea3n ph\u1ea9m: China Southern Airlines ARJ21<br \/>&nbsp;<br \/>Danh m\u1ee5c: K\u1ef9 thu\u1eadt<br \/>&nbsp;<br \/>B\u1ed9 s\u1ea3n ph\u1ea9m n\u00e0y ch\u1ee9a: Pantasy 11002<br \/>&nbsp;<br \/>3000 vi\u00ean g\u1ea1ch ch\u1ea5t l\u01b0\u1ee3ng t\u1ed1t&nbsp;<br \/>&nbsp;<br \/>K\u00edch th\u01b0\u1edbc: 46,7 \u00d7 44,7 \u00d7 31 cm<\/p>\n<p>Tr\u1ecdng l\u01b0\u1ee3ng 1,011 kg<\/p><\/div>\n<div>&nbsp;<br \/>H\u01b0\u1edbng d\u1eabn th\u1ee7 c\u00f4ng&nbsp;<br \/>&nbsp;<br \/>\ud83d\udcccB\u1ea3n ch\u1ea5t c\u1ee7a nh\u00e2n v\u1eadt ch\u00ednh&nbsp;<br \/>&nbsp;<br \/>Xin gi\u1edbi thi\u1ec7u b\u1ed9 s\u01b0u t\u1eadp \u0111\u00e1ng t\u1ef1 h\u00e0o c\u1ee7a ch\u00fang t\u00f4i c\u00f3 t\u00ean \u201cChina Southern Airlines ARJ21\u201d m\u00e0 b\u1ea1n kh\u00f4ng n\u00ean b\u1ecf l\u1ee1.&nbsp;<br \/>&nbsp;<br \/>ARJ21 \u0111\u00e1ng ch\u00fa \u00fd v\u00ec l\u00e0 m\u00e1y bay th\u01b0\u01a1ng m\u1ea1i \u0111\u1ea7u ti\u00ean \u0111\u01b0\u1ee3c thi\u1ebft k\u1ebf v\u00e0 s\u1ea3n xu\u1ea5t ho\u00e0n to\u00e0n t\u1ea1i Trung Qu\u1ed1c, v\u1edbi m\u1ee5c ti\u00eau gi\u1ea3m s\u1ef1 ph\u1ee5 thu\u1ed9c c\u1ee7a Trung Qu\u1ed1c v\u00e0o c\u00e1c nh\u00e0 s\u1ea3n xu\u1ea5t m\u00e1y bay n\u01b0\u1edbc ngo\u00e0i nh\u01b0 Boeing v\u00e0 Airbus. Ch\u01b0\u01a1ng tr\u00ecnh \u0111\u01b0\u1ee3c tri\u1ec3n khai v\u00e0o n\u0103m 2002 v\u00e0 chi\u1ebfc ARJ21 \u0111\u1ea7u ti\u00ean \u0111\u01b0\u1ee3c \u0111\u01b0a v\u00e0o ho\u1ea1t \u0111\u1ed9ng v\u1edbi Chengdu Airlines v\u00e0o n\u0103m 2016.<\/div>","protected":false},"excerpt":{"rendered":"<p>Th\u01b0\u01a1ng hi\u1ec7u: pantasy<br \/>\nGi\u1edbi t\u00ednh: Unisex<br \/>\n\u0110\u1ed9 tu\u1ed5i: &gt; 6 tu\u1ed5i<br \/>\nS\u1ed1 m\u00f4 h\u00ecnh: 11002<br \/>\nPh\u00e2n lo\u1ea1i: T\u1eadp h\u1ee3p<br \/>\nH\u00ecnh d\u1ea1ng kh\u1ed1i nh\u1ef1a: G\u1ea1ch t\u1ef1 kh\u00f3a<br \/>\nCh\u1ea5t li\u1ec7u: Nh\u1ef1a<br \/>\nLo\u1ea1i nh\u1ef1a: ABS<br \/>\nKh\u1ed1i g\u1ea1ch: 3000 +<br \/>\nKh\u00f4ng c\u00f3 h\u1ed9p ban \u0111\u1ea7u<br \/>\nti\u1ec1n l\u1ebb<\/p>","protected":false},"featured_media":43520,"comment_status":"open","ping_status":"closed","template":"","meta":{"_acf_changed":false},"product_cat":[1357,364],"product_tag":[11092,10892,11364,389,11080],"class_list":["product","first","instock","shipping-taxable","purchasable","product-type-simple"],"acf":[],"_links":{"self":[{"href":"https:\/\/mouldking.store\/vi\/wp-json\/wp\/v2\/product\/43525","targetHints":{"allow":["GET"]}}],"collection":[{"href":"https:\/\/mouldking.store\/vi\/wp-json\/wp\/v2\/product"}],"about":[{"href":"https:\/\/mouldking.store\/vi\/wp-json\/wp\/v2\/types\/product"}],"replies":[{"embeddable":true,"href":"https:\/\/mouldking.store\/vi\/wp-json\/wp\/v2\/comments?post=43525"}],"wp:featuredmedia":[{"embeddable":true,"href":"https:\/\/mouldking.store\/vi\/wp-json\/wp\/v2\/media\/43520"}],"wp:attachment":[{"href":"https:\/\/mouldking.store\/vi\/wp-json\/wp\/v2\/media?parent=43525"}],"wp:term":[{"taxonomy":"product_cat","embeddable":true,"href":"https:\/\/mouldking.store\/vi\/wp-json\/wp\/v2\/product_cat?post=43525"},{"taxonomy":"product_tag","embeddable":true,"href":"https:\/\/mouldking.store\/vi\/wp-json\/wp\/v2\/product_tag?post=43525"}],"curies":[{"name":"wp","href":"https:\/\/api.w.org\/{rel}","templated":true}]}}