{"id":43539,"date":"2023-03-27T16:54:38","date_gmt":"2023-03-27T09:54:38","guid":{"rendered":"https:\/\/mouldking.store\/shop\/pantasy-86231-neogeo-game-arcade-with-3000-pieces\/"},"modified":"2023-03-27T16:54:38","modified_gmt":"2023-03-27T09:54:38","slug":"pantasy-86231-neogeo-game-arcade-with-3000-pieces","status":"publish","type":"product","link":"https:\/\/mouldking.store\/vi\/shop\/pantasy-86231-neogeo-game-arcade-with-3000-pieces\/","title":{"rendered":"Pantasy 86231 NEOGEO Game Arcade with 3000 Pieces"},"content":{"rendered":"<div>\u2705 Pantasy 86231 NEOGEO Game Arcade&nbsp;<br \/>&nbsp;<br \/>\u2705NEOGEO is a video game arcade system and console that was developed by the Japanese company SNK (formerly known as Shin Nihon Kikaku). It was first released in 1990 as a high-end arcade system that could handle high-quality, arcade-style games with advanced graphics and sound capabilities.<br \/>&nbsp;<br \/>\ud83d\udeab QUAN TR\u1eccNG!&nbsp;<br \/>&nbsp;<br \/>Product Name: NEOGEO Game Arcade&nbsp;<br \/>&nbsp;<br \/>Th\u1ec3 lo\u1ea1i: Ng\u01b0\u1eddi s\u00e1ng t\u1ea1o&nbsp;<br \/>&nbsp;<br \/>This Kit Contains:&nbsp; Pantasy 86231&nbsp;<br \/>&nbsp;<br \/>3000 vi\u00ean g\u1ea1ch ch\u1ea5t l\u01b0\u1ee3ng t\u1ed1t&nbsp;<br \/>&nbsp;<br \/>Size: 24 x 24 x 17cm<br \/>&nbsp;<br \/>H\u01b0\u1edbng d\u1eabn th\u1ee7 c\u00f4ng&nbsp;<br \/>&nbsp;<br \/>\ud83d\udcccB\u1ea3n ch\u1ea5t c\u1ee7a nh\u00e2n v\u1eadt ch\u00ednh&nbsp;<br \/>&nbsp;<br \/>Introducing our proud collection named \u201cNEOGEO Game Arcade \u201d you should not miss.&nbsp;<br \/>&nbsp;<br \/>NEOGEO arcade cabinets were distinctive for their colorful designs and arcade-style joystick and button controls. They were often found in arcades and other public entertainment venues, where players could enjoy classic games like &#8220;Metal Slug,&#8221; &#8220;The King of Fighters,&#8221; &#8220;Samurai Shodown,&#8221; and &#8220;Fatal Fury.&#8221; In addition to the arcade system, SNK also released a home console version of the NEOGEO in 1991. The NEOGEO home console was known for its high price point and the fact that it used the same hardware as the arcade system, which made it expensive but also allowed for arcade-quality gaming in the home.<\/div>","protected":false},"excerpt":{"rendered":"<p>Th\u01b0\u01a1ng hi\u1ec7u: pantasy<br \/>\nGi\u1edbi t\u00ednh: Unisex<br \/>\n\u0110\u1ed9 tu\u1ed5i: &gt; 6 tu\u1ed5i<br \/>\nS\u1ed1 m\u00f4 h\u00ecnh: 86231<br \/>\nPh\u00e2n lo\u1ea1i: T\u1eadp h\u1ee3p<br \/>\nH\u00ecnh d\u1ea1ng kh\u1ed1i nh\u1ef1a: G\u1ea1ch t\u1ef1 kh\u00f3a<br \/>\nCh\u1ea5t li\u1ec7u: Nh\u1ef1a<br \/>\nLo\u1ea1i nh\u1ef1a: ABS<br \/>\nKh\u1ed1i g\u1ea1ch: 3000 +<br \/>\nKh\u00f4ng c\u00f3 h\u1ed9p ban \u0111\u1ea7u<br \/>\nKh\u00f4ng c\u00f3 nh\u00e2n v\u1eadt nh\u1ecf<br \/>\nM\u1ea3nh gh\u00e9p c\u00f3 th\u1ec3 thay \u0111\u1ed5i<\/p>","protected":false},"featured_media":43533,"comment_status":"open","ping_status":"closed","template":"","meta":{"_acf_changed":false},"product_cat":[1365,371],"product_tag":[8605,11072,8452,9139],"class_list":["product","first","instock","shipping-taxable","purchasable","product-type-simple"],"acf":[],"_links":{"self":[{"href":"https:\/\/mouldking.store\/vi\/wp-json\/wp\/v2\/product\/43539","targetHints":{"allow":["GET"]}}],"collection":[{"href":"https:\/\/mouldking.store\/vi\/wp-json\/wp\/v2\/product"}],"about":[{"href":"https:\/\/mouldking.store\/vi\/wp-json\/wp\/v2\/types\/product"}],"replies":[{"embeddable":true,"href":"https:\/\/mouldking.store\/vi\/wp-json\/wp\/v2\/comments?post=43539"}],"wp:featuredmedia":[{"embeddable":true,"href":"https:\/\/mouldking.store\/vi\/wp-json\/wp\/v2\/media\/43533"}],"wp:attachment":[{"href":"https:\/\/mouldking.store\/vi\/wp-json\/wp\/v2\/media?parent=43539"}],"wp:term":[{"taxonomy":"product_cat","embeddable":true,"href":"https:\/\/mouldking.store\/vi\/wp-json\/wp\/v2\/product_cat?post=43539"},{"taxonomy":"product_tag","embeddable":true,"href":"https:\/\/mouldking.store\/vi\/wp-json\/wp\/v2\/product_tag?post=43539"}],"curies":[{"name":"wp","href":"https:\/\/api.w.org\/{rel}","templated":true}]}}