{"id":43552,"date":"2023-03-27T17:08:29","date_gmt":"2023-03-27T10:08:29","guid":{"rendered":"https:\/\/mouldking.store\/shop\/decool-jisi-16810-espresso-mocha-coffee-maker-with-612-pieces\/"},"modified":"2025-12-16T22:25:06","modified_gmt":"2025-12-16T15:25:06","slug":"decool-jisi-16810-espresso-mocha-coffee-maker-with-612-pieces","status":"publish","type":"product","link":"https:\/\/mouldking.store\/vi\/shop\/decool-jisi-16810-espresso-mocha-coffee-maker-with-612-pieces\/","title":{"rendered":"DECOOL \/ JiSi 16810 M\u00e1y Pha C\u00e0 Ph\u00ea Espresso Mocha B\u1ed9 612 C\u00e1i"},"content":{"rendered":"<div>\u2705 DECOOL 16810 Espresso Mocha Coffee Maker<br \/>&nbsp;<br \/>\u2705An espresso mocha coffee maker, also known as a Moka pot or stovetop espresso maker, is a type of coffee maker that brews coffee using steam pressure. It consists of three parts: a bottom chamber, a middle filter basket, and a top chamber.<br \/>&nbsp;<br \/>\ud83d\udeab QUAN TR\u1eccNG!&nbsp;<br \/>&nbsp;<br \/>Product Name: Espresso Mocha Coffee Maker<br \/>&nbsp;<br \/>Th\u1ec3 lo\u1ea1i: Ng\u01b0\u1eddi s\u00e1ng t\u1ea1o&nbsp;<br \/>&nbsp;<br \/>This Kit Contains: DECOOL 16810<br \/>&nbsp;<br \/>612 vi\u00ean g\u1ea1ch ch\u1ea5t l\u01b0\u1ee3ng t\u1ed1t&nbsp;<br \/>&nbsp;<br \/>H\u01b0\u1edbng d\u1eabn th\u1ee7 c\u00f4ng&nbsp;<br \/>&nbsp;<br \/>\ud83d\udcccB\u1ea3n ch\u1ea5t c\u1ee7a nh\u00e2n v\u1eadt ch\u00ednh&nbsp;<br \/>&nbsp;<br \/>Introducing our proud collection named \u201cEspresso Mocha Coffee Maker\u201d you should not miss.&nbsp;<br \/>&nbsp;<br \/>To use a Moka pot, water is added to the bottom chamber, and finely ground coffee is placed in the filter basket. The pot is then placed on the stove and heated, causing the water to boil and create steam pressure. The steam pressure pushes the hot water through the coffee grounds and up into the top chamber, where the brewed coffee is collected. The resulting coffee is similar in strength and flavor to espresso, but with a slightly different taste profile due to the brewing method. Espresso mocha coffee makers are popular in Italy and other parts of Europe, where they are commonly used to brew strong, flavorful coffee in the home.<\/div>","protected":false},"excerpt":{"rendered":"<p>Th\u01b0\u01a1ng hi\u1ec7u: DECOOL \/ JiSi<br \/>\nGi\u1edbi t\u00ednh: Unisex<br \/>\n\u0110\u1ed9 tu\u1ed5i: &gt; 8 tu\u1ed5i<br \/>\nModel Number: 16810<br \/>\nPh\u00e2n lo\u1ea1i: T\u1eadp h\u1ee3p<br \/>\nH\u00ecnh d\u1ea1ng kh\u1ed1i nh\u1ef1a: G\u1ea1ch t\u1ef1 kh\u00f3a<br \/>\nCh\u1ea5t li\u1ec7u: Nh\u1ef1a<br \/>\nLo\u1ea1i nh\u1ef1a: ABS<br \/>\nKh\u1ed1i g\u1ea1ch: 612 +<br \/>\nKh\u00f4ng c\u00f3 h\u1ed9p ban \u0111\u1ea7u<\/p>","protected":false},"featured_media":43547,"comment_status":"open","ping_status":"closed","template":"","meta":{"_acf_changed":false},"product_cat":[1365,371],"product_tag":[5228,11072,8452,11638,11637],"class_list":["product","first","instock","shipping-taxable","purchasable","product-type-simple"],"acf":[],"_links":{"self":[{"href":"https:\/\/mouldking.store\/vi\/wp-json\/wp\/v2\/product\/43552","targetHints":{"allow":["GET"]}}],"collection":[{"href":"https:\/\/mouldking.store\/vi\/wp-json\/wp\/v2\/product"}],"about":[{"href":"https:\/\/mouldking.store\/vi\/wp-json\/wp\/v2\/types\/product"}],"replies":[{"embeddable":true,"href":"https:\/\/mouldking.store\/vi\/wp-json\/wp\/v2\/comments?post=43552"}],"wp:featuredmedia":[{"embeddable":true,"href":"https:\/\/mouldking.store\/vi\/wp-json\/wp\/v2\/media\/43547"}],"wp:attachment":[{"href":"https:\/\/mouldking.store\/vi\/wp-json\/wp\/v2\/media?parent=43552"}],"wp:term":[{"taxonomy":"product_cat","embeddable":true,"href":"https:\/\/mouldking.store\/vi\/wp-json\/wp\/v2\/product_cat?post=43552"},{"taxonomy":"product_tag","embeddable":true,"href":"https:\/\/mouldking.store\/vi\/wp-json\/wp\/v2\/product_tag?post=43552"}],"curies":[{"name":"wp","href":"https:\/\/api.w.org\/{rel}","templated":true}]}}