{"id":43561,"date":"2023-03-27T17:27:02","date_gmt":"2023-03-27T10:27:02","guid":{"rendered":"https:\/\/mouldking.store\/shop\/moc-factory-139354-shark-bay-the-forgotten-coastal-fortress-with-1719-pieces\/"},"modified":"2025-12-16T22:25:06","modified_gmt":"2025-12-16T15:25:06","slug":"moc-factory-139354-shark-bay-the-forgotten-coastal-fortress-with-1719-pieces","status":"publish","type":"product","link":"https:\/\/mouldking.store\/vi\/shop\/moc-factory-139354-shark-bay-the-forgotten-coastal-fortress-with-1719-pieces\/","title":{"rendered":"MOC Factory 139354 Shark Bay \u2013 Ph\u00e1o \u0110\u00e0i Ven Bi\u1ec3n B\u1ecb L\u00e3ng Qu\u00ean V\u1edbi 1719 M\u1ea3nh Gh\u00e9p"},"content":{"rendered":"<div>\u2705 MOC-139354 Shark Bay \u2013 Ph\u00e1o \u0111\u00e0i ven bi\u1ec3n b\u1ecb l\u00e3ng qu\u00ean<br \/>&nbsp;<br \/>\u2705Shark Bay l\u00e0 m\u1ed9t ph\u00e1o \u0111\u00e0i ven bi\u1ec3n n\u1eb1m \u1edf b\u1edd bi\u1ec3n ph\u00eda T\u00e2y n\u01b0\u1edbc \u00dac, g\u1ea7n th\u1ecb tr\u1ea5n Denham \u1edf T\u00e2y \u00dac. N\u00f3 \u0111\u01b0\u1ee3c x\u00e2y d\u1ef1ng v\u00e0o cu\u1ed1i nh\u1eefng n\u0103m 1800 nh\u01b0 m\u1ed9t \u0111\u1ed3n ph\u00f2ng th\u1ee7 chi\u1ebfn l\u01b0\u1ee3c cho thu\u1ed9c \u0111\u1ecba T\u00e2y \u00dac.<br \/>&nbsp;<br \/>\ud83d\udeab QUAN TR\u1eccNG!&nbsp;<br \/>&nbsp;<br \/>T\u00ean s\u1ea3n ph\u1ea9m: Shark Bay \u2013 Ph\u00e1o \u0111\u00e0i ven bi\u1ec3n b\u1ecb l\u00e3ng qu\u00ean<br \/>&nbsp;<br \/>Th\u1ec3 lo\u1ea1i: Ng\u01b0\u1eddi s\u00e1ng t\u1ea1o&nbsp;<br \/>&nbsp;<br \/>B\u1ed9 c\u00f4ng c\u1ee5 n\u00e0y ch\u1ee9a: MOC-139354<br \/>&nbsp;<br \/>1719 chi\u1ebfc G\u1ea1ch ch\u1ea5t l\u01b0\u1ee3ng t\u1ed1t&nbsp;<br \/>&nbsp;<br \/>H\u01b0\u1edbng d\u1eabn th\u1ee7 c\u00f4ng&nbsp;<br \/>&nbsp;<br \/>\ud83d\udcccB\u1ea3n ch\u1ea5t c\u1ee7a nh\u00e2n v\u1eadt ch\u00ednh&nbsp;<br \/>&nbsp;<br \/>Xin gi\u1edbi thi\u1ec7u b\u1ed9 s\u01b0u t\u1eadp \u0111\u00e1ng t\u1ef1 h\u00e0o c\u1ee7a ch\u00fang t\u00f4i mang t\u00ean \u201cShark Bay \u2013 Ph\u00e1o \u0111\u00e0i ven bi\u1ec3n b\u1ecb l\u00e3ng qu\u00ean\u201d m\u00e0 b\u1ea1n kh\u00f4ng n\u00ean b\u1ecf l\u1ee1.&nbsp;<br \/>&nbsp;<br \/>Ph\u00e1o \u0111\u00e0i ban \u0111\u1ea7u \u0111\u01b0\u1ee3c x\u00e2y d\u1ef1ng \u0111\u1ec3 b\u1ea3o v\u1ec7 b\u1edd bi\u1ec3n kh\u1ecfi c\u00e1c cu\u1ed9c t\u1ea5n c\u00f4ng ti\u1ec1m t\u00e0ng c\u1ee7a l\u1ef1c l\u01b0\u1ee3ng h\u1ea3i qu\u00e2n n\u01b0\u1edbc ngo\u00e0i, v\u00e0 \u0111\u01b0\u1ee3c trang b\u1ecb s\u00fang m\u1ea1nh c\u00f9ng c\u00e1c bi\u1ec7n ph\u00e1p ph\u00f2ng th\u1ee7 kh\u00e1c. Tuy nhi\u00ean, do nh\u1eefng thay \u0111\u1ed5i trong c\u00f4ng ngh\u1ec7 v\u00e0 chi\u1ebfn l\u01b0\u1ee3c qu\u00e2n s\u1ef1, ph\u00e1o \u0111\u00e0i \u0111\u00e3 tr\u1edf n\u00ean l\u1ed7i th\u1eddi v\u00e0 b\u1ecb b\u1ecf hoang v\u00e0o \u0111\u1ea7u nh\u1eefng n\u0103m 1900. Ng\u00e0y nay, t\u00e0n t\u00edch c\u1ee7a V\u1ecbnh Shark \u0111\u00f3ng vai tr\u00f2 l\u00e0 m\u1ed9t \u0111\u1ecba danh l\u1ecbch s\u1eed v\u00e0 \u0111i\u1ec3m thu h\u00fat kh\u00e1ch du l\u1ecbch. Du kh\u00e1ch c\u00f3 th\u1ec3 kh\u00e1m ph\u00e1 ph\u1ea7n c\u00f2n l\u1ea1i c\u1ee7a ph\u00e1o \u0111\u00e0i, bao g\u1ed3m c\u00e1c \u1ee5 s\u00fang, doanh tr\u1ea1i v\u00e0 c\u00e1c c\u00f4ng tr\u00ecnh ki\u1ebfn tr\u00fac kh\u00e1c. Khu v\u1ef1c xung quanh V\u1ecbnh Shark c\u0169ng l\u00e0 n\u01a1i sinh s\u1ed1ng c\u1ee7a nhi\u1ec1u lo\u1ea1i sinh v\u1eadt bi\u1ec3n, khi\u1ebfn n\u01a1i \u0111\u00e2y tr\u1edf th\u00e0nh \u0111\u1ecba \u0111i\u1ec3m n\u1ed5i ti\u1ebfng \u0111\u1ec3 c\u00e2u c\u00e1, l\u1eb7n bi\u1ec3n v\u00e0 c\u00e1c ho\u1ea1t \u0111\u1ed9ng d\u01b0\u1edbi n\u01b0\u1edbc kh\u00e1c.<\/div>","protected":false},"excerpt":{"rendered":"<p>Th\u01b0\u01a1ng hi\u1ec7u: Nh\u00e0 m\u00e1y M\u1ed8C<br \/>\nGi\u1edbi t\u00ednh: Unisex<br \/>\n\u0110\u1ed9 tu\u1ed5i: &gt; 6 tu\u1ed5i<br \/>\nS\u1ed1 m\u00f4 h\u00ecnh: 139354<br \/>\nPh\u00e2n lo\u1ea1i: T\u1eadp h\u1ee3p<br \/>\nH\u00ecnh d\u1ea1ng kh\u1ed1i nh\u1ef1a: G\u1ea1ch t\u1ef1 kh\u00f3a<br \/>\nCh\u1ea5t li\u1ec7u: Nh\u1ef1a<br \/>\nLo\u1ea1i nh\u1ef1a: ABS<br \/>\nKh\u1ed1i g\u1ea1ch: 1719 +<br \/>\nS\u1eafp x\u1ebfp th\u1eddi gian: 4-8 tu\u1ea7n<\/p>","protected":false},"featured_media":43559,"comment_status":"open","ping_status":"closed","template":"","meta":{"_acf_changed":false},"product_cat":[1365,371],"product_tag":[11072,8452,8659,5562,5969],"class_list":["product","first","instock","shipping-taxable","purchasable","product-type-simple"],"acf":[],"_links":{"self":[{"href":"https:\/\/mouldking.store\/vi\/wp-json\/wp\/v2\/product\/43561","targetHints":{"allow":["GET"]}}],"collection":[{"href":"https:\/\/mouldking.store\/vi\/wp-json\/wp\/v2\/product"}],"about":[{"href":"https:\/\/mouldking.store\/vi\/wp-json\/wp\/v2\/types\/product"}],"replies":[{"embeddable":true,"href":"https:\/\/mouldking.store\/vi\/wp-json\/wp\/v2\/comments?post=43561"}],"wp:featuredmedia":[{"embeddable":true,"href":"https:\/\/mouldking.store\/vi\/wp-json\/wp\/v2\/media\/43559"}],"wp:attachment":[{"href":"https:\/\/mouldking.store\/vi\/wp-json\/wp\/v2\/media?parent=43561"}],"wp:term":[{"taxonomy":"product_cat","embeddable":true,"href":"https:\/\/mouldking.store\/vi\/wp-json\/wp\/v2\/product_cat?post=43561"},{"taxonomy":"product_tag","embeddable":true,"href":"https:\/\/mouldking.store\/vi\/wp-json\/wp\/v2\/product_tag?post=43561"}],"curies":[{"name":"wp","href":"https:\/\/api.w.org\/{rel}","templated":true}]}}