{"id":43564,"date":"2023-03-27T17:33:43","date_gmt":"2023-03-27T10:33:43","guid":{"rendered":"https:\/\/mouldking.store\/shop\/moc-factory-41424-parley-at-the-lighthouse-fortress-with-1990-pieces\/"},"modified":"2025-12-16T22:25:06","modified_gmt":"2025-12-16T15:25:06","slug":"moc-factory-41424-parley-at-the-lighthouse-fortress-with-1990-pieces","status":"publish","type":"product","link":"https:\/\/mouldking.store\/vi\/shop\/moc-factory-41424-parley-at-the-lighthouse-fortress-with-1990-pieces\/","title":{"rendered":"MOC Factory 41424 Parley t\u1ea1i Ph\u00e1o \u0111\u00e0i Ng\u1ecdn h\u1ea3i \u0111\u0103ng v\u1edbi 1990 M\u1ea3nh gh\u00e9p"},"content":{"rendered":"<div>\u2705 MOC-41424 Parley at the Lighthouse Fortress<\/p>\n<p>\u2705A lighthouse fortress is a type of fortress that incorporates a lighthouse as part of its structure. These structures were commonly built in the 19th century as a means of protecting coastal areas and shipping lanes from enemy attacks, as well as guiding ships safely into port.<\/p>\n<p>\ud83d\udeab QUAN TR\u1eccNG!<\/p>\n<p>Product Name: Parley at the Lighthouse Fortress<\/p>\n<p>Th\u1ec3 lo\u1ea1i: Ng\u01b0\u1eddi s\u00e1ng t\u1ea1o<\/p>\n<p>This Kit Contains: MOC-41424<\/p>\n<p>1990 pcs Good Quality Bricks<\/p>\n<p>H\u01b0\u1edbng d\u1eabn PDF<\/p>\n<p>\ud83d\udcccB\u1ea3n ch\u1ea5t c\u1ee7a nh\u00e2n v\u1eadt ch\u00ednh<\/p>\n<p>Introducing our proud collection named \u201cParley at the Lighthouse Fortress\u201d you should not miss.<\/p>\n<p>The lighthouse in a lighthouse fortress typically served a dual purpose, both as a navigational aid for ships at sea and as a lookout point for coastal defenses. The fortress itself would be armed with cannons and other weapons to defend against naval attacks, and would be staffed by soldiers or other military personnel.<\/p><\/div>","protected":false},"excerpt":{"rendered":"<p>Th\u01b0\u01a1ng hi\u1ec7u: Nh\u00e0 m\u00e1y M\u1ed8C<br \/>\nGi\u1edbi t\u00ednh: Unisex<br \/>\n\u0110\u1ed9 tu\u1ed5i: &gt; 6 tu\u1ed5i<br \/>\nModel Number: 41424<br \/>\nPh\u00e2n lo\u1ea1i: T\u1eadp h\u1ee3p<br \/>\nH\u00ecnh d\u1ea1ng kh\u1ed1i nh\u1ef1a: G\u1ea1ch t\u1ef1 kh\u00f3a<br \/>\nCh\u1ea5t li\u1ec7u: Nh\u1ef1a<br \/>\nLo\u1ea1i nh\u1ef1a: ABS<br \/>\nBricks Blocks: 1990 +<br \/>\nS\u1eafp x\u1ebfp th\u1eddi gian: 4-8 tu\u1ea7n<\/p>","protected":false},"featured_media":43562,"comment_status":"open","ping_status":"closed","template":"","meta":{"_acf_changed":false},"product_cat":[1365,371],"product_tag":[11072,8452,8659,10110],"class_list":["product","first","instock","shipping-taxable","purchasable","product-type-simple"],"acf":[],"_links":{"self":[{"href":"https:\/\/mouldking.store\/vi\/wp-json\/wp\/v2\/product\/43564","targetHints":{"allow":["GET"]}}],"collection":[{"href":"https:\/\/mouldking.store\/vi\/wp-json\/wp\/v2\/product"}],"about":[{"href":"https:\/\/mouldking.store\/vi\/wp-json\/wp\/v2\/types\/product"}],"replies":[{"embeddable":true,"href":"https:\/\/mouldking.store\/vi\/wp-json\/wp\/v2\/comments?post=43564"}],"wp:featuredmedia":[{"embeddable":true,"href":"https:\/\/mouldking.store\/vi\/wp-json\/wp\/v2\/media\/43562"}],"wp:attachment":[{"href":"https:\/\/mouldking.store\/vi\/wp-json\/wp\/v2\/media?parent=43564"}],"wp:term":[{"taxonomy":"product_cat","embeddable":true,"href":"https:\/\/mouldking.store\/vi\/wp-json\/wp\/v2\/product_cat?post=43564"},{"taxonomy":"product_tag","embeddable":true,"href":"https:\/\/mouldking.store\/vi\/wp-json\/wp\/v2\/product_tag?post=43564"}],"curies":[{"name":"wp","href":"https:\/\/api.w.org\/{rel}","templated":true}]}}