{"id":43569,"date":"2023-03-27T17:44:36","date_gmt":"2023-03-27T10:44:36","guid":{"rendered":"https:\/\/mouldking.store\/shop\/moc-factory-86506-imperial-coast-fortress-with-1313-pieces\/"},"modified":"2025-12-16T22:25:05","modified_gmt":"2025-12-16T15:25:05","slug":"moc-factory-86506-imperial-coast-fortress-with-1313-pieces","status":"publish","type":"product","link":"https:\/\/mouldking.store\/vi\/shop\/moc-factory-86506-imperial-coast-fortress-with-1313-pieces\/","title":{"rendered":"MOC Factory 86506 Ph\u00e1o \u0111\u00e0i B\u1edd bi\u1ec3n Ho\u00e0ng gia v\u1edbi 1313 M\u1ea3nh gh\u00e9p"},"content":{"rendered":"<div>\u2705 MOC-86506 Ph\u00e1o \u0111\u00e0i B\u1edd bi\u1ec3n Ho\u00e0ng gia<\/p>\n<p>\u2705Ph\u00e1o \u0111\u00e0i B\u1edd bi\u1ec3n Ho\u00e0ng gia l\u00e0 ph\u00e1o \u0111\u00e0i ven bi\u1ec3n \u0111\u01b0\u1ee3c x\u00e2y d\u1ef1ng v\u00e0 duy tr\u00ec b\u1edfi m\u1ed9t th\u1ebf l\u1ef1c \u0111\u1ebf qu\u1ed1c. Nhi\u1ec1u ph\u00e1o \u0111\u00e0i ven bi\u1ec3n \u0111\u01b0\u1ee3c x\u00e2y d\u1ef1ng b\u1edfi c\u00e1c c\u01b0\u1eddng qu\u1ed1c \u0111\u1ebf qu\u1ed1c trong su\u1ed1t l\u1ecbch s\u1eed \u0111\u1ec3 b\u1ea3o v\u1ec7 l\u00e3nh th\u1ed5, c\u1ea3ng v\u00e0 tuy\u1ebfn \u0111\u01b0\u1eddng v\u1eadn chuy\u1ec3n c\u1ee7a h\u1ecd kh\u1ecfi c\u00e1c m\u1ed1i \u0111e d\u1ecda t\u1eeb n\u01b0\u1edbc ngo\u00e0i.<\/p>\n<p>\ud83d\udeab QUAN TR\u1eccNG!<\/p>\n<p>T\u00ean s\u1ea3n ph\u1ea9m: Ph\u00e1o \u0111\u00e0i B\u1edd bi\u1ec3n Ho\u00e0ng gia<\/p>\n<p>Danh m\u1ee5c: T\u00f2a nh\u00e0 m\u00f4-\u0111un<\/p>\n<p>B\u1ed9 n\u00e0y ch\u1ee9a: MOC-86506<\/p>\n<p>1313 chi\u1ebfc G\u1ea1ch ch\u1ea5t l\u01b0\u1ee3ng t\u1ed1t<\/p>\n<p>K\u00edch th\u01b0\u1edbc: 23,7 x 26,4 x 22,7 cm<\/p>\n<p>H\u01b0\u1edbng d\u1eabn PDF<\/p>\n<p>\ud83d\udcccB\u1ea3n ch\u1ea5t c\u1ee7a nh\u00e2n v\u1eadt ch\u00ednh<\/p>\n<p>Xin gi\u1edbi thi\u1ec7u b\u1ed9 s\u01b0u t\u1eadp \u0111\u00e1ng t\u1ef1 h\u00e0o c\u1ee7a ch\u00fang t\u00f4i mang t\u00ean \u201cPh\u00e1o \u0111\u00e0i B\u1edd bi\u1ec3n Ho\u00e0ng gia\u201d m\u00e0 b\u1ea1n kh\u00f4ng n\u00ean b\u1ecf l\u1ee1.<\/p>\n<p>M\u1ed9t s\u1ed1 v\u00ed d\u1ee5 v\u1ec1 ph\u00e1o \u0111\u00e0i ven bi\u1ec3n \u0111\u01b0\u1ee3c x\u00e2y d\u1ef1ng b\u1edfi c\u00e1c c\u01b0\u1eddng qu\u1ed1c \u0111\u1ebf qu\u1ed1c bao g\u1ed3m Ph\u00e1o \u0111\u00e0i Quebec \u1edf Canada do ng\u01b0\u1eddi Ph\u00e1p x\u00e2y d\u1ef1ng v\u00e0 Ph\u00e1o \u0111\u00e0i Cartagena de Indias \u1edf Colombia do ng\u01b0\u1eddi T\u00e2y Ban Nha x\u00e2y d\u1ef1ng. C\u00e1c v\u00ed d\u1ee5 kh\u00e1c bao g\u1ed3m c\u00e1c ph\u00e1o \u0111\u00e0i ven bi\u1ec3n do ng\u01b0\u1eddi Anh x\u00e2y d\u1ef1ng \u1edf \u1ea4n \u0110\u1ed9, ch\u1eb3ng h\u1ea1n nh\u01b0 Ph\u00e1o \u0111\u00e0i George \u1edf Mumbai v\u00e0 Ph\u00e1o \u0111\u00e0i St. Angelo \u1edf Kannur, c\u0169ng nh\u01b0 c\u00e1c c\u00f4ng s\u1ef1 d\u1ecdc theo b\u1edd bi\u1ec3n c\u1ee7a B\u1ed3 \u0110\u00e0o Nha, \u0111\u01b0\u1ee3c x\u00e2y d\u1ef1ng trong th\u1eddi k\u1ef3 m\u1edf r\u1ed9ng thu\u1ed9c \u0111\u1ecba c\u1ee7a \u0111\u1ea5t n\u01b0\u1edbc.<\/p><\/div>","protected":false},"excerpt":{"rendered":"<p>Th\u01b0\u01a1ng hi\u1ec7u: Nh\u00e0 m\u00e1y M\u1ed8C<br \/>\nGi\u1edbi t\u00ednh: Unisex<br \/>\n\u0110\u1ed9 tu\u1ed5i: &gt; 6 tu\u1ed5i<br \/>\nS\u1ed1 m\u00f4 h\u00ecnh: 86506<br \/>\nPh\u00e2n lo\u1ea1i: T\u1eadp h\u1ee3p<br \/>\nH\u00ecnh d\u1ea1ng kh\u1ed1i nh\u1ef1a: G\u1ea1ch t\u1ef1 kh\u00f3a<br \/>\nCh\u1ea5t li\u1ec7u: Nh\u1ef1a<br \/>\nLo\u1ea1i nh\u1ef1a: ABS<br \/>\nKh\u1ed1i g\u1ea1ch: 1313 +<br \/>\nS\u1eafp x\u1ebfp th\u1eddi gian: 4-8 tu\u1ea7n<\/p>","protected":false},"featured_media":43565,"comment_status":"open","ping_status":"closed","template":"","meta":{"_acf_changed":false},"product_cat":[1365,1395,390],"product_tag":[11189,8452,8659,392],"class_list":["product","first","instock","shipping-taxable","purchasable","product-type-simple"],"acf":[],"_links":{"self":[{"href":"https:\/\/mouldking.store\/vi\/wp-json\/wp\/v2\/product\/43569","targetHints":{"allow":["GET"]}}],"collection":[{"href":"https:\/\/mouldking.store\/vi\/wp-json\/wp\/v2\/product"}],"about":[{"href":"https:\/\/mouldking.store\/vi\/wp-json\/wp\/v2\/types\/product"}],"replies":[{"embeddable":true,"href":"https:\/\/mouldking.store\/vi\/wp-json\/wp\/v2\/comments?post=43569"}],"wp:featuredmedia":[{"embeddable":true,"href":"https:\/\/mouldking.store\/vi\/wp-json\/wp\/v2\/media\/43565"}],"wp:attachment":[{"href":"https:\/\/mouldking.store\/vi\/wp-json\/wp\/v2\/media?parent=43569"}],"wp:term":[{"taxonomy":"product_cat","embeddable":true,"href":"https:\/\/mouldking.store\/vi\/wp-json\/wp\/v2\/product_cat?post=43569"},{"taxonomy":"product_tag","embeddable":true,"href":"https:\/\/mouldking.store\/vi\/wp-json\/wp\/v2\/product_tag?post=43569"}],"curies":[{"name":"wp","href":"https:\/\/api.w.org\/{rel}","templated":true}]}}