{"id":43576,"date":"2023-03-27T17:55:22","date_gmt":"2023-03-27T10:55:22","guid":{"rendered":"https:\/\/mouldking.store\/shop\/moc-factory-105368-the-lost-temple-with-2915-pieces\/"},"modified":"2025-12-16T22:25:05","modified_gmt":"2025-12-16T15:25:05","slug":"moc-factory-105368-the-lost-temple-with-2915-pieces","status":"publish","type":"product","link":"https:\/\/mouldking.store\/vi\/shop\/moc-factory-105368-the-lost-temple-with-2915-pieces\/","title":{"rendered":"MOC Factory 105368 The Lost Temple with 2915 Pieces"},"content":{"rendered":"<div>\u2705 MOC-105368 Ng\u00f4i \u0111\u1ec1n \u0111\u00e3 m\u1ea5t<\/p>\n<p>\u2705C\u00f3 m\u1ed9t ng\u00f4i \u0111\u1ec1n theo phong c\u00e1ch Aztec v\u1edbi v\u00f4 s\u1ed1 t\u00ednh n\u0103ng t\u1eeb trong ra ngo\u00e0i. Ho\u00e0n th\u00e0nh v\u1edbi nh\u1eefng c\u00e1i b\u1eaby \u0111\u01b0\u1ee3c c\u01a1 gi\u1edbi h\u00f3a v\u00e0 tr\u1ea7n nh\u00e0 c\u00f3 gai trong b\u1ed1i c\u1ea3nh h\u00f2n \u0111\u1ea3o r\u1eebng r\u1eadm tuy\u1ec7t \u0111\u1eb9p.<\/p>\n<p>\ud83d\udeab QUAN TR\u1eccNG!<\/p>\n<p>T\u00ean s\u1ea3n ph\u1ea9m: Ng\u00f4i \u0111\u1ec1n \u0111\u00e3 m\u1ea5t<\/p>\n<p>Th\u1ec3 lo\u1ea1i: Ng\u01b0\u1eddi s\u00e1ng t\u1ea1o<\/p>\n<p>B\u1ed9 n\u00e0y ch\u1ee9a: MOC-105368<\/p>\n<p>2915 chi\u1ebfc G\u1ea1ch ch\u1ea5t l\u01b0\u1ee3ng t\u1ed1t<\/p>\n<p>H\u01b0\u1edbng d\u1eabn PDF<\/p>\n<p>\ud83d\udcccB\u1ea3n ch\u1ea5t c\u1ee7a nh\u00e2n v\u1eadt ch\u00ednh<\/p>\n<p>Xin gi\u1edbi thi\u1ec7u b\u1ed9 s\u01b0u t\u1eadp \u0111\u00e1ng t\u1ef1 h\u00e0o c\u1ee7a ch\u00fang t\u00f4i mang t\u00ean \u201cThe Lost Temple\u201d m\u00e0 b\u1ea1n kh\u00f4ng n\u00ean b\u1ecf l\u1ee1.<\/p>\n<p>Nh\u01b0 m\u1ecdi khi, mong mu\u1ed1n mang \u0111\u1ebfn cho b\u1ea1n nh\u1eefng thi\u1ebft k\u1ebf c\u00f3 s\u1ef1 k\u1ebft h\u1ee3p t\u1ed1t gi\u1eefa t\u00ednh k\u1ef9 thu\u1eadt, kh\u1ea3 n\u0103ng ch\u01a1i v\u00e0 h\u00ecnh \u1ea3nh. M\u00f4 h\u00ecnh n\u00e0y \u0111\u01b0\u1ee3c l\u00e0m b\u1eb1ng g\u1ea1ch d\u1ec5 ki\u1ebfm \u0111\u1ec3 gi\u1eef chi ph\u00ed th\u1ea5p v\u00e0 h\u01b0\u1edbng d\u1eabn x\u00e2y d\u1ef1ng ch\u1ea5t l\u01b0\u1ee3ng cao \u0111\u01b0\u1ee3c s\u1eed d\u1ee5ng \u0111\u1ec3 x\u00e2y d\u1ef1ng m\u00f4 h\u00ecnh th\u1ef1c t\u1ebf<\/p><\/div>","protected":false},"excerpt":{"rendered":"<p>Th\u01b0\u01a1ng hi\u1ec7u: Nh\u00e0 m\u00e1y M\u1ed8C<br \/>\nGi\u1edbi t\u00ednh: Unisex<br \/>\n\u0110\u1ed9 tu\u1ed5i: &gt; 6 tu\u1ed5i<br \/>\nS\u1ed1 m\u00f4 h\u00ecnh: 105368<br \/>\nPh\u00e2n lo\u1ea1i: T\u1eadp h\u1ee3p<br \/>\nH\u00ecnh d\u1ea1ng kh\u1ed1i nh\u1ef1a: G\u1ea1ch t\u1ef1 kh\u00f3a<br \/>\nCh\u1ea5t li\u1ec7u: Nh\u1ef1a<br \/>\nLo\u1ea1i nh\u1ef1a: ABS<br \/>\nKh\u1ed1i g\u1ea1ch: 2915 +<br \/>\nS\u1eafp x\u1ebfp th\u1eddi gian: 4-8 tu\u1ea7n<\/p>","protected":false},"featured_media":43570,"comment_status":"open","ping_status":"closed","template":"","meta":{"_acf_changed":false},"product_cat":[1365,1395,371,390],"product_tag":[11072,8452,11099,392,11001],"class_list":["product","first","instock","shipping-taxable","purchasable","product-type-simple"],"acf":[],"_links":{"self":[{"href":"https:\/\/mouldking.store\/vi\/wp-json\/wp\/v2\/product\/43576","targetHints":{"allow":["GET"]}}],"collection":[{"href":"https:\/\/mouldking.store\/vi\/wp-json\/wp\/v2\/product"}],"about":[{"href":"https:\/\/mouldking.store\/vi\/wp-json\/wp\/v2\/types\/product"}],"replies":[{"embeddable":true,"href":"https:\/\/mouldking.store\/vi\/wp-json\/wp\/v2\/comments?post=43576"}],"wp:featuredmedia":[{"embeddable":true,"href":"https:\/\/mouldking.store\/vi\/wp-json\/wp\/v2\/media\/43570"}],"wp:attachment":[{"href":"https:\/\/mouldking.store\/vi\/wp-json\/wp\/v2\/media?parent=43576"}],"wp:term":[{"taxonomy":"product_cat","embeddable":true,"href":"https:\/\/mouldking.store\/vi\/wp-json\/wp\/v2\/product_cat?post=43576"},{"taxonomy":"product_tag","embeddable":true,"href":"https:\/\/mouldking.store\/vi\/wp-json\/wp\/v2\/product_tag?post=43576"}],"curies":[{"name":"wp","href":"https:\/\/api.w.org\/{rel}","templated":true}]}}