{"id":43578,"date":"2023-03-27T18:08:38","date_gmt":"2023-03-27T11:08:38","guid":{"rendered":"https:\/\/mouldking.store\/shop\/moc-factory-99393-pirate-fortress-with-6609-pieces\/"},"modified":"2025-12-16T22:25:05","modified_gmt":"2025-12-16T15:25:05","slug":"moc-factory-99393-pirate-fortress-with-6609-pieces","status":"publish","type":"product","link":"https:\/\/mouldking.store\/vi\/shop\/moc-factory-99393-pirate-fortress-with-6609-pieces\/","title":{"rendered":"MOC Factory 99393 Ph\u00e1o \u0110\u00e0i H\u1ea3i T\u1eb7c v\u1edbi 6609 M\u1ea3nh Gh\u00e9p"},"content":{"rendered":"<div>\u2705 Ph\u00e1o \u0111\u00e0i c\u01b0\u1edbp bi\u1ec3n MOC-99393<\/p>\n<p>\u2705Ph\u00e1o \u0111\u00e0i c\u01b0\u1edbp bi\u1ec3n l\u00e0 m\u1ed9t lo\u1ea1i c\u1ea5u tr\u00fac ki\u00ean c\u1ed1 do c\u01b0\u1edbp bi\u1ec3n x\u00e2y d\u1ef1ng v\u1edbi m\u1ee5c \u0111\u00edch b\u1ea3o v\u1ec7 l\u00e3nh th\u1ed5 v\u00e0 chi\u1ebfn l\u1ee3i ph\u1ea9m c\u1ee7a ch\u00fang. C\u00e1c ph\u00e1o \u0111\u00e0i c\u1ee7a c\u01b0\u1edbp bi\u1ec3n th\u01b0\u1eddng n\u1eb1m tr\u00ean c\u00e1c h\u00f2n \u0111\u1ea3o xa x\u00f4i ho\u1eb7c d\u1ecdc theo b\u1edd bi\u1ec3n v\u00e0 \u0111\u01b0\u1ee3c thi\u1ebft k\u1ebf \u0111\u1ec3 kh\u00f3 ti\u1ebfp c\u1eadn ho\u1eb7c t\u1ea5n c\u00f4ng.<\/p>\n<p>\ud83d\udeab QUAN TR\u1eccNG!<\/p>\n<p>T\u00ean s\u1ea3n ph\u1ea9m: Ph\u00e1o \u0110\u00e0i H\u1ea3i T\u1eb7c<\/p>\n<p>Th\u1ec3 lo\u1ea1i: Ng\u01b0\u1eddi s\u00e1ng t\u1ea1o<\/p>\n<p>B\u1ed9 n\u00e0y ch\u1ee9a: MOC-99393&nbsp;<\/p>\n<p>6609 chi\u1ebfc G\u1ea1ch ch\u1ea5t l\u01b0\u1ee3ng t\u1ed1t<\/p>\n<p>H\u01b0\u1edbng d\u1eabn PDF<\/p>\n<p>\ud83d\udcccB\u1ea3n ch\u1ea5t c\u1ee7a nh\u00e2n v\u1eadt ch\u00ednh<\/p>\n<p>Xin gi\u1edbi thi\u1ec7u b\u1ed9 s\u01b0u t\u1eadp \u0111\u00e1ng t\u1ef1 h\u00e0o c\u1ee7a ch\u00fang t\u00f4i mang t\u00ean \u201cPh\u00e1o \u0111\u00e0i c\u01b0\u1edbp bi\u1ec3n\u201d m\u00e0 b\u1ea1n kh\u00f4ng n\u00ean b\u1ecf l\u1ee1.<\/p>\n<p>C\u00e1c ph\u00e1o \u0111\u00e0i c\u1ee7a c\u01b0\u1edbp bi\u1ec3n th\u01b0\u1eddng bao g\u1ed3m c\u00e1c \u0111\u1eb7c \u0111i\u1ec3m nh\u01b0 t\u01b0\u1eddng cao v\u1edbi tr\u1eadn \u0111\u1ecba v\u00e0 th\u00e1p canh, \u0111\u1ea1i b\u00e1c ho\u1eb7c c\u00e1c v\u0169 kh\u00ed kh\u00e1c \u0111\u1ec3 ph\u00f2ng th\u1ee7 v\u00e0 c\u00e1c c\u01a1 s\u1edf l\u01b0u tr\u1eef an to\u00e0n \u0111\u1ec3 c\u01b0\u1edbp b\u00f3c. M\u1ed9t s\u1ed1 ph\u00e1o \u0111\u00e0i c\u01b0\u1edbp bi\u1ec3n c\u00f2n c\u00f3 khu nh\u00e0 \u1edf cho ch\u00ednh c\u01b0\u1edbp bi\u1ec3n, c\u0169ng nh\u01b0 c\u00e1c ti\u1ec7n nghi kh\u00e1c nh\u01b0 nh\u00e0 b\u1ebfp, gi\u1ebfng n\u01b0\u1edbc v\u00e0 th\u1eadm ch\u00ed c\u1ea3 ph\u00f2ng tra t\u1ea5n t\u00f9 nh\u00e2n.<\/p><\/div>","protected":false},"excerpt":{"rendered":"<p>Th\u01b0\u01a1ng hi\u1ec7u: Nh\u00e0 m\u00e1y M\u1ed8C<br \/>\nGi\u1edbi t\u00ednh: Unisex<br \/>\n\u0110\u1ed9 tu\u1ed5i: &gt; 6 tu\u1ed5i<br \/>\nS\u1ed1 m\u00f4 h\u00ecnh: 99393<br \/>\nPh\u00e2n lo\u1ea1i: T\u1eadp h\u1ee3p<br \/>\nH\u00ecnh d\u1ea1ng kh\u1ed1i nh\u1ef1a: G\u1ea1ch t\u1ef1 kh\u00f3a<br \/>\nCh\u1ea5t li\u1ec7u: Nh\u1ef1a<br \/>\nLo\u1ea1i nh\u1ef1a: ABS<br \/>\nKh\u1ed1i g\u1ea1ch: 6609 +<br \/>\nS\u1eafp x\u1ebfp th\u1eddi gian: 4-8 tu\u1ea7n<\/p>","protected":false},"featured_media":43577,"comment_status":"open","ping_status":"closed","template":"","meta":{"_acf_changed":false},"product_cat":[1365,1395,371,390],"product_tag":[11072,8452,8659,392,2429],"class_list":["product","first","instock","shipping-taxable","purchasable","product-type-simple"],"acf":[],"_links":{"self":[{"href":"https:\/\/mouldking.store\/vi\/wp-json\/wp\/v2\/product\/43578","targetHints":{"allow":["GET"]}}],"collection":[{"href":"https:\/\/mouldking.store\/vi\/wp-json\/wp\/v2\/product"}],"about":[{"href":"https:\/\/mouldking.store\/vi\/wp-json\/wp\/v2\/types\/product"}],"replies":[{"embeddable":true,"href":"https:\/\/mouldking.store\/vi\/wp-json\/wp\/v2\/comments?post=43578"}],"wp:featuredmedia":[{"embeddable":true,"href":"https:\/\/mouldking.store\/vi\/wp-json\/wp\/v2\/media\/43577"}],"wp:attachment":[{"href":"https:\/\/mouldking.store\/vi\/wp-json\/wp\/v2\/media?parent=43578"}],"wp:term":[{"taxonomy":"product_cat","embeddable":true,"href":"https:\/\/mouldking.store\/vi\/wp-json\/wp\/v2\/product_cat?post=43578"},{"taxonomy":"product_tag","embeddable":true,"href":"https:\/\/mouldking.store\/vi\/wp-json\/wp\/v2\/product_tag?post=43578"}],"curies":[{"name":"wp","href":"https:\/\/api.w.org\/{rel}","templated":true}]}}