{"id":43591,"date":"2023-03-27T18:43:15","date_gmt":"2023-03-27T11:43:15","guid":{"rendered":"https:\/\/mouldking.store\/shop\/moc-factory-104069-black-fortress-with-46588-pieces\/"},"modified":"2025-12-16T22:25:05","modified_gmt":"2025-12-16T15:25:05","slug":"moc-factory-104069-black-fortress-with-46588-pieces","status":"publish","type":"product","link":"https:\/\/mouldking.store\/vi\/shop\/moc-factory-104069-black-fortress-with-46588-pieces\/","title":{"rendered":"MOC Factory 104069 Black Fortress with 46588 Pieces"},"content":{"rendered":"<div>\u2705 Ph\u00e1o \u0110\u00e0i \u0110en MOC-104069<\/p>\n<p>\u2705Ph\u00e1o \u0111\u00e0i \u0111en c\u1ea5u tr\u00fac m\u00f4-\u0111un, t\u1ed5ng c\u1ed9ng 7 c\u1ea5p \u0111\u1ed9 v\u00e0 \u0111\u1ea7y \u0111\u1ee7 n\u1ed9i th\u1ea5t.&nbsp;<\/p>\n<p>\ud83d\udeab QUAN TR\u1eccNG!<\/p>\n<p>T\u00ean s\u1ea3n ph\u1ea9m: Ph\u00e1o \u0110\u00e0i \u0110en<\/p>\n<p>Th\u1ec3 lo\u1ea1i: Chi\u1ebfn tranh gi\u1eefa c\u00e1c v\u00ec sao<\/p>\n<p>B\u1ed9 n\u00e0y ch\u1ee9a: MOC-104069<\/p>\n<p>46588 vi\u00ean g\u1ea1ch ch\u1ea5t l\u01b0\u1ee3ng t\u1ed1t<\/p>\n<p>K\u00edch th\u01b0\u1edbc: 77,68 x 105,52 x 102,16 cm<\/p>\n<p>H\u01b0\u1edbng d\u1eabn PDF<\/p>\n<p>\ud83d\udcccB\u1ea3n ch\u1ea5t c\u1ee7a nh\u00e2n v\u1eadt ch\u00ednh<\/p>\n<p>Xin gi\u1edbi thi\u1ec7u b\u1ed9 s\u01b0u t\u1eadp \u0111\u00e1ng t\u1ef1 h\u00e0o c\u1ee7a ch\u00fang t\u00f4i mang t\u00ean \u201cPh\u00e1o \u0111\u00e0i \u0111en\u201d m\u00e0 b\u1ea1n kh\u00f4ng n\u00ean b\u1ecf l\u1ee1.<\/p>\n<p>B\u00ean trong bao g\u1ed3m nh\u00e0 ch\u1ee9a m\u00e1y bay, ph\u00f2ng giam, ph\u00f2ng ch\u1ec9 huy, ph\u00f2ng y t\u1ebf, kho v\u0169 kh\u00ed, nh\u00e0 b\u1ebfp, khu sinh ho\u1ea1t, ph\u00f2ng ngai v\u00e0ng, ph\u00f2ng kh\u00e1ch, ph\u00f2ng h\u1ecdp, ph\u00f2ng c\u1ea5p tr\u00ean v\u00e0 c\u00e1c chi ti\u1ebft kh\u00e1c.<\/p><\/div>","protected":false},"excerpt":{"rendered":"<p>Th\u01b0\u01a1ng hi\u1ec7u: Nh\u00e0 m\u00e1y M\u1ed8C<br \/>\nGi\u1edbi t\u00ednh: Unisex<br \/>\n\u0110\u1ed9 tu\u1ed5i: &gt; 6 tu\u1ed5i<br \/>\nS\u1ed1 m\u00f4 h\u00ecnh: 104069<br \/>\nPh\u00e2n lo\u1ea1i: T\u1eadp h\u1ee3p<br \/>\nH\u00ecnh d\u1ea1ng kh\u1ed1i nh\u1ef1a: G\u1ea1ch t\u1ef1 kh\u00f3a<br \/>\nCh\u1ea5t li\u1ec7u: Nh\u1ef1a<br \/>\nLo\u1ea1i nh\u1ef1a: ABS<br \/>\nKh\u1ed1i g\u1ea1ch: 46588 +<br \/>\nS\u1eafp x\u1ebfp th\u1eddi gian: 4-8 tu\u1ea7n<\/p>","protected":false},"featured_media":43586,"comment_status":"open","ping_status":"closed","template":"","meta":{"_acf_changed":false},"product_cat":[1395,390,581,415,1408],"product_tag":[8711,8659,11099,392,434,436],"class_list":["product","first","instock","shipping-taxable","purchasable","product-type-simple"],"acf":[],"_links":{"self":[{"href":"https:\/\/mouldking.store\/vi\/wp-json\/wp\/v2\/product\/43591","targetHints":{"allow":["GET"]}}],"collection":[{"href":"https:\/\/mouldking.store\/vi\/wp-json\/wp\/v2\/product"}],"about":[{"href":"https:\/\/mouldking.store\/vi\/wp-json\/wp\/v2\/types\/product"}],"replies":[{"embeddable":true,"href":"https:\/\/mouldking.store\/vi\/wp-json\/wp\/v2\/comments?post=43591"}],"wp:featuredmedia":[{"embeddable":true,"href":"https:\/\/mouldking.store\/vi\/wp-json\/wp\/v2\/media\/43586"}],"wp:attachment":[{"href":"https:\/\/mouldking.store\/vi\/wp-json\/wp\/v2\/media?parent=43591"}],"wp:term":[{"taxonomy":"product_cat","embeddable":true,"href":"https:\/\/mouldking.store\/vi\/wp-json\/wp\/v2\/product_cat?post=43591"},{"taxonomy":"product_tag","embeddable":true,"href":"https:\/\/mouldking.store\/vi\/wp-json\/wp\/v2\/product_tag?post=43591"}],"curies":[{"name":"wp","href":"https:\/\/api.w.org\/{rel}","templated":true}]}}