{"id":43911,"date":"2023-04-04T13:07:30","date_gmt":"2023-04-04T06:07:30","guid":{"rendered":"https:\/\/mouldking.store\/shop\/moc-factory-24675-lost-in-space-charriot-with-292-pieces\/"},"modified":"2025-12-16T22:25:05","modified_gmt":"2025-12-16T15:25:05","slug":"moc-factory-24675-lost-in-space-charriot-with-292-pieces","status":"publish","type":"product","link":"https:\/\/mouldking.store\/vi\/shop\/moc-factory-24675-lost-in-space-charriot-with-292-pieces\/","title":{"rendered":"MOC Factory 24675 C\u1ed7 Xe L\u1ea1c V\u00e0o Kh\u00f4ng Gian V\u1edbi 292 M\u1ea3nh Gh\u00e9p"},"content":{"rendered":"<div>\u2705 MOC-24675 C\u1ed7 xe l\u1ea1c trong kh\u00f4ng gian<\/p>\n<p>\u2705The Chariot \u0111\u00e3 tr\u1edf th\u00e0nh m\u1ed9t y\u1ebfu t\u1ed1 mang t\u00ednh bi\u1ec3u t\u01b0\u1ee3ng c\u1ee7a lo\u1ea1t phim truy\u1ec1n h\u00ecnh Lost in Space v\u00e0 \u0111\u01b0\u1ee3c gi\u1edbi thi\u1ec7u n\u1ed5i b\u1eadt trong nhi\u1ec1u t\u1eadp phim. Thi\u1ebft k\u1ebf c\u1ee7a n\u00f3 \u0111\u00e3 \u0111\u01b0\u1ee3c nh\u00e2n r\u1ed9ng trong nhi\u1ec1u \u0111\u1ed3 ch\u01a1i, m\u00f4 h\u00ecnh v\u00e0 h\u00e0ng h\u00f3a kh\u00e1c nhau trong nhi\u1ec1u n\u0103m v\u00e0 n\u00f3 \u0111\u00e3 tr\u1edf th\u00e0nh bi\u1ec3u t\u01b0\u1ee3ng \u0111\u01b0\u1ee3c y\u00eau th\u00edch c\u1ee7a truy\u1ec1n h\u00ecnh khoa h\u1ecdc vi\u1ec5n t\u01b0\u1edfng c\u1ed5 \u0111i\u1ec3n.<\/p>\n<p>\ud83d\udeab QUAN TR\u1eccNG!<\/p>\n<p>T\u00ean s\u1ea3n ph\u1ea9m: Lost In Space Charriot<\/p>\n<p>Th\u1ec3 lo\u1ea1i: Phim<\/p>\n<p>B\u1ed9 n\u00e0y ch\u1ee9a: C9280<\/p>\n<p>292 vi\u00ean g\u1ea1ch ch\u1ea5t l\u01b0\u1ee3ng t\u1ed1t<\/p>\n<p>K\u00edch th\u01b0\u1edbc: 14.5 x 9 x 7.3cm<\/p>\n<p>C\u00e2n n\u1eb7ng: 0,19kg<\/p>\n<p>H\u01b0\u1edbng d\u1eabn PDF<\/p>\n<p>\ud83d\udcccB\u1ea3n ch\u1ea5t c\u1ee7a nh\u00e2n v\u1eadt ch\u00ednh<\/p>\n<p>Xin gi\u1edbi thi\u1ec7u b\u1ed9 s\u01b0u t\u1eadp \u0111\u00e1ng t\u1ef1 h\u00e0o c\u1ee7a ch\u00fang t\u00f4i mang t\u00ean \u201cLost In Space Charriot\u201d m\u00e0 b\u1ea1n kh\u00f4ng n\u00ean b\u1ecf l\u1ee1.<\/p>\n<p>The Lost in Space Chariot l\u00e0 m\u1ed9t ph\u01b0\u01a1ng ti\u1ec7n h\u01b0 c\u1ea5u trong b\u1ed9 phim truy\u1ec1n h\u00ecnh khoa h\u1ecdc vi\u1ec5n t\u01b0\u1edfng nh\u1eefng n\u0103m 1960 \u201cLost in Space\u201d. The Chariot l\u00e0 m\u1ed9t ph\u01b0\u01a1ng ti\u1ec7n l\u1edbn, s\u00e1u b\u00e1nh \u0111\u01b0\u1ee3c gia \u0111\u00ecnh Robinson s\u1eed d\u1ee5ng \u0111\u1ec3 kh\u00e1m ph\u00e1 h\u00e0nh tinh xa l\u1ea1 m\u00e0 h\u1ecd b\u1ecb m\u1eafc k\u1eb9t sau khi t\u00e0u v\u0169 tr\u1ee5 c\u1ee7a h\u1ecd, Jupiter 2, b\u1ecb ph\u00e1 ho\u1ea1i b\u1edfi m\u1ed9t \u0111\u1eb7c v\u1ee5 n\u01b0\u1edbc ngo\u00e0i. The Chariot \u0111\u01b0\u1ee3c thi\u1ebft k\u1ebf \u0111\u1ec3 di chuy\u1ec3n tr\u00ean \u0111\u1ecba h\u00ecnh kh\u1eafc nghi\u1ec7t v\u00e0 \u0111\u01b0\u1ee3c trang b\u1ecb nhi\u1ec1u t\u00ednh n\u0103ng kh\u00e1c nhau nh\u01b0 t\u1eddi, s\u00fang laze v\u00e0 m\u1ed9t ph\u00f2ng th\u00ed nghi\u1ec7m nh\u1ecf \u0111\u1ec3 ti\u1ebfn h\u00e0nh c\u00e1c th\u00ed nghi\u1ec7m khoa h\u1ecdc.<\/p><\/div>","protected":false},"excerpt":{"rendered":"<p>Th\u01b0\u01a1ng hi\u1ec7u: Nh\u00e0 m\u00e1y M\u1ed8C<br \/>\nGi\u1edbi t\u00ednh: Unisex<br \/>\n\u0110\u1ed9 tu\u1ed5i: &gt; 6 tu\u1ed5i<br \/>\nS\u1ed1 m\u00f4 h\u00ecnh: 24675<br \/>\nPh\u00e2n lo\u1ea1i: T\u1eadp h\u1ee3p<br \/>\nH\u00ecnh d\u1ea1ng kh\u1ed1i nh\u1ef1a: G\u1ea1ch t\u1ef1 kh\u00f3a<br \/>\nCh\u1ea5t li\u1ec7u: Nh\u1ef1a<br \/>\nLo\u1ea1i nh\u1ef1a: ABS<br \/>\nKh\u1ed1i g\u1ea1ch: 292 +<br \/>\nKh\u00f4ng c\u00f3 h\u1ed9p ban \u0111\u1ea7u<\/p>","protected":false},"featured_media":43903,"comment_status":"open","ping_status":"closed","template":"","meta":{"_acf_changed":false},"product_cat":[1357,581,6016,364,1408],"product_tag":[9139,434,2276,389],"class_list":["product","first","instock","shipping-taxable","purchasable","product-type-simple"],"acf":[],"_links":{"self":[{"href":"https:\/\/mouldking.store\/vi\/wp-json\/wp\/v2\/product\/43911","targetHints":{"allow":["GET"]}}],"collection":[{"href":"https:\/\/mouldking.store\/vi\/wp-json\/wp\/v2\/product"}],"about":[{"href":"https:\/\/mouldking.store\/vi\/wp-json\/wp\/v2\/types\/product"}],"replies":[{"embeddable":true,"href":"https:\/\/mouldking.store\/vi\/wp-json\/wp\/v2\/comments?post=43911"}],"wp:featuredmedia":[{"embeddable":true,"href":"https:\/\/mouldking.store\/vi\/wp-json\/wp\/v2\/media\/43903"}],"wp:attachment":[{"href":"https:\/\/mouldking.store\/vi\/wp-json\/wp\/v2\/media?parent=43911"}],"wp:term":[{"taxonomy":"product_cat","embeddable":true,"href":"https:\/\/mouldking.store\/vi\/wp-json\/wp\/v2\/product_cat?post=43911"},{"taxonomy":"product_tag","embeddable":true,"href":"https:\/\/mouldking.store\/vi\/wp-json\/wp\/v2\/product_tag?post=43911"}],"curies":[{"name":"wp","href":"https:\/\/api.w.org\/{rel}","templated":true}]}}