{"id":43928,"date":"2023-04-04T13:31:23","date_gmt":"2023-04-04T06:31:23","guid":{"rendered":"https:\/\/mouldking.store\/shop\/moc-factory-89426-the-backrooms-bacteria-entity-with-139-pieces\/"},"modified":"2025-12-16T22:25:05","modified_gmt":"2025-12-16T15:25:05","slug":"moc-factory-89426-the-backrooms-bacteria-entity-with-139-pieces","status":"publish","type":"product","link":"https:\/\/mouldking.store\/vi\/shop\/moc-factory-89426-the-backrooms-bacteria-entity-with-139-pieces\/","title":{"rendered":"MOC Factory 89426 The Backrooms Bacteria Entity with 139 Pieces"},"content":{"rendered":"<div>\u2705 MOC-89426 Th\u1ef1c th\u1ec3 vi khu\u1ea9n trong ph\u00f2ng sau<\/p>\n<p>\u2705B\u1ed9 kh\u1ed1i x\u00e2y d\u1ef1ng t\u00f9y ch\u1ec9nh n\u00e0y ch\u1ee9a 139 vi\u00ean g\u1ea1ch v\u00e0 c\u00f3 k\u00edch th\u01b0\u1edbc 10,3 x 6,5 x 20,7 cm. B\u1ed9 s\u1ea3n ph\u1ea9m \u0111\u01b0\u1ee3c l\u00e0m b\u1eb1ng nh\u1ef1a ABS, l\u00e0 ch\u1ea5t li\u1ec7u ph\u1ed5 bi\u1ebfn \u0111\u01b0\u1ee3c s\u1eed d\u1ee5ng trong s\u1ea3n xu\u1ea5t c\u00e1c kh\u1ed1i x\u00e2y d\u1ef1ng.<\/p>\n<p>\ud83d\udeab QUAN TR\u1eccNG!<\/p>\n<p>T\u00ean s\u1ea3n ph\u1ea9m: Th\u1ef1c th\u1ec3 vi khu\u1ea9n trong ph\u00f2ng sau<\/p>\n<p>Th\u1ec3 lo\u1ea1i: Ng\u01b0\u1eddi s\u00e1ng t\u1ea1o<\/p>\n<p>B\u1ed9 n\u00e0y ch\u1ee9a: C9399<\/p>\n<p>139 vi\u00ean g\u1ea1ch ch\u1ea5t l\u01b0\u1ee3ng t\u1ed1t<\/p>\n<p>K\u00edch th\u01b0\u1edbc: 10,3 x 6,5 x 20,7 cm<\/p>\n<p>Tr\u1ecdng l\u01b0\u1ee3ng: 0,06kg<\/p>\n<p>H\u01b0\u1edbng d\u1eabn PDF<\/p>\n<p>\ud83d\udcccB\u1ea3n ch\u1ea5t c\u1ee7a nh\u00e2n v\u1eadt ch\u00ednh<\/p>\n<p>Xin gi\u1edbi thi\u1ec7u b\u1ed9 s\u01b0u t\u1eadp \u0111\u00e1ng t\u1ef1 h\u00e0o c\u1ee7a ch\u00fang t\u00f4i c\u00f3 t\u00ean \u201cTh\u1ef1c th\u1ec3 vi khu\u1ea9n trong ph\u00f2ng sau\u201d m\u00e0 b\u1ea1n kh\u00f4ng n\u00ean b\u1ecf l\u1ee1.<\/p>\n<p>\u0110i\u1ec1u \u0111\u00e1ng ch\u00fa \u00fd l\u00e0 tr\u1ecdng l\u01b0\u1ee3ng c\u1ee7a b\u1ed9 n\u00e0y r\u1ea5t nh\u1eb9, ch\u1ec9 0,06 kg, \u0111i\u1ec1u n\u00e0y c\u00f3 th\u1ec3 cho th\u1ea5y \u0111\u00e2y kh\u00f4ng ph\u1ea3i l\u00e0 m\u1ed9t b\u1ed9 qu\u00e1 l\u1edbn ho\u1eb7c ph\u1ee9c t\u1ea1p. C\u00e1c th\u1ef1c th\u1ec3 vi khu\u1ea9n \u0111\u1ee9ng kh\u00e1 cao, c\u00f3 th\u1ec3 d\u1ec5 d\u00e0ng v\u01b0\u1ee3t qua con ng\u01b0\u1eddi n\u1ebfu \u0111\u1ee9ng ho\u00e0n to\u00e0n th\u1eb3ng \u0111\u1ee9ng. Ch\u00fang th\u01b0\u1eddng c\u00f3 hai chi d\u00e0i gi\u1ed1ng nh\u01b0 c\u00e1nh tay k\u00e9o d\u00e0i xu\u1ed1ng \u0111\u1ea5t v\u00e0 c\u01a1 th\u1ec3 m\u1ea3nh kh\u1ea3nh, gi\u1ed1ng nh\u01b0 c\u00e2y nho, gi\u1ed1ng nh\u01b0 m\u1ed9t m\u1edb d\u00e2y m\u00e0u \u0111en c\u00f3 h\u00ecnh ng\u01b0\u1eddi. \u201c\u0110\u1ea7u\u201d c\u1ee7a c\u00e1c th\u1ef1c th\u1ec3 k\u00e9o d\u00e0i v\u1ec1 ph\u00eda tr\u01b0\u1edbc kh\u00e1 nhi\u1ec1u nh\u01b0 \u0111\u00e3 th\u1ea5y trong \u0110o\u1ea1n phim \u0111\u01b0\u1ee3c t\u00ecm th\u1ea5y v\u00e0 c\u00f3 kh\u1ea3 n\u0103ng c\u00f3 kh\u1ed1i l\u01b0\u1ee3ng l\u1edbn nh\u1ea5t so v\u1edbi b\u1ea5t k\u1ef3 b\u1ed9 ph\u1eadn n\u00e0o tr\u00ean c\u01a1 th\u1ec3 ch\u00fang. Kh\u00f4ng bi\u1ebft li\u1ec7u nh\u1eefng sinh v\u1eadt n\u00e0y t\u1ea1o th\u00e0nh m\u1ed9t th\u1ef1c th\u1ec3 duy nh\u1ea5t c\u00f3 \u00fd th\u1ee9c hay nhi\u1ec1u th\u1ef1c th\u1ec3, nh\u01b0ng ch\u00fang \u0111\u01b0\u1ee3c ng\u1ee5 \u00fd l\u00e0 bao g\u1ed3m c\u00e1c thu\u1ed9c \u0111\u1ecba th\u1ed1ng nh\u1ea5t c\u1ee7a nh\u1eefng sinh v\u1eadt c\u1ef1c k\u1ef3 \u0111\u1ed9t bi\u1ebfn. <em>Bacillus subtilis<\/em>.<\/div>","protected":false},"excerpt":{"rendered":"<p>Th\u01b0\u01a1ng hi\u1ec7u: Nh\u00e0 m\u00e1y M\u1ed8C<br \/>\nGi\u1edbi t\u00ednh: Unisex<br \/>\n\u0110\u1ed9 tu\u1ed5i: &gt; 6 tu\u1ed5i<br \/>\nS\u1ed1 m\u00f4 h\u00ecnh: 89426<br \/>\nPh\u00e2n lo\u1ea1i: T\u1eadp h\u1ee3p<br \/>\nH\u00ecnh d\u1ea1ng kh\u1ed1i nh\u1ef1a: G\u1ea1ch t\u1ef1 kh\u00f3a<br \/>\nCh\u1ea5t li\u1ec7u: Nh\u1ef1a<br \/>\nLo\u1ea1i nh\u1ef1a: ABS<br \/>\nKh\u1ed1i g\u1ea1ch: 139 +<br \/>\nKh\u00f4ng c\u00f3 h\u1ed9p ban \u0111\u1ea7u<\/p>","protected":false},"featured_media":43920,"comment_status":"open","ping_status":"closed","template":"","meta":{"_acf_changed":false},"product_cat":[1365,371],"product_tag":[11672,11673,11072,8452,11674],"class_list":["product","first","instock","shipping-taxable","purchasable","product-type-simple"],"acf":[],"_links":{"self":[{"href":"https:\/\/mouldking.store\/vi\/wp-json\/wp\/v2\/product\/43928","targetHints":{"allow":["GET"]}}],"collection":[{"href":"https:\/\/mouldking.store\/vi\/wp-json\/wp\/v2\/product"}],"about":[{"href":"https:\/\/mouldking.store\/vi\/wp-json\/wp\/v2\/types\/product"}],"replies":[{"embeddable":true,"href":"https:\/\/mouldking.store\/vi\/wp-json\/wp\/v2\/comments?post=43928"}],"wp:featuredmedia":[{"embeddable":true,"href":"https:\/\/mouldking.store\/vi\/wp-json\/wp\/v2\/media\/43920"}],"wp:attachment":[{"href":"https:\/\/mouldking.store\/vi\/wp-json\/wp\/v2\/media?parent=43928"}],"wp:term":[{"taxonomy":"product_cat","embeddable":true,"href":"https:\/\/mouldking.store\/vi\/wp-json\/wp\/v2\/product_cat?post=43928"},{"taxonomy":"product_tag","embeddable":true,"href":"https:\/\/mouldking.store\/vi\/wp-json\/wp\/v2\/product_tag?post=43928"}],"curies":[{"name":"wp","href":"https:\/\/api.w.org\/{rel}","templated":true}]}}