{"id":43932,"date":"2023-04-04T13:37:25","date_gmt":"2023-04-04T06:37:25","guid":{"rendered":"https:\/\/mouldking.store\/shop\/moc-factory-89425-my-neighbor-totoro-catbus-with-777-pieces\/"},"modified":"2025-12-16T22:25:05","modified_gmt":"2025-12-16T15:25:05","slug":"moc-factory-89425-my-neighbor-totoro-catbus-with-777-pieces","status":"publish","type":"product","link":"https:\/\/mouldking.store\/vi\/shop\/moc-factory-89425-my-neighbor-totoro-catbus-with-777-pieces\/","title":{"rendered":"MOC Factory 89425 My Neighbor Totoro CatBus with 777 Pieces"},"content":{"rendered":"<div>\u2705 MOC-89425 My Neighbor Totoro CatBus<\/p>\n<p>\u2705My Neighbor Totoro l\u00e0 m\u1ed9t b\u1ed9 phim ho\u1ea1t h\u00ecnh Nh\u1eadt B\u1ea3n n\u0103m 1988 c\u1ee7a \u0111\u1ea1o di\u1ec5n Hayao Miyazaki v\u00e0 \u0111\u01b0\u1ee3c s\u1ea3n xu\u1ea5t b\u1edfi Studio Ghibli. B\u1ed9 phim k\u1ec3 v\u1ec1 hai ch\u1ecb em g\u00e1i tr\u1ebb chuy\u1ec3n \u0111\u1ebfn v\u00f9ng n\u00f4ng th\u00f4n v\u00e0 kh\u00e1m ph\u00e1 th\u1ebf gi\u1edbi k\u1ef3 di\u1ec7u c\u1ee7a nh\u1eefng linh h\u1ed3n r\u1eebng xanh, trong \u0111\u00f3 c\u00f3 sinh v\u1eadt \u0111\u00e1ng y\u00eau Totoro.<\/p>\n<p>\ud83d\udeab QUAN TR\u1eccNG!<\/p>\n<p>T\u00ean s\u1ea3n ph\u1ea9m: My Neighbor Totoro CatBus<\/p>\n<p>Th\u1ec3 lo\u1ea1i: Phim<\/p>\n<p>B\u1ed9 n\u00e0y ch\u1ee9a: C9340<\/p>\n<p>777 chi\u1ebfc G\u1ea1ch ch\u1ea5t l\u01b0\u1ee3ng t\u1ed1t<\/p>\n<p>K\u00edch th\u01b0\u1edbc: 24 x 10 x 15 cm<\/p>\n<p>C\u00e2n n\u1eb7ng: 0,66kg<\/p>\n<p>H\u01b0\u1edbng d\u1eabn PDF<\/p>\n<p>\ud83d\udcccB\u1ea3n ch\u1ea5t c\u1ee7a nh\u00e2n v\u1eadt ch\u00ednh<\/p>\n<p>Xin gi\u1edbi thi\u1ec7u b\u1ed9 s\u01b0u t\u1eadp \u0111\u00e1ng t\u1ef1 h\u00e0o c\u1ee7a ch\u00fang t\u00f4i c\u00f3 t\u00ean \u201cMy Neighbor Totoro CatBus\u201d m\u00e0 b\u1ea1n kh\u00f4ng n\u00ean b\u1ecf l\u1ee1.<\/p>\n<p>M\u1ed9t trong nh\u1eefng nh\u00e2n v\u1eadt \u0111\u00e1ng nh\u1edb v\u00e0 mang t\u00ednh bi\u1ec3u t\u01b0\u1ee3ng nh\u1ea5t c\u1ee7a b\u1ed9 phim l\u00e0 Catbus, m\u1ed9t sinh v\u1eadt k\u1ef3 \u1ea3o v\u1eeba l\u00e0 m\u00e8o v\u1eeba l\u00e0 xe bu\u00fdt. Catbus \u0111\u01b0\u1ee3c mi\u00eau t\u1ea3 l\u00e0 m\u1ed9t sinh v\u1eadt to l\u1edbn, nhi\u1ec1u l\u00f4ng v\u1edbi t\u00e1m ch\u00e2n c\u00f3 th\u1ec3 du\u1ed7i ra ho\u1eb7c thu v\u00e0o \u0111\u1ec3 \u0111i\u1ec1u ch\u1ec9nh k\u00edch th\u01b0\u1edbc c\u1ee7a n\u00f3. Catbus c\u0169ng c\u00f3 kh\u1ea3 n\u0103ng tr\u1edf n\u00ean trong su\u1ed1t, cho ph\u00e9p h\u00e0nh kh\u00e1ch nh\u00ecn xuy\u00ean qua n\u00f3 v\u00e0 c\u00f3 th\u1ec3 di chuy\u1ec3n nhanh ch\u00f3ng v\u00e0 y\u00ean t\u0129nh trong khu r\u1eebng. Catbus l\u00e0 m\u1ed9t nh\u00e2n v\u1eadt \u0111\u01b0\u1ee3c y\u00eau th\u00edch trong phim v\u00e0 \u0111\u00e3 tr\u1edf th\u00e0nh m\u1ed9t bi\u1ec3u t\u01b0\u1ee3ng v\u0103n h\u00f3a n\u1ed5i ti\u1ebfng \u1edf Nh\u1eadt B\u1ea3n v\u00e0 tr\u00ean to\u00e0n th\u1ebf gi\u1edbi. N\u00f3 \u0111\u00e3 xu\u1ea5t hi\u1ec7n trong nhi\u1ec1u m\u1eb7t h\u00e0ng kh\u00e1c nhau, bao g\u1ed3m \u0111\u1ed3 ch\u01a1i sang tr\u1ecdng, t\u01b0\u1ee3ng nh\u1ecf v\u00e0 th\u1eadm ch\u00ed c\u1ea3 b\u1ed9 phim \u0103n theo c\u1ee7a ri\u00eang n\u00f3 c\u00f3 t\u00ean \u201cMei and the Kittenbus.\u201d<\/p><\/div>","protected":false},"excerpt":{"rendered":"<p>Th\u01b0\u01a1ng hi\u1ec7u: Nh\u00e0 m\u00e1y M\u1ed8C<br \/>\nGi\u1edbi t\u00ednh: Unisex<br \/>\n\u0110\u1ed9 tu\u1ed5i: &gt; 6 tu\u1ed5i<br \/>\nS\u1ed1 m\u00f4 h\u00ecnh: 89425<br \/>\nPh\u00e2n lo\u1ea1i: T\u1eadp h\u1ee3p<br \/>\nH\u00ecnh d\u1ea1ng kh\u1ed1i nh\u1ef1a: G\u1ea1ch t\u1ef1 kh\u00f3a<br \/>\nCh\u1ea5t li\u1ec7u: Nh\u1ef1a<br \/>\nLo\u1ea1i nh\u1ef1a: ABS<br \/>\nKh\u1ed1i g\u1ea1ch: 777 +<br \/>\nKh\u00f4ng c\u00f3 h\u1ed9p ban \u0111\u1ea7u<\/p>","protected":false},"featured_media":43929,"comment_status":"open","ping_status":"closed","template":"","meta":{"_acf_changed":false},"product_cat":[1365,371,581,1408],"product_tag":[11678,11677,11072,8452,434,11675,11676],"class_list":["product","first","instock","shipping-taxable","purchasable","product-type-simple"],"acf":[],"_links":{"self":[{"href":"https:\/\/mouldking.store\/vi\/wp-json\/wp\/v2\/product\/43932","targetHints":{"allow":["GET"]}}],"collection":[{"href":"https:\/\/mouldking.store\/vi\/wp-json\/wp\/v2\/product"}],"about":[{"href":"https:\/\/mouldking.store\/vi\/wp-json\/wp\/v2\/types\/product"}],"replies":[{"embeddable":true,"href":"https:\/\/mouldking.store\/vi\/wp-json\/wp\/v2\/comments?post=43932"}],"wp:featuredmedia":[{"embeddable":true,"href":"https:\/\/mouldking.store\/vi\/wp-json\/wp\/v2\/media\/43929"}],"wp:attachment":[{"href":"https:\/\/mouldking.store\/vi\/wp-json\/wp\/v2\/media?parent=43932"}],"wp:term":[{"taxonomy":"product_cat","embeddable":true,"href":"https:\/\/mouldking.store\/vi\/wp-json\/wp\/v2\/product_cat?post=43932"},{"taxonomy":"product_tag","embeddable":true,"href":"https:\/\/mouldking.store\/vi\/wp-json\/wp\/v2\/product_tag?post=43932"}],"curies":[{"name":"wp","href":"https:\/\/api.w.org\/{rel}","templated":true}]}}