{"id":43948,"date":"2023-04-04T13:55:33","date_gmt":"2023-04-04T06:55:33","guid":{"rendered":"https:\/\/mouldking.store\/shop\/moc-factory-89424-kirby-and-the-forgotten-land-car-mouth-with-500-pieces\/"},"modified":"2025-12-16T22:25:05","modified_gmt":"2025-12-16T15:25:05","slug":"moc-factory-89424-kirby-and-the-forgotten-land-car-mouth-with-500-pieces","status":"publish","type":"product","link":"https:\/\/mouldking.store\/vi\/shop\/moc-factory-89424-kirby-and-the-forgotten-land-car-mouth-with-500-pieces\/","title":{"rendered":"MOC Factory 89424 Kirby and the Forgotten Land Car Mouth with 500 Pieces"},"content":{"rendered":"<div>\u2705 MOC-89424 Kirby v\u00e0 c\u00e1i mi\u1ec7ng \u00f4 t\u00f4 tr\u00ean \u0111\u1ea5t b\u1ecb l\u00e3ng qu\u00ean<\/p>\n<p>\u2705Kirby and the Forgotten Land l\u00e0 m\u1ed9t tr\u00f2 ch\u01a1i \u0111i\u1ec7n t\u1eed n\u1ec1n t\u1ea3ng \u0111\u01b0\u1ee3c ph\u00e1t tri\u1ec3n b\u1edfi Ph\u00f2ng th\u00ed nghi\u1ec7m HAL v\u00e0 \u0111\u01b0\u1ee3c Nintendo ph\u00e1t h\u00e0nh cho b\u1ea3ng \u0111i\u1ec1u khi\u1ec3n Nintendo Switch.&nbsp;<\/p>\n<p>\ud83d\udeab QUAN TR\u1eccNG!<\/p>\n<p>T\u00ean s\u1ea3n ph\u1ea9m: Kirby and the Forgotten Land Car Mouth<\/p>\n<p>Th\u1ec3 lo\u1ea1i: Phim<\/p>\n<p>B\u1ed9 n\u00e0y ch\u1ee9a: C9351<\/p>\n<p>500 vi\u00ean g\u1ea1ch ch\u1ea5t l\u01b0\u1ee3ng t\u1ed1t<\/p>\n<p>H\u01b0\u1edbng d\u1eabn PDF<\/p>\n<p>\ud83d\udcccB\u1ea3n ch\u1ea5t c\u1ee7a nh\u00e2n v\u1eadt ch\u00ednh<\/p>\n<p>Xin gi\u1edbi thi\u1ec7u b\u1ed9 s\u01b0u t\u1eadp \u0111\u00e1ng t\u1ef1 h\u00e0o c\u1ee7a ch\u00fang t\u00f4i c\u00f3 t\u00ean \u201cKirby and the Forgotten Land Car Mouth\u201d m\u00e0 b\u1ea1n kh\u00f4ng n\u00ean b\u1ecf l\u1ee1.<\/p>\n<p>Tr\u00f2 ch\u01a1i c\u00f3 Kirby kh\u00e1m ph\u00e1 m\u1ed9t th\u1ebf gi\u1edbi 3D r\u1ed9ng l\u1edbn ch\u1ee9a \u0111\u1ea7y b\u00ed m\u1eadt, c\u00e2u \u0111\u1ed1 v\u00e0 k\u1ebb th\u00f9. Kh\u1ea3 n\u0103ng \u0111\u1eb7c tr\u01b0ng c\u1ee7a Kirby l\u00e0 h\u00fat k\u1ebb th\u00f9 v\u00e0 l\u1ea5y l\u1ea1i s\u1ee9c m\u1ea1nh c\u1ee7a ch\u00fang, c\u00f9ng v\u1edbi m\u1ed9t s\u1ed1 kh\u1ea3 n\u0103ng m\u1edbi nh\u01b0 t\u1ea5n c\u00f4ng c\u1eadn chi\u1ebfn m\u1ea1nh m\u1ebd v\u00e0 kh\u1ea3 n\u0103ng k\u1ebft h\u1ee3p s\u1ee9c m\u1ea1nh \u0111\u1ec3 t\u1ea1o ra nh\u1eefng kh\u1ea3 n\u0103ng m\u1edbi \u0111\u1ed9c \u0111\u00e1o.&nbsp;<\/p><\/div>","protected":false},"excerpt":{"rendered":"<p>Th\u01b0\u01a1ng hi\u1ec7u: Nh\u00e0 m\u00e1y M\u1ed8C<br \/>\nGi\u1edbi t\u00ednh: Unisex<br \/>\n\u0110\u1ed9 tu\u1ed5i: &gt; 6 tu\u1ed5i<br \/>\nS\u1ed1 m\u00f4 h\u00ecnh: 89424<br \/>\nPh\u00e2n lo\u1ea1i: T\u1eadp h\u1ee3p<br \/>\nH\u00ecnh d\u1ea1ng kh\u1ed1i nh\u1ef1a: G\u1ea1ch t\u1ef1 kh\u00f3a<br \/>\nCh\u1ea5t li\u1ec7u: Nh\u1ef1a<br \/>\nLo\u1ea1i nh\u1ef1a: ABS<br \/>\nKh\u1ed1i g\u1ea1ch: 500 +<br \/>\nM\u1ea3nh gh\u00e9p c\u00f3 th\u1ec3 thay \u0111\u1ed5i<\/p>","protected":false},"featured_media":43938,"comment_status":"open","ping_status":"closed","template":"","meta":{"_acf_changed":false},"product_cat":[1365,1360,581,1408],"product_tag":[457,8452,11682,11681,4706,434],"class_list":["product","first","instock","shipping-taxable","purchasable","product-type-simple"],"acf":[],"_links":{"self":[{"href":"https:\/\/mouldking.store\/vi\/wp-json\/wp\/v2\/product\/43948","targetHints":{"allow":["GET"]}}],"collection":[{"href":"https:\/\/mouldking.store\/vi\/wp-json\/wp\/v2\/product"}],"about":[{"href":"https:\/\/mouldking.store\/vi\/wp-json\/wp\/v2\/types\/product"}],"replies":[{"embeddable":true,"href":"https:\/\/mouldking.store\/vi\/wp-json\/wp\/v2\/comments?post=43948"}],"wp:featuredmedia":[{"embeddable":true,"href":"https:\/\/mouldking.store\/vi\/wp-json\/wp\/v2\/media\/43938"}],"wp:attachment":[{"href":"https:\/\/mouldking.store\/vi\/wp-json\/wp\/v2\/media?parent=43948"}],"wp:term":[{"taxonomy":"product_cat","embeddable":true,"href":"https:\/\/mouldking.store\/vi\/wp-json\/wp\/v2\/product_cat?post=43948"},{"taxonomy":"product_tag","embeddable":true,"href":"https:\/\/mouldking.store\/vi\/wp-json\/wp\/v2\/product_tag?post=43948"}],"curies":[{"name":"wp","href":"https:\/\/api.w.org\/{rel}","templated":true}]}}