{"id":43950,"date":"2023-04-04T14:06:06","date_gmt":"2023-04-04T07:06:06","guid":{"rendered":"https:\/\/mouldking.store\/shop\/moc-factory-89423-saint-marks-campanile-with-4184-pieces\/"},"modified":"2025-12-16T22:25:05","modified_gmt":"2025-12-16T15:25:05","slug":"moc-factory-89423-saint-marks-campanile-with-4184-pieces","status":"publish","type":"product","link":"https:\/\/mouldking.store\/vi\/shop\/moc-factory-89423-saint-marks-campanile-with-4184-pieces\/","title":{"rendered":"Nh\u00e0 m\u00e1y MOC 89423 Th\u00e1p chu\u00f4ng Saint Mark v\u1edbi 4184 mi\u1ebfng"},"content":{"rendered":"<div>\u2705MOC-89423 Campanile c\u1ee7a Saint Mark<\/p>\n<p>\u2705Saint Mark&#039;s Campanile (Campanile di San Marco trong ti\u1ebfng \u00dd) l\u00e0 m\u1ed9t th\u00e1p chu\u00f4ng n\u1eb1m \u1edf Venice, \u00dd, li\u1ec1n k\u1ec1 v\u1edbi V\u01b0\u01a1ng cung th\u00e1nh \u0111\u01b0\u1eddng San Marco. T\u00f2a th\u00e1p l\u00e0 m\u1ed9t trong nh\u1eefng \u0111\u1ecba danh d\u1ec5 nh\u1eadn bi\u1ebft nh\u1ea5t \u1edf Venice v\u00e0 th\u01b0\u1eddng \u0111\u01b0\u1ee3c coi l\u00e0 bi\u1ec3u t\u01b0\u1ee3ng c\u1ee7a th\u00e0nh ph\u1ed1.<\/p>\n<p>\ud83d\udeab QUAN TR\u1eccNG!<\/p>\n<p>T\u00ean s\u1ea3n ph\u1ea9m: Campanile Saint Mark<\/p>\n<p>Danh m\u1ee5c: T\u00f2a nh\u00e0 m\u00f4-\u0111un<\/p>\n<p>B\u1ed9 n\u00e0y ch\u1ee9a: C9121<\/p>\n<p>4184 chi\u1ebfc G\u1ea1ch ch\u1ea5t l\u01b0\u1ee3ng t\u1ed1t<\/p>\n<p>K\u00edch th\u01b0\u1edbc: 16 x 16 x 88 cm<\/p>\n<p>C\u00e2n n\u1eb7ng: 2,53kg<\/p>\n<p>H\u01b0\u1edbng d\u1eabn PDF<\/p>\n<p>\ud83d\udcccB\u1ea3n ch\u1ea5t c\u1ee7a nh\u00e2n v\u1eadt ch\u00ednh<\/p>\n<p>Xin gi\u1edbi thi\u1ec7u b\u1ed9 s\u01b0u t\u1eadp \u0111\u00e1ng t\u1ef1 h\u00e0o c\u1ee7a ch\u00fang t\u00f4i mang t\u00ean \u201cSaint Mark&#039;s Campanile\u201d m\u00e0 b\u1ea1n kh\u00f4ng n\u00ean b\u1ecf l\u1ee1.<\/p>\n<p>Campanile ban \u0111\u1ea7u \u0111\u01b0\u1ee3c x\u00e2y d\u1ef1ng v\u00e0o th\u1ebf k\u1ef7 th\u1ee9 9 \u0111\u1ec3 l\u00e0m th\u00e1p canh cho th\u00e0nh ph\u1ed1, nh\u01b0ng n\u00f3 \u0111\u00e3 s\u1ee5p \u0111\u1ed5 v\u00e0o n\u0103m 1902. T\u00f2a th\u00e1p hi\u1ec7n t\u1ea1i l\u00e0 b\u1ea3n sao \u0111\u01b0\u1ee3c x\u00e2y d\u1ef1ng v\u00e0o \u0111\u1ea7u th\u1ebf k\u1ef7 20 \u0111\u1ec3 thay th\u1ebf cho t\u00f2a th\u00e1p g\u1ed1c. N\u00f3 cao 98,6 m\u00e9t (323 ft) v\u00e0 c\u00f3 h\u00ecnh d\u1ea1ng \u0111\u1eb7c bi\u1ec7t v\u1edbi ph\u1ea7n \u0111\u1ebf h\u00ecnh vu\u00f4ng v\u00e0 \u0111\u1ec9nh h\u00ecnh chu\u00f4ng. T\u00f2a th\u00e1p c\u00f3 m\u1ed9t l\u1ecbch s\u1eed l\u00e2u d\u00e0i v\u00e0 \u0111\u00e3 ph\u1ee5c v\u1ee5 nhi\u1ec1u m\u1ee5c \u0111\u00edch kh\u00e1c nhau trong nh\u1eefng n\u0103m qua. Ngo\u00e0i vai tr\u00f2 l\u00e0 th\u00e1p canh v\u00e0 th\u00e1p chu\u00f4ng, n\u00f3 c\u00f2n \u0111\u01b0\u1ee3c s\u1eed d\u1ee5ng l\u00e0m ng\u1ecdn h\u1ea3i \u0111\u0103ng, \u0111\u00e0i quan s\u00e1t khoa h\u1ecdc v\u00e0 th\u1eadm ch\u00ed l\u00e0 tr\u01b0\u1eddng b\u1eafn cho cung th\u1ee7. Ng\u00e0y nay, du kh\u00e1ch c\u00f3 th\u1ec3 leo l\u00ean \u0111\u1ec9nh th\u00e1p \u0111\u1ec3 ng\u1eafm nh\u00ecn to\u00e0n c\u1ea3nh Venice v\u00e0 \u0111\u1ea7m ph\u00e1 xung quanh.<\/p><\/div>","protected":false},"excerpt":{"rendered":"<p>Th\u01b0\u01a1ng hi\u1ec7u: Nh\u00e0 m\u00e1y M\u1ed8C<br \/>\nGi\u1edbi t\u00ednh: Unisex<br \/>\n\u0110\u1ed9 tu\u1ed5i: &gt; 6 tu\u1ed5i<br \/>\nS\u1ed1 m\u00f4 h\u00ecnh: 89423<br \/>\nPh\u00e2n lo\u1ea1i: T\u1eadp h\u1ee3p<br \/>\nH\u00ecnh d\u1ea1ng kh\u1ed1i nh\u1ef1a: G\u1ea1ch t\u1ef1 kh\u00f3a<br \/>\nCh\u1ea5t li\u1ec7u: Nh\u1ef1a<br \/>\nLo\u1ea1i nh\u1ef1a: ABS<br \/>\nKh\u1ed1i g\u1ea1ch: 4184 +<br \/>\nKh\u00f4ng c\u00f3 h\u1ed9p ban \u0111\u1ea7u<\/p>","protected":false},"author":83,"featured_media":43949,"comment_status":"open","ping_status":"closed","template":"","meta":{"_acf_changed":false},"product_cat":[1395,390],"product_tag":[727,11683,4883,392,8000],"class_list":["product","first","instock","shipping-taxable","purchasable","product-type-simple"],"acf":[],"_links":{"self":[{"href":"https:\/\/mouldking.store\/vi\/wp-json\/wp\/v2\/product\/43950","targetHints":{"allow":["GET"]}}],"collection":[{"href":"https:\/\/mouldking.store\/vi\/wp-json\/wp\/v2\/product"}],"about":[{"href":"https:\/\/mouldking.store\/vi\/wp-json\/wp\/v2\/types\/product"}],"author":[{"embeddable":true,"href":"https:\/\/mouldking.store\/vi\/wp-json\/wp\/v2\/users\/83"}],"replies":[{"embeddable":true,"href":"https:\/\/mouldking.store\/vi\/wp-json\/wp\/v2\/comments?post=43950"}],"wp:featuredmedia":[{"embeddable":true,"href":"https:\/\/mouldking.store\/vi\/wp-json\/wp\/v2\/media\/43949"}],"wp:attachment":[{"href":"https:\/\/mouldking.store\/vi\/wp-json\/wp\/v2\/media?parent=43950"}],"wp:term":[{"taxonomy":"product_cat","embeddable":true,"href":"https:\/\/mouldking.store\/vi\/wp-json\/wp\/v2\/product_cat?post=43950"},{"taxonomy":"product_tag","embeddable":true,"href":"https:\/\/mouldking.store\/vi\/wp-json\/wp\/v2\/product_tag?post=43950"}],"curies":[{"name":"wp","href":"https:\/\/api.w.org\/{rel}","templated":true}]}}