{"id":43956,"date":"2023-04-05T09:33:56","date_gmt":"2023-04-05T02:33:56","guid":{"rendered":"https:\/\/mouldking.store\/shop\/forange-fc8530-dream-cottage-maplewood-villa-with-2008-pieces\/"},"modified":"2023-04-05T09:33:56","modified_gmt":"2023-04-05T02:33:56","slug":"forange-fc8530-dream-cottage-maplewood-villa-with-2008-pieces","status":"publish","type":"product","link":"https:\/\/mouldking.store\/vi\/shop\/forange-fc8530-dream-cottage-maplewood-villa-with-2008-pieces\/","title":{"rendered":"Forrange FC8530 Bi\u1ec7t th\u1ef1 g\u1ed7 phong trong m\u01a1 v\u1edbi 2008 m\u1ea3nh gh\u00e9p"},"content":{"rendered":"<div>\u2705 Forange FC8530 Dream Cottage Maplewood Villa<br \/>&nbsp;<br \/>\u2705Maplewood Cottage is a small, charming, and cozy house with a rustic or traditional design. The exterior may be made of wood, stone, or a combination of both, and it could have a porch or a garden area.<br \/>&nbsp;<br \/>\ud83d\udeab QUAN TR\u1eccNG!&nbsp;<br \/>&nbsp;<br \/>Product Name: Dream Cottage Maplewood Villa<br \/>&nbsp;<br \/>Danh m\u1ee5c: T\u00f2a nh\u00e0 m\u00f4-\u0111un<br \/>&nbsp;<br \/>This Kit Contains: Forange FC8530<br \/>&nbsp;<br \/>2008 pcs Good Quality Bricks&nbsp;<br \/>&nbsp;<br \/>Size: 66.5 x 45.4 x 64cm<br \/>&nbsp;<br \/>H\u01b0\u1edbng d\u1eabn th\u1ee7 c\u00f4ng&nbsp;<br \/>&nbsp;<br \/>\ud83d\udcccB\u1ea3n ch\u1ea5t c\u1ee7a nh\u00e2n v\u1eadt ch\u00ednh&nbsp;<br \/>&nbsp;<br \/>Introducing our proud collection named \u201cDream Cottage Maplewood Villa\u201d you should not miss.&nbsp;<br \/>&nbsp;<br \/>The interior of a Maplewood Cottage might feature wooden floors, exposed ceiling beams, and a fireplace or a wood-burning stove, creating a warm and welcoming atmosphere. The decor could include vintage or country-style furniture, cozy textiles, and natural elements such as plants or flowers. The cottage might also have a kitchenette or a small kitchen with basic appliances.<\/div>","protected":false},"excerpt":{"rendered":"<p>Th\u01b0\u01a1ng hi\u1ec7u: Forange<br \/>\nGi\u1edbi t\u00ednh: Unisex<br \/>\n\u0110\u1ed9 tu\u1ed5i: &gt; 6 tu\u1ed5i<br \/>\nModel Number: FC8530<br \/>\nPh\u00e2n lo\u1ea1i: T\u1eadp h\u1ee3p<br \/>\nH\u00ecnh d\u1ea1ng kh\u1ed1i nh\u1ef1a: G\u1ea1ch t\u1ef1 kh\u00f3a<br \/>\nCh\u1ea5t li\u1ec7u: Nh\u1ef1a<br \/>\nLo\u1ea1i nh\u1ef1a: ABS<br \/>\nBricks Blocks: 2008 +<br \/>\nKh\u00f4ng c\u00f3 h\u1ed9p ban \u0111\u1ea7u<\/p>","protected":false},"author":83,"featured_media":43951,"comment_status":"open","ping_status":"closed","template":"","meta":{"_acf_changed":false},"product_cat":[1365,1395,390],"product_tag":[4883,8452,2722,11201,11684,392,6614],"class_list":["product","first","instock","shipping-taxable","purchasable","product-type-simple"],"acf":[],"_links":{"self":[{"href":"https:\/\/mouldking.store\/vi\/wp-json\/wp\/v2\/product\/43956","targetHints":{"allow":["GET"]}}],"collection":[{"href":"https:\/\/mouldking.store\/vi\/wp-json\/wp\/v2\/product"}],"about":[{"href":"https:\/\/mouldking.store\/vi\/wp-json\/wp\/v2\/types\/product"}],"author":[{"embeddable":true,"href":"https:\/\/mouldking.store\/vi\/wp-json\/wp\/v2\/users\/83"}],"replies":[{"embeddable":true,"href":"https:\/\/mouldking.store\/vi\/wp-json\/wp\/v2\/comments?post=43956"}],"wp:featuredmedia":[{"embeddable":true,"href":"https:\/\/mouldking.store\/vi\/wp-json\/wp\/v2\/media\/43951"}],"wp:attachment":[{"href":"https:\/\/mouldking.store\/vi\/wp-json\/wp\/v2\/media?parent=43956"}],"wp:term":[{"taxonomy":"product_cat","embeddable":true,"href":"https:\/\/mouldking.store\/vi\/wp-json\/wp\/v2\/product_cat?post=43956"},{"taxonomy":"product_tag","embeddable":true,"href":"https:\/\/mouldking.store\/vi\/wp-json\/wp\/v2\/product_tag?post=43956"}],"curies":[{"name":"wp","href":"https:\/\/api.w.org\/{rel}","templated":true}]}}