{"id":43971,"date":"2023-04-05T09:52:44","date_gmt":"2023-04-05T02:52:44","guid":{"rendered":"https:\/\/mouldking.store\/shop\/zhegao-00415-summer-tea-with-836-pieces\/"},"modified":"2023-04-05T09:52:44","modified_gmt":"2023-04-05T02:52:44","slug":"zhegao-00415-summer-tea-with-836-pieces","status":"publish","type":"product","link":"https:\/\/mouldking.store\/vi\/shop\/zhegao-00415-summer-tea-with-836-pieces\/","title":{"rendered":"Tr\u00e0 m\u00f9a h\u00e8 ZHEGAO 00415 836 mi\u1ebfng"},"content":{"rendered":"<div>\u2705 ZHEGAO 00415 Summer Tea<br \/>&nbsp;<br \/>\u2705&#8221;Summer Tea&#8221; is a creative variety series of building block sets that was first released in 2022. The set contains 836 building block particles, which suggests that it is a relatively large and complex set.<br \/>&nbsp;<br \/>\ud83d\udeab QUAN TR\u1eccNG!&nbsp;<br \/>&nbsp;<br \/>Product Name: Summer Tea<br \/>&nbsp;<br \/>Th\u1ec3 lo\u1ea1i: Ng\u01b0\u1eddi s\u00e1ng t\u1ea1o&nbsp;<br \/>&nbsp;<br \/>This Kit Contains: ZHEGAO 00415&nbsp;<br \/>&nbsp;<br \/>836 pcs Good Quality Bricks&nbsp;<br \/>&nbsp;<br \/>Size: 21.6 \u00d7 14.6 \u00d7 16.2 cm<\/p>\n<\/div>\n<div>H\u01b0\u1edbng d\u1eabn th\u1ee7 c\u00f4ng&nbsp;<br \/>&nbsp;<br \/>\ud83d\udcccB\u1ea3n ch\u1ea5t c\u1ee7a nh\u00e2n v\u1eadt ch\u00ednh&nbsp;<br \/>&nbsp;<br \/>Introducing our proud collection named \u201cSummer Tea\u201d you should not miss.&nbsp;<br \/>&nbsp;<br \/>The set is themed around summertime or outdoor activities. The name &#8220;Summer Tea&#8221; could suggest a set that includes a buildable tea party scene, complete with tables, chairs, and tea accessories. Alternatively, it&#8217;s possible that the set could include other summertime elements, such as a beach scene, a pool party, or a garden party.<\/div>","protected":false},"excerpt":{"rendered":"<p>Th\u01b0\u01a1ng hi\u1ec7u: ZHEGAO<br \/>\nGi\u1edbi t\u00ednh: Unisex<br \/>\n\u0110\u1ed9 tu\u1ed5i: &gt; 6 tu\u1ed5i<br \/>\nModel Number: 00415<br \/>\nPh\u00e2n lo\u1ea1i: T\u1eadp h\u1ee3p<br \/>\nH\u00ecnh d\u1ea1ng kh\u1ed1i nh\u1ef1a: G\u1ea1ch t\u1ef1 kh\u00f3a<br \/>\nCh\u1ea5t li\u1ec7u: Nh\u1ef1a<br \/>\nLo\u1ea1i nh\u1ef1a: ABS<br \/>\nBricks Blocks: 836 +<br \/>\nKh\u00f4ng c\u00f3 nh\u00e2n v\u1eadt nh\u1ecf<\/p>","protected":false},"featured_media":43965,"comment_status":"open","ping_status":"closed","template":"","meta":{"_acf_changed":false},"product_cat":[1365,371],"product_tag":[4572,11072,8452,11686,11132],"class_list":["product","first","instock","shipping-taxable","purchasable","product-type-simple"],"acf":[],"_links":{"self":[{"href":"https:\/\/mouldking.store\/vi\/wp-json\/wp\/v2\/product\/43971","targetHints":{"allow":["GET"]}}],"collection":[{"href":"https:\/\/mouldking.store\/vi\/wp-json\/wp\/v2\/product"}],"about":[{"href":"https:\/\/mouldking.store\/vi\/wp-json\/wp\/v2\/types\/product"}],"replies":[{"embeddable":true,"href":"https:\/\/mouldking.store\/vi\/wp-json\/wp\/v2\/comments?post=43971"}],"wp:featuredmedia":[{"embeddable":true,"href":"https:\/\/mouldking.store\/vi\/wp-json\/wp\/v2\/media\/43965"}],"wp:attachment":[{"href":"https:\/\/mouldking.store\/vi\/wp-json\/wp\/v2\/media?parent=43971"}],"wp:term":[{"taxonomy":"product_cat","embeddable":true,"href":"https:\/\/mouldking.store\/vi\/wp-json\/wp\/v2\/product_cat?post=43971"},{"taxonomy":"product_tag","embeddable":true,"href":"https:\/\/mouldking.store\/vi\/wp-json\/wp\/v2\/product_tag?post=43971"}],"curies":[{"name":"wp","href":"https:\/\/api.w.org\/{rel}","templated":true}]}}