{"id":43998,"date":"2023-04-05T10:45:23","date_gmt":"2023-04-05T03:45:23","guid":{"rendered":"https:\/\/mouldking.store\/shop\/panlosbrick-880018-kumamon-japanese-house-with-1099-pieces\/"},"modified":"2023-04-05T10:45:23","modified_gmt":"2023-04-05T03:45:23","slug":"panlosbrick-880018-kumamon-japanese-house-with-1099-pieces","status":"publish","type":"product","link":"https:\/\/mouldking.store\/vi\/shop\/panlosbrick-880018-kumamon-japanese-house-with-1099-pieces\/","title":{"rendered":"PANLOSBRICK 880018 Nh\u00e0 Kumamon Nh\u1eadt B\u1ea3n 1099 M\u1ea3nh Gh\u00e9p"},"content":{"rendered":"<div>\u2705 PANLOS 880018 Ng\u00f4i nh\u00e0 Nh\u1eadt B\u1ea3n Kumamon<br \/>&nbsp;<br \/>\u2705Kumamon l\u00e0 m\u1ed9t nh\u00e2n v\u1eadt linh v\u1eadt \u0111\u01b0\u1ee3c t\u1ea1o ra b\u1edfi ch\u00ednh quy\u1ec1n t\u1ec9nh Kumamoto, Nh\u1eadt B\u1ea3n. Nh\u00e2n v\u1eadt n\u00e0y l\u00e0 m\u1ed9t ch\u00fa g\u1ea5u \u0111en v\u1edbi \u0111\u00f4i m\u00e1 h\u1ed3ng h\u00e0o v\u00e0 bi\u1ec3u c\u1ea3m th\u00e2n thi\u1ec7n, \u0111\u01b0\u1ee3c t\u1ea1o ra v\u00e0o n\u0103m 2010 nh\u01b0 m\u1ed9t ph\u1ea7n c\u1ee7a chi\u1ebfn d\u1ecbch qu\u1ea3ng b\u00e1 du l\u1ecbch v\u00e0 c\u00e1c s\u1ea3n ph\u1ea9m \u0111\u1ecba ph\u01b0\u01a1ng t\u1eeb Kumamoto.<br \/>&nbsp;<br \/>\ud83d\udeab QUAN TR\u1eccNG!&nbsp;<br \/>&nbsp;<br \/>T\u00ean s\u1ea3n ph\u1ea9m: Ng\u00f4i nh\u00e0 Nh\u1eadt B\u1ea3n Kumamon<br \/>&nbsp;<br \/>Danh m\u1ee5c: T\u00f2a nh\u00e0 m\u00f4-\u0111un<br \/>&nbsp;<br \/>B\u1ed9 c\u00f4ng c\u1ee5 n\u00e0y ch\u1ee9a: PANLOS 880018<br \/>&nbsp;<br \/>1099 chi\u1ebfc G\u1ea1ch ch\u1ea5t l\u01b0\u1ee3ng t\u1ed1t&nbsp;<br \/>&nbsp;<br \/>K\u00edch th\u01b0\u1edbc: 27,2 \u00d7 14,4 \u00d7 21,3 cm<br \/>&nbsp;<br \/>H\u01b0\u1edbng d\u1eabn th\u1ee7 c\u00f4ng&nbsp;<br \/>&nbsp;<br \/>\ud83d\udcccB\u1ea3n ch\u1ea5t c\u1ee7a nh\u00e2n v\u1eadt ch\u00ednh&nbsp;<br \/>&nbsp;<br \/>Gi\u1edbi thi\u1ec7u b\u1ed9 s\u01b0u t\u1eadp \u0111\u00e1ng t\u1ef1 h\u00e0o c\u1ee7a ch\u00fang t\u00f4i mang t\u00ean \u201cNg\u00f4i nh\u00e0 Nh\u1eadt B\u1ea3n Kumamon\u201d m\u00e0 b\u1ea1n kh\u00f4ng n\u00ean b\u1ecf l\u1ee1.&nbsp;<\/p>\n<p>Nh\u1eefng ng\u00f4i nh\u00e0 truy\u1ec1n th\u1ed1ng c\u1ee7a Nh\u1eadt B\u1ea3n \u0111\u01b0\u1ee3c \u0111\u1eb7c tr\u01b0ng b\u1edfi nh\u1eefng n\u00e9t ki\u1ebfn tr\u00fac \u0111\u1ed9c \u0111\u00e1o ph\u1ea3n \u00e1nh l\u1ecbch s\u1eed, v\u0103n h\u00f3a v\u00e0 kh\u00ed h\u1eadu c\u1ee7a \u0111\u1ea5t n\u01b0\u1edbc. Nh\u1eefng ng\u00f4i nh\u00e0 truy\u1ec1n th\u1ed1ng c\u1ee7a Nh\u1eadt B\u1ea3n th\u01b0\u1eddng \u0111\u01b0\u1ee3c x\u00e2y d\u1ef1ng t\u1eeb c\u00e1c v\u1eadt li\u1ec7u t\u1ef1 nhi\u00ean nh\u01b0 g\u1ed7, tre v\u00e0 gi\u1ea5y. Vi\u1ec7c s\u1eed d\u1ee5ng c\u00e1c v\u1eadt li\u1ec7u n\u00e0y gi\u00fap t\u1ea1o ra m\u1ed9t b\u1ea7u kh\u00f4ng kh\u00ed \u1ea5m \u00e1p v\u00e0 \u1ea5m c\u00fang. Nh\u1eefng ng\u00f4i nh\u00e0 c\u1ee7a Nh\u1eadt B\u1ea3n th\u01b0\u1eddng c\u00f3 m\u00e1i d\u1ed1c \u0111\u01b0\u1ee3c l\u1ee3p b\u1eb1ng g\u1ea1ch men ho\u1eb7c tranh. C\u00e1c m\u00e1i hi\u00ean nh\u00f4 ra t\u1ea1o b\u00f3ng r\u00e2m v\u00e0 b\u1ea3o v\u1ec7 kh\u1ecfi m\u01b0a, trong khi s\u00e2n d\u1ed1c gi\u00fap ng\u0103n tuy\u1ebft t\u00edch t\u1ee5.<\/p><\/div>","protected":false},"excerpt":{"rendered":"<p>Th\u01b0\u01a1ng hi\u1ec7u: PANLOSBRICK<br \/>\nGi\u1edbi t\u00ednh: Unisex<br \/>\n\u0110\u1ed9 tu\u1ed5i: &gt; 6 tu\u1ed5i<br \/>\nS\u1ed1 m\u00f4 h\u00ecnh: 880018<br \/>\nPh\u00e2n lo\u1ea1i: T\u1eadp h\u1ee3p<br \/>\nH\u00ecnh d\u1ea1ng kh\u1ed1i nh\u1ef1a: G\u1ea1ch t\u1ef1 kh\u00f3a<br \/>\nCh\u1ea5t li\u1ec7u: Nh\u1ef1a<br \/>\nLo\u1ea1i nh\u1ef1a: ABS<br \/>\nKh\u1ed1i g\u1ea1ch: 1099 +<br \/>\nKh\u00f4ng c\u00f3 h\u1ed9p ban \u0111\u1ea7u<\/p>","protected":false},"featured_media":43993,"comment_status":"open","ping_status":"closed","template":"","meta":{"_acf_changed":false},"product_cat":[1365,1395,371,390],"product_tag":[11072,8452,2318,5434,10990,392],"class_list":["product","first","instock","shipping-taxable","purchasable","product-type-simple"],"acf":[],"_links":{"self":[{"href":"https:\/\/mouldking.store\/vi\/wp-json\/wp\/v2\/product\/43998","targetHints":{"allow":["GET"]}}],"collection":[{"href":"https:\/\/mouldking.store\/vi\/wp-json\/wp\/v2\/product"}],"about":[{"href":"https:\/\/mouldking.store\/vi\/wp-json\/wp\/v2\/types\/product"}],"replies":[{"embeddable":true,"href":"https:\/\/mouldking.store\/vi\/wp-json\/wp\/v2\/comments?post=43998"}],"wp:featuredmedia":[{"embeddable":true,"href":"https:\/\/mouldking.store\/vi\/wp-json\/wp\/v2\/media\/43993"}],"wp:attachment":[{"href":"https:\/\/mouldking.store\/vi\/wp-json\/wp\/v2\/media?parent=43998"}],"wp:term":[{"taxonomy":"product_cat","embeddable":true,"href":"https:\/\/mouldking.store\/vi\/wp-json\/wp\/v2\/product_cat?post=43998"},{"taxonomy":"product_tag","embeddable":true,"href":"https:\/\/mouldking.store\/vi\/wp-json\/wp\/v2\/product_tag?post=43998"}],"curies":[{"name":"wp","href":"https:\/\/api.w.org\/{rel}","templated":true}]}}