{"id":44017,"date":"2023-04-10T09:44:06","date_gmt":"2023-04-10T02:44:06","guid":{"rendered":"https:\/\/mouldking.store\/shop\/moc-factory-85569-battlestar-galactica-mk-ii-cylon-raider-minifig-scale-with-670-pieces\/"},"modified":"2025-12-16T22:25:05","modified_gmt":"2025-12-16T15:25:05","slug":"moc-factory-85569-battlestar-galactica-mk-ii-cylon-raider-minifig-scale-with-670-pieces","status":"publish","type":"product","link":"https:\/\/mouldking.store\/vi\/shop\/moc-factory-85569-battlestar-galactica-mk-ii-cylon-raider-minifig-scale-with-670-pieces\/","title":{"rendered":"MOC Factory 85569 Battlestar Galactica MK II Cylon Raider Minifig Scale v\u1edbi 670 mi\u1ebfng"},"content":{"rendered":"<div>\u2705 MOC-85569 Battlestar Galactica MK II Cylon Raider Minifig Scale<\/p>\n<p>\u2705Battlestar Galactica MK II Cylon Raider l\u00e0 m\u1ed9t t\u00e0u v\u0169 tr\u1ee5 h\u01b0 c\u1ea5u trong lo\u1ea1t phim truy\u1ec1n h\u00ecnh khoa h\u1ecdc vi\u1ec5n t\u01b0\u1edfng Battlestar Galactica. Trong ch\u01b0\u01a1ng tr\u00ecnh, Cylon Raider l\u00e0 m\u1ed9t m\u00e1y bay chi\u1ebfn \u0111\u1ea5u ti\u00ean ti\u1ebfn \u0111\u01b0\u1ee3c s\u1eed d\u1ee5ng b\u1edfi Cylons, m\u1ed9t ch\u1ee7ng t\u1ed9c ng\u01b0\u1eddi m\u00e1y c\u00f3 tri gi\u00e1c l\u00e0 nh\u00e2n v\u1eadt ph\u1ea3n di\u1ec7n ch\u00ednh c\u1ee7a b\u1ed9 truy\u1ec7n.<\/p>\n<p>\ud83d\udeab QUAN TR\u1eccNG!<\/p>\n<p>T\u00ean s\u1ea3n ph\u1ea9m: Battlestar Galactica MK II Cylon Raider Minifig Scale<\/p>\n<p>Th\u1ec3 lo\u1ea1i: Kh\u00f4ng gian<\/p>\n<p>B\u1ed9 n\u00e0y ch\u1ee9a: C9346<\/p>\n<p>670 chi\u1ebfc G\u1ea1ch ch\u1ea5t l\u01b0\u1ee3ng t\u1ed1t<\/p>\n<p>K\u00edch th\u01b0\u1edbc: 40 x 20 x 12 cm<\/p>\n<p>C\u00e2n n\u1eb7ng: 0,58kg<\/p>\n<p>H\u01b0\u1edbng d\u1eabn PDF<\/p>\n<p>\ud83d\udcccB\u1ea3n ch\u1ea5t c\u1ee7a nh\u00e2n v\u1eadt ch\u00ednh<\/p>\n<p>Xin gi\u1edbi thi\u1ec7u b\u1ed9 s\u01b0u t\u1eadp \u0111\u00e1ng t\u1ef1 h\u00e0o c\u1ee7a ch\u00fang t\u00f4i c\u00f3 t\u00ean \u201cBattlestar Galactica MK II Cylon Raider Minifig Scale\u201d m\u00e0 b\u1ea1n kh\u00f4ng n\u00ean b\u1ecf l\u1ee1.<\/p>\n<p>Phi\u00ean b\u1ea3n MK II c\u1ee7a Cylon Raider l\u00e0 phi\u00ean b\u1ea3n c\u1eadp nh\u1eadt c\u1ee7a Raider g\u1ed1c, v\u1edbi v\u0169 kh\u00ed, \u0111\u1ed9ng c\u01a1 v\u00e0 c\u00e1c kh\u1ea3 n\u0103ng kh\u00e1c \u0111\u01b0\u1ee3c c\u1ea3i ti\u1ebfn. N\u00f3 l\u00e0 lo\u1ea1i m\u00e1y bay chi\u1ebfn \u0111\u1ea5u m\u1ed9t ch\u1ed7 th\u01b0\u1eddng \u0111\u01b0\u1ee3c s\u1eed d\u1ee5ng \u0111\u1ec3 trinh s\u00e1t, \u0111\u00e1nh ch\u1eb7n v\u00e0 c\u00e1c ho\u1ea1t \u0111\u1ed9ng qu\u00e2n s\u1ef1 kh\u00e1c. Cylon Raiders \u0111\u01b0\u1ee3c bi\u1ebft \u0111\u1ebfn v\u1edbi thi\u1ebft k\u1ebf \u0111\u1eb7c bi\u1ec7t, v\u1edbi th\u00e2n t\u00e0u b\u00f3ng b\u1ea9y, tr\u00f4ng c\u00f3 v\u1ebb h\u1eefu c\u01a1 v\u00e0 m\u1ed9t con m\u1eaft m\u00e0u \u0111\u1ecf \u0111\u1eb7c bi\u1ec7t \u1edf trung t\u00e2m ph\u1ea7n ph\u00eda tr\u01b0\u1edbc c\u1ee7a ch\u00fang.<\/p><\/div>","protected":false},"excerpt":{"rendered":"<p>Th\u01b0\u01a1ng hi\u1ec7u: Nh\u00e0 m\u00e1y M\u1ed8C<br \/>\nGi\u1edbi t\u00ednh: Unisex<br \/>\n\u0110\u1ed9 tu\u1ed5i: &gt; 6 tu\u1ed5i<br \/>\nS\u1ed1 m\u00f4 h\u00ecnh: 85569<br \/>\nPh\u00e2n lo\u1ea1i: T\u1eadp h\u1ee3p<br \/>\nH\u00ecnh d\u1ea1ng kh\u1ed1i nh\u1ef1a: G\u1ea1ch t\u1ef1 kh\u00f3a<br \/>\nCh\u1ea5t li\u1ec7u: Nh\u1ef1a<br \/>\nLo\u1ea1i nh\u1ef1a: ABS<br \/>\nKh\u1ed1i g\u1ea1ch: 670 +<br \/>\nKh\u00f4ng c\u00f3 h\u1ed9p ban \u0111\u1ea7u<\/p>","protected":false},"featured_media":44013,"comment_status":"open","ping_status":"closed","template":"","meta":{"_acf_changed":false},"product_cat":[1357,6016,364],"product_tag":[5328,11689,5329,11341,2276,9002,389],"class_list":["product","first","instock","shipping-taxable","purchasable","product-type-simple"],"acf":[],"_links":{"self":[{"href":"https:\/\/mouldking.store\/vi\/wp-json\/wp\/v2\/product\/44017","targetHints":{"allow":["GET"]}}],"collection":[{"href":"https:\/\/mouldking.store\/vi\/wp-json\/wp\/v2\/product"}],"about":[{"href":"https:\/\/mouldking.store\/vi\/wp-json\/wp\/v2\/types\/product"}],"replies":[{"embeddable":true,"href":"https:\/\/mouldking.store\/vi\/wp-json\/wp\/v2\/comments?post=44017"}],"wp:featuredmedia":[{"embeddable":true,"href":"https:\/\/mouldking.store\/vi\/wp-json\/wp\/v2\/media\/44013"}],"wp:attachment":[{"href":"https:\/\/mouldking.store\/vi\/wp-json\/wp\/v2\/media?parent=44017"}],"wp:term":[{"taxonomy":"product_cat","embeddable":true,"href":"https:\/\/mouldking.store\/vi\/wp-json\/wp\/v2\/product_cat?post=44017"},{"taxonomy":"product_tag","embeddable":true,"href":"https:\/\/mouldking.store\/vi\/wp-json\/wp\/v2\/product_tag?post=44017"}],"curies":[{"name":"wp","href":"https:\/\/api.w.org\/{rel}","templated":true}]}}