{"id":44134,"date":"2023-04-10T12:00:21","date_gmt":"2023-04-10T05:00:21","guid":{"rendered":"https:\/\/mouldking.store\/shop\/moc-factory-52053-trident-class-submarine-with-1584-pieces\/"},"modified":"2025-12-16T22:25:04","modified_gmt":"2025-12-16T15:25:04","slug":"moc-factory-52053-trident-class-submarine-with-1584-pieces","status":"publish","type":"product","link":"https:\/\/mouldking.store\/vi\/shop\/moc-factory-52053-trident-class-submarine-with-1584-pieces\/","title":{"rendered":"MOC Factory 52053 T\u00e0u ng\u1ea7m l\u1edbp Trident v\u1edbi 1584 m\u1ea3nh gh\u00e9p"},"content":{"rendered":"<div>\u2705MOC-52053 T\u00e0u ng\u1ea7m l\u1edbp Trident<\/p>\n<p>\u2705MOC-52053 \u0111\u1ec1 c\u1eadp \u0111\u1ebfn m\u1ed9t thi\u1ebft k\u1ebf g\u1ea1ch t\u00f9y ch\u1ec9nh cho m\u1ed9t m\u00f4 h\u00ecnh t\u00e0u ng\u1ea7m h\u01b0 c\u1ea5u c\u00f3 t\u00ean l\u00e0 \u201cT\u00e0u ng\u1ea7m l\u1edbp Trident\u201d. N\u00f3 kh\u00f4ng ph\u1ea3i l\u00e0 m\u1ed9t b\u1ed9 g\u1ea1ch hay s\u1ea3n ph\u1ea9m ch\u00ednh th\u1ee9c, m\u00e0 l\u00e0 m\u1ed9t t\u00e1c ph\u1ea9m do ng\u01b0\u1eddi h\u00e2m m\u1ed9 t\u1ea1o ra \u0111\u00e3 \u0111\u01b0\u1ee3c chia s\u1ebb v\u00e0 b\u00e1n gi\u1eefa nh\u1eefng ng\u01b0\u1eddi \u0111am m\u00ea g\u1ea1ch.<\/p>\n<p>\ud83d\udeab QUAN TR\u1eccNG!<\/p>\n<p>T\u00ean s\u1ea3n ph\u1ea9m: T\u00e0u ng\u1ea7m l\u1edbp Trident<\/p>\n<p>Danh m\u1ee5c: K\u1ef9 thu\u1eadt<\/p>\n<p>B\u1ed9 n\u00e0y ch\u1ee9a: MOC-52053<\/p>\n<p>1584 chi\u1ebfc G\u1ea1ch ch\u1ea5t l\u01b0\u1ee3ng t\u1ed1t<\/p>\n<p>H\u01b0\u1edbng d\u1eabn PDF<\/p>\n<p>\ud83d\udcccB\u1ea3n ch\u1ea5t c\u1ee7a nh\u00e2n v\u1eadt ch\u00ednh<\/p>\n<p>Xin gi\u1edbi thi\u1ec7u b\u1ed9 s\u01b0u t\u1eadp \u0111\u00e1ng t\u1ef1 h\u00e0o c\u1ee7a ch\u00fang t\u00f4i mang t\u00ean \u201cT\u00e0u ng\u1ea7m l\u1edbp Trident\u201d m\u00e0 b\u1ea1n kh\u00f4ng n\u00ean b\u1ecf l\u1ee1.<\/p>\n<p>Thi\u1ebft k\u1ebf cho m\u1eabu T\u00e0u ng\u1ea7m l\u1edbp Trident c\u00f3 ki\u1ec3u d\u00e1ng \u0111\u1eb9p, ki\u1ec3u d\u00e1ng t\u01b0\u01a1ng lai v\u1edbi h\u00ecnh d\u1ea1ng tam gi\u00e1c \u0111\u1eb7c bi\u1ec7t. N\u00f3 c\u00f3 nhi\u1ec1u chi ti\u1ebft kh\u00e1c nhau nh\u01b0 k\u00ednh ti\u1ec1m v\u1ecdng, \u1ed1ng ph\u00f3ng ng\u01b0 l\u00f4i v\u00e0 b\u1ec7 ph\u00f3ng t\u00ean l\u1eeda. M\u00f4 h\u00ecnh \u0111\u01b0\u1ee3c thi\u1ebft k\u1ebf \u0111\u1ec3 x\u00e2y d\u1ef1ng b\u1eb1ng g\u1ea1ch Lego v\u00e0 c\u00e1c m\u1ea3nh t\u01b0\u01a1ng th\u00edch kh\u00e1c, \u0111\u1ed3ng th\u1eddi c\u00f3 h\u01b0\u1edbng d\u1eabn chi ti\u1ebft \u0111\u1ec3 l\u1eafp r\u00e1p.<\/p><\/div>","protected":false},"excerpt":{"rendered":"<p>Th\u01b0\u01a1ng hi\u1ec7u: Nh\u00e0 m\u00e1y M\u1ed8C<br \/>\nGi\u1edbi t\u00ednh: Unisex<br \/>\n\u0110\u1ed9 tu\u1ed5i: &gt; 6 tu\u1ed5i<br \/>\nS\u1ed1 m\u00f4 h\u00ecnh: 52053<br \/>\nPh\u00e2n lo\u1ea1i: T\u1eadp h\u1ee3p<br \/>\nH\u00ecnh d\u1ea1ng kh\u1ed1i nh\u1ef1a: G\u1ea1ch t\u1ef1 kh\u00f3a<br \/>\nCh\u1ea5t li\u1ec7u: Nh\u1ef1a<br \/>\nLo\u1ea1i nh\u1ef1a: ABS<br \/>\nKh\u1ed1i g\u1ea1ch: 1584 +<br \/>\nS\u1eafp x\u1ebfp th\u1eddi gian: 4-8 tu\u1ea7n<\/p>","protected":false},"featured_media":44129,"comment_status":"open","ping_status":"closed","template":"","meta":{"_acf_changed":false},"product_cat":[1357,364],"product_tag":[11252,389,11080,11703],"class_list":["product","first","instock","shipping-taxable","purchasable","product-type-simple"],"acf":[],"_links":{"self":[{"href":"https:\/\/mouldking.store\/vi\/wp-json\/wp\/v2\/product\/44134","targetHints":{"allow":["GET"]}}],"collection":[{"href":"https:\/\/mouldking.store\/vi\/wp-json\/wp\/v2\/product"}],"about":[{"href":"https:\/\/mouldking.store\/vi\/wp-json\/wp\/v2\/types\/product"}],"replies":[{"embeddable":true,"href":"https:\/\/mouldking.store\/vi\/wp-json\/wp\/v2\/comments?post=44134"}],"wp:featuredmedia":[{"embeddable":true,"href":"https:\/\/mouldking.store\/vi\/wp-json\/wp\/v2\/media\/44129"}],"wp:attachment":[{"href":"https:\/\/mouldking.store\/vi\/wp-json\/wp\/v2\/media?parent=44134"}],"wp:term":[{"taxonomy":"product_cat","embeddable":true,"href":"https:\/\/mouldking.store\/vi\/wp-json\/wp\/v2\/product_cat?post=44134"},{"taxonomy":"product_tag","embeddable":true,"href":"https:\/\/mouldking.store\/vi\/wp-json\/wp\/v2\/product_tag?post=44134"}],"curies":[{"name":"wp","href":"https:\/\/api.w.org\/{rel}","templated":true}]}}