{"id":44140,"date":"2023-04-10T12:06:51","date_gmt":"2023-04-10T05:06:51","guid":{"rendered":"https:\/\/mouldking.store\/shop\/moc-factory-122577-ultimate-lord-vaders-castle-with-10166-pieces\/"},"modified":"2025-12-16T22:25:04","modified_gmt":"2025-12-16T15:25:04","slug":"moc-factory-122577-ultimate-lord-vaders-castle-with-10166-pieces","status":"publish","type":"product","link":"https:\/\/mouldking.store\/vi\/shop\/moc-factory-122577-ultimate-lord-vaders-castle-with-10166-pieces\/","title":{"rendered":"MOC Factory 122577 Ultimate Lord Vader&#039;s Castle with 10166 Pieces"},"content":{"rendered":"<div>\u2705 MOC-122577 L\u00e2u \u0111\u00e0i cu\u1ed1i c\u00f9ng c\u1ee7a Ch\u00faa t\u1ec3 Vader<\/p>\n<p>\u2705\u201dL\u00e2u \u0111\u00e0i c\u1ee7a Ch\u00faa t\u1ec3 cu\u1ed1i c\u00f9ng c\u1ee7a Vader\u201d l\u00e0 m\u1ed9t t\u00e1c ph\u1ea9m g\u1ea1ch t\u00f9y ch\u1ec9nh \u0111\u01b0\u1ee3c thi\u1ebft k\u1ebf b\u1edfi m\u1ed9t ng\u01b0\u1eddi \u0111am m\u00ea g\u1ea1ch v\u00e0 chia s\u1ebb tr\u1ef1c tuy\u1ebfn. N\u00f3 kh\u00f4ng ph\u1ea3i l\u00e0 m\u1ed9t b\u1ed9 g\u1ea1ch ho\u1eb7c s\u1ea3n ph\u1ea9m ch\u00ednh th\u1ee9c.<\/p>\n<p>\ud83d\udeab QUAN TR\u1eccNG!<\/p>\n<p>T\u00ean s\u1ea3n ph\u1ea9m: L\u00e2u \u0111\u00e0i t\u1ed1i th\u01b0\u1ee3ng c\u1ee7a Ch\u00faa t\u1ec3 Vader<\/p>\n<p>Th\u1ec3 lo\u1ea1i: Chi\u1ebfn tranh gi\u1eefa c\u00e1c v\u00ec sao<\/p>\n<p>B\u1ed9 c\u00f4ng c\u1ee5 n\u00e0y ch\u1ee9a: MOC-122577<\/p>\n<p>10166 vi\u00ean g\u1ea1ch ch\u1ea5t l\u01b0\u1ee3ng t\u1ed1t<\/p>\n<p>K\u00edch th\u01b0\u1edbc: 20,2 x 30,2 x 45,4 (Inch)<\/p>\n<p>H\u01b0\u1edbng d\u1eabn PDF<\/p>\n<p>\ud83d\udcccB\u1ea3n ch\u1ea5t c\u1ee7a nh\u00e2n v\u1eadt ch\u00ednh<\/p>\n<p>Xin gi\u1edbi thi\u1ec7u b\u1ed9 s\u01b0u t\u1eadp \u0111\u00e1ng t\u1ef1 h\u00e0o c\u1ee7a ch\u00fang t\u00f4i mang t\u00ean \u201cL\u00e2u \u0111\u00e0i c\u1ee7a Ch\u00faa Vader cu\u1ed1i c\u00f9ng\u201d m\u00e0 b\u1ea1n kh\u00f4ng n\u00ean b\u1ecf l\u1ee1.<\/p>\n<p>Thi\u1ebft k\u1ebf cho Ultimate Lord Vader&#039;s Castle \u0111\u01b0\u1ee3c l\u1ea5y c\u1ea3m h\u1ee9ng t\u1eeb ph\u00e1o \u0111\u00e0i trong phim \u201cRogue One: A Star Wars Story\u201d, l\u00e0 l\u00e2u \u0111\u00e0i c\u00e1 nh\u00e2n c\u1ee7a Darth Vader kh\u00e9t ti\u1ebfng. M\u00f4 h\u00ecnh b\u1eb1ng g\u1ea1ch c\u00f3 m\u1ed9t t\u00f2a l\u00e2u \u0111\u00e0i l\u1edbn, uy nghi v\u1edbi t\u00f4ng m\u00e0u \u0111en v\u00e0 nhi\u1ec1u chi ti\u1ebft kh\u00e1c nhau nh\u01b0 b\u00e3i \u0111\u00e1p, ph\u00f2ng ngai v\u00e0ng v\u00e0 ph\u00f2ng thi\u1ec1n. M\u00f4 h\u00ecnh n\u00e0y \u0111\u01b0\u1ee3c thi\u1ebft k\u1ebf \u0111\u1ec3 x\u00e2y b\u1eb1ng g\u1ea1ch v\u00e0 c\u00e1c m\u1ea3nh gh\u00e9p t\u01b0\u01a1ng th\u00edch kh\u00e1c, \u0111\u1ed3ng th\u1eddi c\u00f3 h\u01b0\u1edbng d\u1eabn l\u1eafp r\u00e1p chi ti\u1ebft. N\u00f3 \u0111\u01b0\u1ee3c thi\u1ebft k\u1ebf \u0111\u1ec3 tr\u1edf th\u00e0nh m\u1ed9t ph\u1ea7n tr\u01b0ng b\u00e0y ch\u1ee9 kh\u00f4ng ph\u1ea3i l\u00e0 m\u1ed9t b\u1ed9 c\u00f3 th\u1ec3 ch\u01a1i \u0111\u01b0\u1ee3c v\u00e0 d\u00e0nh cho nh\u1eefng ng\u01b0\u1eddi x\u00e2y g\u1ea1ch c\u00f3 kinh nghi\u1ec7m h\u01a1n do \u0111\u1ed9 ph\u1ee9c t\u1ea1p v\u00e0 k\u00edch th\u01b0\u1edbc c\u1ee7a n\u00f3.<\/p><\/div>","protected":false},"excerpt":{"rendered":"<p>Th\u01b0\u01a1ng hi\u1ec7u: Nh\u00e0 m\u00e1y M\u1ed8C<br \/>\nGi\u1edbi t\u00ednh: Unisex<br \/>\n\u0110\u1ed9 tu\u1ed5i: &gt; 6 tu\u1ed5i<br \/>\nS\u1ed1 m\u00f4 h\u00ecnh: 122577<br \/>\nPh\u00e2n lo\u1ea1i: T\u1eadp h\u1ee3p<br \/>\nH\u00ecnh d\u1ea1ng kh\u1ed1i nh\u1ef1a: G\u1ea1ch t\u1ef1 kh\u00f3a<br \/>\nCh\u1ea5t li\u1ec7u: Nh\u1ef1a<br \/>\nLo\u1ea1i nh\u1ef1a: ABS<br \/>\nKh\u1ed1i g\u1ea1ch: 10166 +<br \/>\nS\u1eafp x\u1ebfp th\u1eddi gian: 4-8 tu\u1ea7n<\/p>","protected":false},"featured_media":44135,"comment_status":"open","ping_status":"closed","template":"","meta":{"_acf_changed":false},"product_cat":[1395,390,581,415,1408],"product_tag":[787,4883,392,434,436,11245],"class_list":["product","first","instock","shipping-taxable","purchasable","product-type-simple"],"acf":[],"_links":{"self":[{"href":"https:\/\/mouldking.store\/vi\/wp-json\/wp\/v2\/product\/44140","targetHints":{"allow":["GET"]}}],"collection":[{"href":"https:\/\/mouldking.store\/vi\/wp-json\/wp\/v2\/product"}],"about":[{"href":"https:\/\/mouldking.store\/vi\/wp-json\/wp\/v2\/types\/product"}],"replies":[{"embeddable":true,"href":"https:\/\/mouldking.store\/vi\/wp-json\/wp\/v2\/comments?post=44140"}],"wp:featuredmedia":[{"embeddable":true,"href":"https:\/\/mouldking.store\/vi\/wp-json\/wp\/v2\/media\/44135"}],"wp:attachment":[{"href":"https:\/\/mouldking.store\/vi\/wp-json\/wp\/v2\/media?parent=44140"}],"wp:term":[{"taxonomy":"product_cat","embeddable":true,"href":"https:\/\/mouldking.store\/vi\/wp-json\/wp\/v2\/product_cat?post=44140"},{"taxonomy":"product_tag","embeddable":true,"href":"https:\/\/mouldking.store\/vi\/wp-json\/wp\/v2\/product_tag?post=44140"}],"curies":[{"name":"wp","href":"https:\/\/api.w.org\/{rel}","templated":true}]}}