{"id":44146,"date":"2023-04-10T12:21:17","date_gmt":"2023-04-10T05:21:17","guid":{"rendered":"https:\/\/mouldking.store\/shop\/moc-factory-103440-old-town-bus-station-law-office-with-3899-pieces\/"},"modified":"2025-12-16T22:25:04","modified_gmt":"2025-12-16T15:25:04","slug":"moc-factory-103440-old-town-bus-station-law-office-with-3899-pieces","status":"publish","type":"product","link":"https:\/\/mouldking.store\/vi\/shop\/moc-factory-103440-old-town-bus-station-law-office-with-3899-pieces\/","title":{"rendered":"MOC Factory 103440 Old Town &#8211; Bus Station &amp; Law Office with 3899 Pieces"},"content":{"rendered":"<div>\u2705 MOC-103440 Old Town &#8211; Bus Station &amp; Law Office<\/p>\n<p>\u2705MOC-103440 is a custom brick design created by a brick enthusiast and shared online. It is not an official brick set or product.<\/p>\n<p>\ud83d\udeab QUAN TR\u1eccNG!<\/p>\n<p>Product Name: Old Town &#8211; Bus Station &amp; Law Office<\/p>\n<p>Danh m\u1ee5c: T\u00f2a nh\u00e0 m\u00f4-\u0111un<\/p>\n<p>This Kit Contains: MOC-103440<\/p>\n<p>3899 pcs Good Quality Bricks<\/p>\n<p>H\u01b0\u1edbng d\u1eabn PDF<\/p>\n<p>\ud83d\udcccB\u1ea3n ch\u1ea5t c\u1ee7a nh\u00e2n v\u1eadt ch\u00ednh<\/p>\n<p>Introducing our proud collection named \u201cOld Town &#8211; Bus Station &amp; Law Office\u201d you should not miss.<\/p>\n<p>The design is for a model of an old-fashioned bus station and law office, inspired by the architecture and style of historic buildings in small towns. The model features a two-story brick building with a bus stop out front, and includes details such as a ticket counter, waiting area, and law office with a fireplace and bookshelves. The model is designed to be built using bricks and other compatible pieces, and includes detailed instructions for assembly. It is intended for intermediate to advanced brick builders due to its complexity and level of detail.<\/p><\/div>","protected":false},"excerpt":{"rendered":"<p>Th\u01b0\u01a1ng hi\u1ec7u: Nh\u00e0 m\u00e1y M\u1ed8C<br \/>\nGi\u1edbi t\u00ednh: Unisex<br \/>\n\u0110\u1ed9 tu\u1ed5i: &gt; 6 tu\u1ed5i<br \/>\nModel Number: 103440<br \/>\nPh\u00e2n lo\u1ea1i: T\u1eadp h\u1ee3p<br \/>\nH\u00ecnh d\u1ea1ng kh\u1ed1i nh\u1ef1a: G\u1ea1ch t\u1ef1 kh\u00f3a<br \/>\nCh\u1ea5t li\u1ec7u: Nh\u1ef1a<br \/>\nLo\u1ea1i nh\u1ef1a: ABS<br \/>\nBricks Blocks: 3899 +<br \/>\nArrange Time; 4-8 weeks<\/p>","protected":false},"featured_media":44141,"comment_status":"open","ping_status":"closed","template":"","meta":{"_acf_changed":false},"product_cat":[1395,390],"product_tag":[4572,4883,392,10602,2309,2682],"class_list":["product","first","instock","shipping-taxable","purchasable","product-type-simple"],"acf":[],"_links":{"self":[{"href":"https:\/\/mouldking.store\/vi\/wp-json\/wp\/v2\/product\/44146","targetHints":{"allow":["GET"]}}],"collection":[{"href":"https:\/\/mouldking.store\/vi\/wp-json\/wp\/v2\/product"}],"about":[{"href":"https:\/\/mouldking.store\/vi\/wp-json\/wp\/v2\/types\/product"}],"replies":[{"embeddable":true,"href":"https:\/\/mouldking.store\/vi\/wp-json\/wp\/v2\/comments?post=44146"}],"wp:featuredmedia":[{"embeddable":true,"href":"https:\/\/mouldking.store\/vi\/wp-json\/wp\/v2\/media\/44141"}],"wp:attachment":[{"href":"https:\/\/mouldking.store\/vi\/wp-json\/wp\/v2\/media?parent=44146"}],"wp:term":[{"taxonomy":"product_cat","embeddable":true,"href":"https:\/\/mouldking.store\/vi\/wp-json\/wp\/v2\/product_cat?post=44146"},{"taxonomy":"product_tag","embeddable":true,"href":"https:\/\/mouldking.store\/vi\/wp-json\/wp\/v2\/product_tag?post=44146"}],"curies":[{"name":"wp","href":"https:\/\/api.w.org\/{rel}","templated":true}]}}