{"id":44191,"date":"2023-04-12T10:51:29","date_gmt":"2023-04-12T03:51:29","guid":{"rendered":"https:\/\/mouldking.store\/shop\/mork-20115-city-hotel-with-1464-pieces\/"},"modified":"2023-04-12T10:51:29","modified_gmt":"2023-04-12T03:51:29","slug":"mork-20115-city-hotel-with-1464-pieces","status":"publish","type":"product","link":"https:\/\/mouldking.store\/vi\/shop\/mork-20115-city-hotel-with-1464-pieces\/","title":{"rendered":"MORK 20115 Kh\u00e1ch S\u1ea1n Th\u00e0nh Ph\u1ed1 V\u1edbi 1464 M\u1ea3nh Gh\u00e9p"},"content":{"rendered":"<div>\u2705 Mork 20115 City Hotel<br \/>&nbsp;<br \/>\u2705The Mork 20115 Creator Expert City Hotel Block Module is a modular building block set that allows you to construct a detailed model of a hotel. The set is part of the Mork Creator Expert series, which features a variety of different building sets that allow you to construct small-scale models of different buildings and structures.<\/p>\n<p>\ud83d\udeab QUAN TR\u1eccNG!&nbsp;<br \/>&nbsp;<br \/>Product Name: City Hotel<br \/>&nbsp;<br \/>Danh m\u1ee5c: T\u00f2a nh\u00e0 m\u00f4-\u0111un<br \/>&nbsp;<br \/>This Kit Contains: Mork 20115<br \/>&nbsp;<br \/>1464 pcs Good Quality Bricks&nbsp;<br \/>&nbsp;<br \/>Size: 25.5 \u00d7 17.5 \u00d7 29 cm<br \/>&nbsp;<br \/>H\u01b0\u1edbng d\u1eabn th\u1ee7 c\u00f4ng&nbsp;<br \/>&nbsp;<br \/>\ud83d\udcccB\u1ea3n ch\u1ea5t c\u1ee7a nh\u00e2n v\u1eadt ch\u00ednh&nbsp;<br \/>&nbsp;<br \/>Introducing our proud collection named \u201cCity Hotel\u201d you should not miss.&nbsp;<br \/>&nbsp;<br \/>The set includes 1464\u00b1pcs bricks and other components that can be assembled to create the hotel model. The completed model features a detailed and realistic design, with a variety of different features and accessories that are typical of a modern-day hotel. The hotel model is modular, meaning that it can be combined with other modular building sets to create a larger and more complex cityscape. This allows you to create a unique and customizable city scene that can be arranged and rearranged as desired. The Mork 20115 Creator Expert City Hotel Block Module is designed to be challenging and engaging for builders of all ages, and may require some degree of skill and patience to complete. The completed model can be displayed on a shelf or used as a fun playset for miniature figures or toys. It is a popular choice among fans of building block toys and modular building sets.<\/div>","protected":false},"excerpt":{"rendered":"<p>Th\u01b0\u01a1ng hi\u1ec7u: MORK<br \/>\nGi\u1edbi t\u00ednh: Unisex<br \/>\n\u0110\u1ed9 tu\u1ed5i: &gt; 6 tu\u1ed5i<br \/>\nModel Number: 20115<br \/>\nPh\u00e2n lo\u1ea1i: T\u1eadp h\u1ee3p<br \/>\nH\u00ecnh d\u1ea1ng kh\u1ed1i nh\u1ef1a: G\u1ea1ch t\u1ef1 kh\u00f3a<br \/>\nCh\u1ea5t li\u1ec7u: Nh\u1ef1a<br \/>\nLo\u1ea1i nh\u1ef1a: ABS<br \/>\nBricks Blocks: 1464 +<br \/>\nWith Light<\/p>","protected":false},"featured_media":44185,"comment_status":"open","ping_status":"closed","template":"","meta":{"_acf_changed":false},"product_cat":[1365,1395,390],"product_tag":[4883,8452,10633,392],"class_list":["product","first","instock","shipping-taxable","purchasable","product-type-simple"],"acf":[],"_links":{"self":[{"href":"https:\/\/mouldking.store\/vi\/wp-json\/wp\/v2\/product\/44191","targetHints":{"allow":["GET"]}}],"collection":[{"href":"https:\/\/mouldking.store\/vi\/wp-json\/wp\/v2\/product"}],"about":[{"href":"https:\/\/mouldking.store\/vi\/wp-json\/wp\/v2\/types\/product"}],"replies":[{"embeddable":true,"href":"https:\/\/mouldking.store\/vi\/wp-json\/wp\/v2\/comments?post=44191"}],"wp:featuredmedia":[{"embeddable":true,"href":"https:\/\/mouldking.store\/vi\/wp-json\/wp\/v2\/media\/44185"}],"wp:attachment":[{"href":"https:\/\/mouldking.store\/vi\/wp-json\/wp\/v2\/media?parent=44191"}],"wp:term":[{"taxonomy":"product_cat","embeddable":true,"href":"https:\/\/mouldking.store\/vi\/wp-json\/wp\/v2\/product_cat?post=44191"},{"taxonomy":"product_tag","embeddable":true,"href":"https:\/\/mouldking.store\/vi\/wp-json\/wp\/v2\/product_tag?post=44191"}],"curies":[{"name":"wp","href":"https:\/\/api.w.org\/{rel}","templated":true}]}}